{"id":1009,"date":"2018-02-25T20:47:43","date_gmt":"2018-02-25T20:47:43","guid":{"rendered":"https:\/\/willems-schmidt.eu\/rechtsberatung\/stephen-holmes\/"},"modified":"2019-12-18T13:21:48","modified_gmt":"2019-12-18T13:21:48","slug":"stephen-holmes","status":"publish","type":"page","link":"https:\/\/willems-schmidt.eu\/de\/rechtsberatung\/stephen-holmes\/","title":{"rendered":"Stephen Holmes"},"content":{"rendered":"<p><img loading=\"lazy\" class=\"alignleft size-medium wp-image-1005\" src=\"http:\/\/willems.studioderoos.nl\/wp-content\/uploads\/2018\/02\/IMG_5273-chosen-300x300.jpg\" alt=\"\" width=\"300\" height=\"300\" srcset=\"https:\/\/willems-schmidt.eu\/wp-content\/uploads\/2018\/02\/IMG_5273-chosen-300x300.jpg 300w, https:\/\/willems-schmidt.eu\/wp-content\/uploads\/2018\/02\/IMG_5273-chosen-150x150.jpg 150w, https:\/\/willems-schmidt.eu\/wp-content\/uploads\/2018\/02\/IMG_5273-chosen-768x768.jpg 768w, https:\/\/willems-schmidt.eu\/wp-content\/uploads\/2018\/02\/IMG_5273-chosen-1024x1024.jpg 1024w, https:\/\/willems-schmidt.eu\/wp-content\/uploads\/2018\/02\/IMG_5273-chosen-100x100.jpg 100w, https:\/\/willems-schmidt.eu\/wp-content\/uploads\/2018\/02\/IMG_5273-chosen-1200x1200.jpg 1200w\" sizes=\"(max-width: 300px) 100vw, 300px\" \/><\/p>\n<p>Dr. Stephen D. Holmes hat 1977 sein Diplom als Bachelor of Commerce\u00a0&amp;\u00a0Business Administration und 1978 als Bachelor of Law (Juris Doctor) an der Universit\u00e4t von British Columbia in Kanada erworben. Er wurde in die Rechtsanwaltskammer zugelassen und 1979 zum Kompagnon bei Russel\u00a0&amp;\u00a0DuMoulin ernannt und hat anschlie\u00dfend 34 Jahre seine eigene Kanzlei gef\u00fchrt. Neben seiner Funktion als Counsel bei Willems\u00a0Advocaten, ist Herr Holmes auch Senior Counsel bei der tonangebenden kanadischen Anwaltskanzlei Borden Ladner Gervais LLP (BLG), wo er die Abteilungen Tax und Family Wealth\u00a0Counsel unterst\u00fctzt.<\/p>\n<p>Herr Holmes kann ferner auf eine umfangreiche Lehrt\u00e4tigkeit und viele Ver\u00f6ffentlichungen in Europa, Asien und Nordamerika \u00fcber Steuerrecht, Erbschaftsplanung, Immigration und Unternehmensf\u00fchrung verweisen. \u00a0Er wurde 2014 in Kanada zum \u201aOffshore Trust Lawyer of the Year\u2018 und \u201aCross-Border Estate Planning Lawyer of the Year\u2018 ausgerufen und wurde 2011 wegen seiner Fachkunde auf dem Gebiet der Steuerplanung in die Liste der 50 besten Rechtsanw\u00e4lte in Kanada aufgenommen.<\/p>\n<p>Neben seiner Arbeit als Rechtsberater ist Herr Holmes auch Honorarkonsul von Malta f\u00fcr die kanadischen Provinzen British Columbia und Alberta und die kanadischen Territorien Yukon und Northwest Territories.<\/p>\n<p>Bei Willems Advocaten arbeitet Herr Holmes als Berater auf dem Gebiet des internationalen Handels und der grenz\u00fcberschreitenden Erbschaftsplanung, wobei er Mandanten \u00fcber internationales und kanadisches Recht und \u00fcber Betriebsstrategien ber\u00e4t.<\/p>\n<p><span style=\"border-top-left-radius: 2px; border-top-right-radius: 2px; border-bottom-right-radius: 2px; border-bottom-left-radius: 2px; text-indent: 20px; width: auto; padding: 0px 4px 0px 0px; text-align: center; font-style: normal; font-variant-caps: normal; font-weight: bold; font-stretch: normal; font-size: 11px; line-height: 20px; font-family: 'Helvetica Neue', Helvetica, sans-serif; color: #ffffff; background-image: url(data:image\/svg+xml; base64,phn2zyb4bwxucz0iahr0cdovl3d3dy53my5vcmcvmjawmc9zdmciighlawdodd0imzbwecigd2lkdgg9ijmwchgiihzpzxdcb3g9ii0xic0xidmxidmxij48zz48cgf0acbkpsjnmjkundq5lde0ljy2mibdmjkundq5ldiyljcymiaymi44njgsmjkumju2ide0ljc1ldi5lji1nibdni42mzismjkumju2idaumduxldiyljcymiawlja1mswxnc42njigqzaumduxldyunjaxidyunjmyldaumdy3ide0ljc1ldaumdy3iemymi44njgsmc4wnjcgmjkundq5ldyunjaxidi5ljq0oswxnc42njiiigzpbgw9iinmzmyiihn0cm9rzt0ii2zmziigc3ryb2tllxdpzhropsixij48l3bhdgg+phbhdgggzd0itte0ljczmywxljy4nibdny41mtysms42odygms42njusny40otugms42njusmtqunjyyiemxljy2nswymc4xntkgns4xmdksmjquodu0idkuotcsmjyunzq0iem5ljg1niwyns43mtggos43ntmsmjqumtqzidewljaxniwymy4wmjigqzewlji1mywymi4wmsaxms41ndgsmtyuntcyidexlju0ocwxni41nzigqzexlju0ocwxni41nzigmteumtu3lde1ljc5nsaxms4xntcsmtqunjq2iemxms4xntcsmtiuodqyideyljixmswxms40otugmtmuntiyldexljq5nsbdmtqunjm3ldexljq5nsaxns4xnzusmtiumzi2ide1lje3nswxmy4zmjmgqze1lje3nswxnc40mzygmtqundyylde2ljegmtqumdkzlde3ljy0mybdmtmunzg1lde4ljkznsaxnc43ndusmtkuotg4ide2ljayocwxos45odggqze4ljm1mswxos45odggmjaumtm2lde3lju1niaymc4xmzysmtqumdq2iemymc4xmzysmtauotm5ide3ljg4ocw4ljc2nyaxnc42nzgsoc43njcgqzewljk1osw4ljc2nya4ljc3nywxms41mzygoc43nzcsmtqumzk4iem4ljc3nywxns41mtmgos4ymswxni43mdkgos43ndksmtcumzu5iem5ljg1niwxny40odggos44nzismtcunia5ljg0lde3ljczmsbdos43ndesmtgumtqxidkuntismtkumdizidkundc3lde5ljiwmybdos40miwxos40nca5lji4ocwxos40otegos4wncwxos4znzygqzcunda4lde4ljyymia2ljm4nywxni4yntigni4zodcsmtqumzq5iem2ljm4nywxmc4yntygos4zodmsni40otcgmtuumdiyldyundk3iemxos41ntusni40otcgmjmumdc4ldkunza1idizlja3ocwxmy45otegqzizlja3ocwxoc40njmgmjaumjm5ldiylja2miaxni4yotcsmjiumdyyiemxnc45nzmsmjiumdyyidezljcyocwyms4znzkgmtmumzayldiwlju3mibdmtmumzayldiwlju3miaxmi42ndcsmjmumdugmtiundg4ldizljy1nybdmtiumtkzldi0ljc4ncaxms4zotysmjyumtk2idewljg2mywyny4wntggqzeylja4niwyny40mzqgmtmumzg2ldi3ljyznyaxnc43mzmsmjcunjm3iemyms45nswyny42mzcgmjcuodaxldixljgyocayny44mdesmtqunjyyiemyny44mdesny40otugmjeuotusms42odygmtqunzmzldeunjg2iibmawxspsijymqwodfjij48l3bhdgg+pc9npjwvc3znpg==); background-size: 14px 14px; background-color: #bd081c; position: absolute; opacity: 1; z-index: 8675309; display: none; cursor: pointer; border: none; -webkit-font-smoothing: antialiased; background-position: 3px 50%; background-repeat: no-repeat no-repeat;\">Bewaren<\/span><span style=\"border-top-left-radius: 2px; border-top-right-radius: 2px; border-bottom-right-radius: 2px; border-bottom-left-radius: 2px; text-indent: 20px; width: auto; padding: 0px 4px 0px 0px; text-align: center; font-style: normal; font-variant-caps: normal; font-weight: bold; font-stretch: normal; font-size: 11px; line-height: 20px; font-family: 'Helvetica Neue', Helvetica, sans-serif; color: #ffffff; background-image: url(data:image\/svg+xml; base64,phn2zyb4bwxucz0iahr0cdovl3d3dy53my5vcmcvmjawmc9zdmciighlawdodd0imzbwecigd2lkdgg9ijmwchgiihzpzxdcb3g9ii0xic0xidmxidmxij48zz48cgf0acbkpsjnmjkundq5lde0ljy2mibdmjkundq5ldiyljcymiaymi44njgsmjkumju2ide0ljc1ldi5lji1nibdni42mzismjkumju2idaumduxldiyljcymiawlja1mswxnc42njigqzaumduxldyunjaxidyunjmyldaumdy3ide0ljc1ldaumdy3iemymi44njgsmc4wnjcgmjkundq5ldyunjaxidi5ljq0oswxnc42njiiigzpbgw9iinmzmyiihn0cm9rzt0ii2zmziigc3ryb2tllxdpzhropsixij48l3bhdgg+phbhdgggzd0itte0ljczmywxljy4nibdny41mtysms42odygms42njusny40otugms42njusmtqunjyyiemxljy2nswymc4xntkgns4xmdksmjquodu0idkuotcsmjyunzq0iem5ljg1niwyns43mtggos43ntmsmjqumtqzidewljaxniwymy4wmjigqzewlji1mywymi4wmsaxms41ndgsmtyuntcyidexlju0ocwxni41nzigqzexlju0ocwxni41nzigmteumtu3lde1ljc5nsaxms4xntcsmtqunjq2iemxms4xntcsmtiuodqyideyljixmswxms40otugmtmuntiyldexljq5nsbdmtqunjm3ldexljq5nsaxns4xnzusmtiumzi2ide1lje3nswxmy4zmjmgqze1lje3nswxnc40mzygmtqundyylde2ljegmtqumdkzlde3ljy0mybdmtmunzg1lde4ljkznsaxnc43ndusmtkuotg4ide2ljayocwxos45odggqze4ljm1mswxos45odggmjaumtm2lde3lju1niaymc4xmzysmtqumdq2iemymc4xmzysmtauotm5ide3ljg4ocw4ljc2nyaxnc42nzgsoc43njcgqzewljk1osw4ljc2nya4ljc3nywxms41mzygoc43nzcsmtqumzk4iem4ljc3nywxns41mtmgos4ymswxni43mdkgos43ndksmtcumzu5iem5ljg1niwxny40odggos44nzismtcunia5ljg0lde3ljczmsbdos43ndesmtgumtqxidkuntismtkumdizidkundc3lde5ljiwmybdos40miwxos40nca5lji4ocwxos40otegos4wncwxos4znzygqzcunda4lde4ljyymia2ljm4nywxni4yntigni4zodcsmtqumzq5iem2ljm4nywxmc4yntygos4zodmsni40otcgmtuumdiyldyundk3iemxos41ntusni40otcgmjmumdc4ldkunza1idizlja3ocwxmy45otegqzizlja3ocwxoc40njmgmjaumjm5ldiylja2miaxni4yotcsmjiumdyyiemxnc45nzmsmjiumdyyidezljcyocwyms4znzkgmtmumzayldiwlju3mibdmtmumzayldiwlju3miaxmi42ndcsmjmumdugmtiundg4ldizljy1nybdmtiumtkzldi0ljc4ncaxms4zotysmjyumtk2idewljg2mywyny4wntggqzeylja4niwyny40mzqgmtmumzg2ldi3ljyznyaxnc43mzmsmjcunjm3iemyms45nswyny42mzcgmjcuodaxldixljgyocayny44mdesmtqunjyyiemyny44mdesny40otugmjeuotusms42odygmtqunzmzldeunjg2iibmawxspsijymqwodfjij48l3bhdgg+pc9npjwvc3znpg==); background-size: 14px 14px; background-color: #bd081c; position: absolute; opacity: 1; z-index: 8675309; display: none; cursor: pointer; border: none; -webkit-font-smoothing: antialiased; background-position: 3px 50%; background-repeat: no-repeat no-repeat;\">Bewaren<\/span><\/p>\n","protected":false},"excerpt":{"rendered":"<p>Dr. Stephen D. Holmes hat 1977 sein Diplom als Bachelor of Commerce\u00a0&amp;\u00a0Business Administration und 1978 als Bachelor of Law (Juris Doctor) an der Universit\u00e4t von British Columbia in Kanada erworben. Er wurde in die Rechtsanwaltskammer zugelassen und 1979 zum Kompagnon bei Russel\u00a0&amp;\u00a0DuMoulin ernannt und hat anschlie\u00dfend 34 Jahre seine eigene Kanzlei gef\u00fchrt. Neben seiner Funktion als Counsel bei Willems\u00a0Advocaten, ist &#8230; <\/p>\n<div><a href=\"https:\/\/willems-schmidt.eu\/de\/rechtsberatung\/stephen-holmes\/\" class=\"more-link\">Read More<\/a><\/div>\n","protected":false},"author":1,"featured_media":0,"parent":715,"menu_order":0,"comment_status":"closed","ping_status":"closed","template":"","meta":{"ub_ctt_via":""},"featured_image_src":null,"yoast_head":"<!-- This site is optimized with the Yoast SEO plugin v17.0 - https:\/\/yoast.com\/wordpress\/plugins\/seo\/ -->\n<title>Stephen Holmes - Willems Advocaten &amp; Rechtsanw\u00e4lte<\/title>\n<meta name=\"description\" content=\"Dr. Stephen D. Holmes schloss sein Studium 1977 als Bachelor of Commerce &amp; Business Administration und 1978 als Bachelor of Law (Juris Doctor) an der University of British Columbia in Kanada ab. Er wurde als Rechtsanwalt zugelassen und 1979 zu einem Partner bei Russel &amp; DuMoulin ernannt. Anschlie\u00dfend leitete er 34 Jahre lang sein eigenes B\u00fcro. Neben seiner T\u00e4tigkeit als Counsel bei Willems Advocaten ist Stephen Senior Counsel bei der f\u00fchrenden kanadischen Anwaltskanzlei Borden Ladner Gervais LLP (BLG), wo er die Abteilungen Tax and Family Wealth Counsel unterst\u00fctzt Nordamerika in Bezug auf Steuerrecht, Nachlassplanung, Einwanderung und Unternehmensf\u00fchrung. Er wurde 2014 in Kanada zum \u201eOffshore Trust Lawyer of the Year\u201c und zum \u201eCross-Border Estate Planning Lawyer of the Year\u201c gek\u00fcrt und wurde 2011 aufgrund seiner Fachkenntnisse in die Liste der 50 besten Anw\u00e4lte Kanadas aufgenommen Neben seiner T\u00e4tigkeit als Rechtsberater ist Herr Holmes Honorarkonsul von Malta f\u00fcr die kanadischen Provinzen British Columbia und Alberta sowie f\u00fcr die kanadischen Gebiete Yukon und Northwest Territories und bei Willems Advocaten als internationaler Handels- und grenz\u00fcberschreitender Berater t\u00e4tig Erbschaftsplanung, Beratung zu internationalen und kanadischen Gesetzen und Gesch\u00e4ftsstrategien.\" \/>\n<meta name=\"robots\" content=\"index, follow, max-snippet:-1, max-image-preview:large, max-video-preview:-1\" \/>\n<link rel=\"canonical\" href=\"https:\/\/willems-schmidt.eu\/de\/rechtsberatung\/stephen-holmes\/\" \/>\n<meta property=\"og:locale\" content=\"de_DE\" \/>\n<meta property=\"og:type\" content=\"article\" \/>\n<meta property=\"og:title\" content=\"Stephen Holmes - Willems Advocaten &amp; Rechtsanw\u00e4lte\" \/>\n<meta property=\"og:description\" content=\"Dr. Stephen D. Holmes schloss sein Studium 1977 als Bachelor of Commerce &amp; Business Administration und 1978 als Bachelor of Law (Juris Doctor) an der University of British Columbia in Kanada ab. Er wurde als Rechtsanwalt zugelassen und 1979 zu einem Partner bei Russel &amp; DuMoulin ernannt. Anschlie\u00dfend leitete er 34 Jahre lang sein eigenes B\u00fcro. Neben seiner T\u00e4tigkeit als Counsel bei Willems Advocaten ist Stephen Senior Counsel bei der f\u00fchrenden kanadischen Anwaltskanzlei Borden Ladner Gervais LLP (BLG), wo er die Abteilungen Tax and Family Wealth Counsel unterst\u00fctzt Nordamerika in Bezug auf Steuerrecht, Nachlassplanung, Einwanderung und Unternehmensf\u00fchrung. Er wurde 2014 in Kanada zum \u201eOffshore Trust Lawyer of the Year\u201c und zum \u201eCross-Border Estate Planning Lawyer of the Year\u201c gek\u00fcrt und wurde 2011 aufgrund seiner Fachkenntnisse in die Liste der 50 besten Anw\u00e4lte Kanadas aufgenommen Neben seiner T\u00e4tigkeit als Rechtsberater ist Herr Holmes Honorarkonsul von Malta f\u00fcr die kanadischen Provinzen British Columbia und Alberta sowie f\u00fcr die kanadischen Gebiete Yukon und Northwest Territories und bei Willems Advocaten als internationaler Handels- und grenz\u00fcberschreitender Berater t\u00e4tig Erbschaftsplanung, Beratung zu internationalen und kanadischen Gesetzen und Gesch\u00e4ftsstrategien.\" \/>\n<meta property=\"og:url\" content=\"https:\/\/willems-schmidt.eu\/de\/rechtsberatung\/stephen-holmes\/\" \/>\n<meta property=\"og:site_name\" content=\"Willems Advocaten &amp; Rechtsanw\u00e4lte\" \/>\n<meta property=\"article:publisher\" content=\"https:\/\/www.facebook.com\/willemsadvocaten\/\" \/>\n<meta property=\"article:modified_time\" content=\"2019-12-18T13:21:48+00:00\" \/>\n<meta property=\"og:image\" content=\"http:\/\/willems.studioderoos.nl\/wp-content\/uploads\/2018\/02\/IMG_5273-chosen-300x300.jpg\" \/>\n<meta name=\"twitter:card\" content=\"summary_large_image\" \/>\n<meta name=\"twitter:site\" content=\"@WillemsEU\" \/>\n<meta name=\"twitter:label1\" content=\"Gesch\u00e4tzte Lesezeit\" \/>\n\t<meta name=\"twitter:data1\" content=\"1\u00a0Minute\" \/>\n<script type=\"application\/ld+json\" class=\"yoast-schema-graph\">{\"@context\":\"https:\/\/schema.org\",\"@graph\":[{\"@type\":\"Organization\",\"@id\":\"https:\/\/willems-schmidt.eu\/#organization\",\"name\":\"Willems Advocaten & Rechtsanw\\u00e4lte\",\"url\":\"https:\/\/willems-schmidt.eu\/\",\"sameAs\":[\"https:\/\/www.facebook.com\/willemsadvocaten\/\",\"https:\/\/www.linkedin.com\/company\/294010\/\",\"https:\/\/twitter.com\/WillemsEU\"],\"logo\":{\"@type\":\"ImageObject\",\"@id\":\"https:\/\/willems-schmidt.eu\/#logo\",\"inLanguage\":\"de\",\"url\":\"https:\/\/willems-schmidt.eu\/wp-content\/uploads\/2017\/09\/Tekengebied-1@0.5x.png\",\"contentUrl\":\"https:\/\/willems-schmidt.eu\/wp-content\/uploads\/2017\/09\/Tekengebied-1@0.5x.png\",\"width\":960,\"height\":960,\"caption\":\"Willems Advocaten & Rechtsanw\\u00e4lte\"},\"image\":{\"@id\":\"https:\/\/willems-schmidt.eu\/#logo\"}},{\"@type\":\"WebSite\",\"@id\":\"https:\/\/willems-schmidt.eu\/#website\",\"url\":\"https:\/\/willems-schmidt.eu\/\",\"name\":\"Willems Advocaten &amp; Rechtsanw\\u00e4lte\",\"description\":\"Willems Advocaten &amp; Rechtsanw\\u00e4lte\",\"publisher\":{\"@id\":\"https:\/\/willems-schmidt.eu\/#organization\"},\"potentialAction\":[{\"@type\":\"SearchAction\",\"target\":{\"@type\":\"EntryPoint\",\"urlTemplate\":\"https:\/\/willems-schmidt.eu\/?s={search_term_string}\"},\"query-input\":\"required name=search_term_string\"}],\"inLanguage\":\"de\"},{\"@type\":\"ImageObject\",\"@id\":\"https:\/\/willems-schmidt.eu\/de\/rechtsberatung\/stephen-holmes\/#primaryimage\",\"inLanguage\":\"de\",\"url\":\"http:\/\/willems.studioderoos.nl\/wp-content\/uploads\/2018\/02\/IMG_5273-chosen-300x300.jpg\",\"contentUrl\":\"http:\/\/willems.studioderoos.nl\/wp-content\/uploads\/2018\/02\/IMG_5273-chosen-300x300.jpg\"},{\"@type\":\"WebPage\",\"@id\":\"https:\/\/willems-schmidt.eu\/de\/rechtsberatung\/stephen-holmes\/#webpage\",\"url\":\"https:\/\/willems-schmidt.eu\/de\/rechtsberatung\/stephen-holmes\/\",\"name\":\"Stephen Holmes - Willems Advocaten &amp; Rechtsanw\\u00e4lte\",\"isPartOf\":{\"@id\":\"https:\/\/willems-schmidt.eu\/#website\"},\"primaryImageOfPage\":{\"@id\":\"https:\/\/willems-schmidt.eu\/de\/rechtsberatung\/stephen-holmes\/#primaryimage\"},\"datePublished\":\"2018-02-25T20:47:43+00:00\",\"dateModified\":\"2019-12-18T13:21:48+00:00\",\"description\":\"Dr. Stephen D. Holmes schloss sein Studium 1977 als Bachelor of Commerce & Business Administration und 1978 als Bachelor of Law (Juris Doctor) an der University of British Columbia in Kanada ab. Er wurde als Rechtsanwalt zugelassen und 1979 zu einem Partner bei Russel & DuMoulin ernannt. Anschlie\\u00dfend leitete er 34 Jahre lang sein eigenes B\\u00fcro. Neben seiner T\\u00e4tigkeit als Counsel bei Willems Advocaten ist Stephen Senior Counsel bei der f\\u00fchrenden kanadischen Anwaltskanzlei Borden Ladner Gervais LLP (BLG), wo er die Abteilungen Tax and Family Wealth Counsel unterst\\u00fctzt Nordamerika in Bezug auf Steuerrecht, Nachlassplanung, Einwanderung und Unternehmensf\\u00fchrung. Er wurde 2014 in Kanada zum \\u201eOffshore Trust Lawyer of the Year\\u201c und zum \\u201eCross-Border Estate Planning Lawyer of the Year\\u201c gek\\u00fcrt und wurde 2011 aufgrund seiner Fachkenntnisse in die Liste der 50 besten Anw\\u00e4lte Kanadas aufgenommen Neben seiner T\\u00e4tigkeit als Rechtsberater ist Herr Holmes Honorarkonsul von Malta f\\u00fcr die kanadischen Provinzen British Columbia und Alberta sowie f\\u00fcr die kanadischen Gebiete Yukon und Northwest Territories und bei Willems Advocaten als internationaler Handels- und grenz\\u00fcberschreitender Berater t\\u00e4tig Erbschaftsplanung, Beratung zu internationalen und kanadischen Gesetzen und Gesch\\u00e4ftsstrategien.\",\"breadcrumb\":{\"@id\":\"https:\/\/willems-schmidt.eu\/de\/rechtsberatung\/stephen-holmes\/#breadcrumb\"},\"inLanguage\":\"de\",\"potentialAction\":[{\"@type\":\"ReadAction\",\"target\":[\"https:\/\/willems-schmidt.eu\/de\/rechtsberatung\/stephen-holmes\/\"]}]},{\"@type\":\"BreadcrumbList\",\"@id\":\"https:\/\/willems-schmidt.eu\/de\/rechtsberatung\/stephen-holmes\/#breadcrumb\",\"itemListElement\":[{\"@type\":\"ListItem\",\"position\":1,\"name\":\"Home\",\"item\":\"https:\/\/willems-schmidt.eu\/de\/home\/\"},{\"@type\":\"ListItem\",\"position\":2,\"name\":\"Menschen\",\"item\":\"https:\/\/willems-schmidt.eu\/de\/rechtsberatung\/\"},{\"@type\":\"ListItem\",\"position\":3,\"name\":\"Stephen Holmes\"}]}]}<\/script>\n<!-- \/ Yoast SEO plugin. -->","yoast_head_json":{"title":"Stephen Holmes - Willems Advocaten &amp; Rechtsanw\u00e4lte","description":"Dr. Stephen D. Holmes schloss sein Studium 1977 als Bachelor of Commerce & Business Administration und 1978 als Bachelor of Law (Juris Doctor) an der University of British Columbia in Kanada ab. Er wurde als Rechtsanwalt zugelassen und 1979 zu einem Partner bei Russel & DuMoulin ernannt. Anschlie\u00dfend leitete er 34 Jahre lang sein eigenes B\u00fcro. Neben seiner T\u00e4tigkeit als Counsel bei Willems Advocaten ist Stephen Senior Counsel bei der f\u00fchrenden kanadischen Anwaltskanzlei Borden Ladner Gervais LLP (BLG), wo er die Abteilungen Tax and Family Wealth Counsel unterst\u00fctzt Nordamerika in Bezug auf Steuerrecht, Nachlassplanung, Einwanderung und Unternehmensf\u00fchrung. Er wurde 2014 in Kanada zum \u201eOffshore Trust Lawyer of the Year\u201c und zum \u201eCross-Border Estate Planning Lawyer of the Year\u201c gek\u00fcrt und wurde 2011 aufgrund seiner Fachkenntnisse in die Liste der 50 besten Anw\u00e4lte Kanadas aufgenommen Neben seiner T\u00e4tigkeit als Rechtsberater ist Herr Holmes Honorarkonsul von Malta f\u00fcr die kanadischen Provinzen British Columbia und Alberta sowie f\u00fcr die kanadischen Gebiete Yukon und Northwest Territories und bei Willems Advocaten als internationaler Handels- und grenz\u00fcberschreitender Berater t\u00e4tig Erbschaftsplanung, Beratung zu internationalen und kanadischen Gesetzen und Gesch\u00e4ftsstrategien.","robots":{"index":"index","follow":"follow","max-snippet":"max-snippet:-1","max-image-preview":"max-image-preview:large","max-video-preview":"max-video-preview:-1"},"canonical":"https:\/\/willems-schmidt.eu\/de\/rechtsberatung\/stephen-holmes\/","og_locale":"de_DE","og_type":"article","og_title":"Stephen Holmes - Willems Advocaten &amp; Rechtsanw\u00e4lte","og_description":"Dr. Stephen D. Holmes schloss sein Studium 1977 als Bachelor of Commerce & Business Administration und 1978 als Bachelor of Law (Juris Doctor) an der University of British Columbia in Kanada ab. Er wurde als Rechtsanwalt zugelassen und 1979 zu einem Partner bei Russel & DuMoulin ernannt. Anschlie\u00dfend leitete er 34 Jahre lang sein eigenes B\u00fcro. Neben seiner T\u00e4tigkeit als Counsel bei Willems Advocaten ist Stephen Senior Counsel bei der f\u00fchrenden kanadischen Anwaltskanzlei Borden Ladner Gervais LLP (BLG), wo er die Abteilungen Tax and Family Wealth Counsel unterst\u00fctzt Nordamerika in Bezug auf Steuerrecht, Nachlassplanung, Einwanderung und Unternehmensf\u00fchrung. Er wurde 2014 in Kanada zum \u201eOffshore Trust Lawyer of the Year\u201c und zum \u201eCross-Border Estate Planning Lawyer of the Year\u201c gek\u00fcrt und wurde 2011 aufgrund seiner Fachkenntnisse in die Liste der 50 besten Anw\u00e4lte Kanadas aufgenommen Neben seiner T\u00e4tigkeit als Rechtsberater ist Herr Holmes Honorarkonsul von Malta f\u00fcr die kanadischen Provinzen British Columbia und Alberta sowie f\u00fcr die kanadischen Gebiete Yukon und Northwest Territories und bei Willems Advocaten als internationaler Handels- und grenz\u00fcberschreitender Berater t\u00e4tig Erbschaftsplanung, Beratung zu internationalen und kanadischen Gesetzen und Gesch\u00e4ftsstrategien.","og_url":"https:\/\/willems-schmidt.eu\/de\/rechtsberatung\/stephen-holmes\/","og_site_name":"Willems Advocaten &amp; Rechtsanw\u00e4lte","article_publisher":"https:\/\/www.facebook.com\/willemsadvocaten\/","article_modified_time":"2019-12-18T13:21:48+00:00","og_image":[{"url":"http:\/\/willems.studioderoos.nl\/wp-content\/uploads\/2018\/02\/IMG_5273-chosen-300x300.jpg"}],"twitter_card":"summary_large_image","twitter_site":"@WillemsEU","twitter_misc":{"Gesch\u00e4tzte Lesezeit":"1\u00a0Minute"},"schema":{"@context":"https:\/\/schema.org","@graph":[{"@type":"Organization","@id":"https:\/\/willems-schmidt.eu\/#organization","name":"Willems Advocaten & Rechtsanw\u00e4lte","url":"https:\/\/willems-schmidt.eu\/","sameAs":["https:\/\/www.facebook.com\/willemsadvocaten\/","https:\/\/www.linkedin.com\/company\/294010\/","https:\/\/twitter.com\/WillemsEU"],"logo":{"@type":"ImageObject","@id":"https:\/\/willems-schmidt.eu\/#logo","inLanguage":"de","url":"https:\/\/willems-schmidt.eu\/wp-content\/uploads\/2017\/09\/Tekengebied-1@0.5x.png","contentUrl":"https:\/\/willems-schmidt.eu\/wp-content\/uploads\/2017\/09\/Tekengebied-1@0.5x.png","width":960,"height":960,"caption":"Willems Advocaten & Rechtsanw\u00e4lte"},"image":{"@id":"https:\/\/willems-schmidt.eu\/#logo"}},{"@type":"WebSite","@id":"https:\/\/willems-schmidt.eu\/#website","url":"https:\/\/willems-schmidt.eu\/","name":"Willems Advocaten &amp; Rechtsanw\u00e4lte","description":"Willems Advocaten &amp; Rechtsanw\u00e4lte","publisher":{"@id":"https:\/\/willems-schmidt.eu\/#organization"},"potentialAction":[{"@type":"SearchAction","target":{"@type":"EntryPoint","urlTemplate":"https:\/\/willems-schmidt.eu\/?s={search_term_string}"},"query-input":"required name=search_term_string"}],"inLanguage":"de"},{"@type":"ImageObject","@id":"https:\/\/willems-schmidt.eu\/de\/rechtsberatung\/stephen-holmes\/#primaryimage","inLanguage":"de","url":"http:\/\/willems.studioderoos.nl\/wp-content\/uploads\/2018\/02\/IMG_5273-chosen-300x300.jpg","contentUrl":"http:\/\/willems.studioderoos.nl\/wp-content\/uploads\/2018\/02\/IMG_5273-chosen-300x300.jpg"},{"@type":"WebPage","@id":"https:\/\/willems-schmidt.eu\/de\/rechtsberatung\/stephen-holmes\/#webpage","url":"https:\/\/willems-schmidt.eu\/de\/rechtsberatung\/stephen-holmes\/","name":"Stephen Holmes - Willems Advocaten &amp; Rechtsanw\u00e4lte","isPartOf":{"@id":"https:\/\/willems-schmidt.eu\/#website"},"primaryImageOfPage":{"@id":"https:\/\/willems-schmidt.eu\/de\/rechtsberatung\/stephen-holmes\/#primaryimage"},"datePublished":"2018-02-25T20:47:43+00:00","dateModified":"2019-12-18T13:21:48+00:00","description":"Dr. Stephen D. Holmes schloss sein Studium 1977 als Bachelor of Commerce & Business Administration und 1978 als Bachelor of Law (Juris Doctor) an der University of British Columbia in Kanada ab. Er wurde als Rechtsanwalt zugelassen und 1979 zu einem Partner bei Russel & DuMoulin ernannt. Anschlie\u00dfend leitete er 34 Jahre lang sein eigenes B\u00fcro. Neben seiner T\u00e4tigkeit als Counsel bei Willems Advocaten ist Stephen Senior Counsel bei der f\u00fchrenden kanadischen Anwaltskanzlei Borden Ladner Gervais LLP (BLG), wo er die Abteilungen Tax and Family Wealth Counsel unterst\u00fctzt Nordamerika in Bezug auf Steuerrecht, Nachlassplanung, Einwanderung und Unternehmensf\u00fchrung. Er wurde 2014 in Kanada zum \u201eOffshore Trust Lawyer of the Year\u201c und zum \u201eCross-Border Estate Planning Lawyer of the Year\u201c gek\u00fcrt und wurde 2011 aufgrund seiner Fachkenntnisse in die Liste der 50 besten Anw\u00e4lte Kanadas aufgenommen Neben seiner T\u00e4tigkeit als Rechtsberater ist Herr Holmes Honorarkonsul von Malta f\u00fcr die kanadischen Provinzen British Columbia und Alberta sowie f\u00fcr die kanadischen Gebiete Yukon und Northwest Territories und bei Willems Advocaten als internationaler Handels- und grenz\u00fcberschreitender Berater t\u00e4tig Erbschaftsplanung, Beratung zu internationalen und kanadischen Gesetzen und Gesch\u00e4ftsstrategien.","breadcrumb":{"@id":"https:\/\/willems-schmidt.eu\/de\/rechtsberatung\/stephen-holmes\/#breadcrumb"},"inLanguage":"de","potentialAction":[{"@type":"ReadAction","target":["https:\/\/willems-schmidt.eu\/de\/rechtsberatung\/stephen-holmes\/"]}]},{"@type":"BreadcrumbList","@id":"https:\/\/willems-schmidt.eu\/de\/rechtsberatung\/stephen-holmes\/#breadcrumb","itemListElement":[{"@type":"ListItem","position":1,"name":"Home","item":"https:\/\/willems-schmidt.eu\/de\/home\/"},{"@type":"ListItem","position":2,"name":"Menschen","item":"https:\/\/willems-schmidt.eu\/de\/rechtsberatung\/"},{"@type":"ListItem","position":3,"name":"Stephen Holmes"}]}]}},"_links":{"self":[{"href":"https:\/\/willems-schmidt.eu\/de\/wp-json\/wp\/v2\/pages\/1009"}],"collection":[{"href":"https:\/\/willems-schmidt.eu\/de\/wp-json\/wp\/v2\/pages"}],"about":[{"href":"https:\/\/willems-schmidt.eu\/de\/wp-json\/wp\/v2\/types\/page"}],"author":[{"embeddable":true,"href":"https:\/\/willems-schmidt.eu\/de\/wp-json\/wp\/v2\/users\/1"}],"replies":[{"embeddable":true,"href":"https:\/\/willems-schmidt.eu\/de\/wp-json\/wp\/v2\/comments?post=1009"}],"version-history":[{"count":3,"href":"https:\/\/willems-schmidt.eu\/de\/wp-json\/wp\/v2\/pages\/1009\/revisions"}],"predecessor-version":[{"id":1647,"href":"https:\/\/willems-schmidt.eu\/de\/wp-json\/wp\/v2\/pages\/1009\/revisions\/1647"}],"up":[{"embeddable":true,"href":"https:\/\/willems-schmidt.eu\/de\/wp-json\/wp\/v2\/pages\/715"}],"wp:attachment":[{"href":"https:\/\/willems-schmidt.eu\/de\/wp-json\/wp\/v2\/media?parent=1009"}],"curies":[{"name":"wp","href":"https:\/\/api.w.org\/{rel}","templated":true}]}}