{"id":1876,"date":"2019-12-10T11:28:29","date_gmt":"2019-12-10T11:28:29","guid":{"rendered":"https:\/\/willems-schmidt.eu\/rechtsberatung\/katherine-nennstiel\/"},"modified":"2022-01-25T11:16:42","modified_gmt":"2022-01-25T11:16:42","slug":"katherine-nennstiel","status":"publish","type":"page","link":"https:\/\/willems-schmidt.eu\/de\/rechtsberatung\/katherine-nennstiel\/","title":{"rendered":"Katherine Nennstiel"},"content":{"rendered":"<p><strong><a href=\"https:\/\/willems-schmidt.eu\/wp-content\/uploads\/2019\/10\/Foto-Willems.jpg\"><img loading=\"lazy\" class=\"wp-image-1837 alignleft\" src=\"https:\/\/willems-schmidt.eu\/wp-content\/uploads\/2019\/10\/Foto-Willems.jpg\" alt=\"\" width=\"222\" height=\"296\" srcset=\"https:\/\/willems-schmidt.eu\/wp-content\/uploads\/2019\/10\/Foto-Willems.jpg 1536w, https:\/\/willems-schmidt.eu\/wp-content\/uploads\/2019\/10\/Foto-Willems-225x300.jpg 225w, https:\/\/willems-schmidt.eu\/wp-content\/uploads\/2019\/10\/Foto-Willems-768x1024.jpg 768w, https:\/\/willems-schmidt.eu\/wp-content\/uploads\/2019\/10\/Foto-Willems-100x133.jpg 100w, https:\/\/willems-schmidt.eu\/wp-content\/uploads\/2019\/10\/Foto-Willems-1200x1600.jpg 1200w\" sizes=\"(max-width: 222px) 100vw, 222px\" \/><\/a>Telefon:<\/strong><br \/>\n<a href=\"tel: +31 (0)20 833 0 833\">+31 (0)20 833 0 833<\/a><\/p>\n<p><strong>Fax:<br \/>\n<\/strong>+31 (0)20 833 0 834<\/p>\n<p><strong>E-mail:<br \/>\n<\/strong><a href=\"mailto:katherine.nennstiel@willems.eu\">katherine.nennstiel@willems.eu<\/a><\/p>\n<p>Zugelassene Rechtsanw\u00e4ltin seit 1997 in Deutschland und seit 2011 Avocat \u00e0 la Cour. Studierte Rechtswissenschaft in Berlin, spezialisierte sich durch einen Masterabschluss im Internationalen Privatrecht in Lausanne und Chamb\u00e9ry und einen Master of Law im Unternehmenssteuerrecht in K\u00f6ln. Sie ist Ihre Ansprechpartnerin f\u00fcr alle grenz\u00fcberschreitenden Angelegenheiten im Steuerrecht und internationalem Estate Planning.<\/p>\n","protected":false},"excerpt":{"rendered":"<p>Telefon: +31 (0)20 833 0 833 Fax: +31 (0)20 833 0 834 E-mail: katherine.nennstiel@willems.eu Zugelassene Rechtsanw\u00e4ltin seit 1997 in Deutschland und seit 2011 Avocat \u00e0 la Cour. Studierte Rechtswissenschaft in Berlin, spezialisierte sich durch einen Masterabschluss im Internationalen Privatrecht in Lausanne und Chamb\u00e9ry und einen Master of Law im Unternehmenssteuerrecht in K\u00f6ln. Sie ist Ihre Ansprechpartnerin f\u00fcr alle grenz\u00fcberschreitenden Angelegenheiten &#8230; <\/p>\n<div><a href=\"https:\/\/willems-schmidt.eu\/de\/rechtsberatung\/katherine-nennstiel\/\" class=\"more-link\">Read More<\/a><\/div>\n","protected":false},"author":2,"featured_media":0,"parent":715,"menu_order":0,"comment_status":"closed","ping_status":"closed","template":"","meta":{"ub_ctt_via":""},"featured_image_src":null,"yoast_head":"<!-- This site is optimized with the Yoast SEO plugin v17.0 - https:\/\/yoast.com\/wordpress\/plugins\/seo\/ -->\n<title>Katherine Nennstiel - Willems Advocaten &amp; Rechtsanw\u00e4lte<\/title>\n<meta name=\"robots\" content=\"index, follow, max-snippet:-1, max-image-preview:large, max-video-preview:-1\" \/>\n<link rel=\"canonical\" href=\"https:\/\/willems-schmidt.eu\/de\/rechtsberatung\/katherine-nennstiel\/\" \/>\n<meta property=\"og:locale\" content=\"de_DE\" \/>\n<meta property=\"og:type\" content=\"article\" \/>\n<meta property=\"og:title\" content=\"Katherine Nennstiel - Willems Advocaten &amp; Rechtsanw\u00e4lte\" \/>\n<meta property=\"og:description\" content=\"Telefon: +31 (0)20 833 0 833 Fax: +31 (0)20 833 0 834 E-mail: katherine.nennstiel@willems.eu Zugelassene Rechtsanw\u00e4ltin seit 1997 in Deutschland und seit 2011 Avocat \u00e0 la Cour. Studierte Rechtswissenschaft in Berlin, spezialisierte sich durch einen Masterabschluss im Internationalen Privatrecht in Lausanne und Chamb\u00e9ry und einen Master of Law im Unternehmenssteuerrecht in K\u00f6ln. Sie ist Ihre Ansprechpartnerin f\u00fcr alle grenz\u00fcberschreitenden Angelegenheiten ... Read More\" \/>\n<meta property=\"og:url\" content=\"https:\/\/willems-schmidt.eu\/de\/rechtsberatung\/katherine-nennstiel\/\" \/>\n<meta property=\"og:site_name\" content=\"Willems Advocaten &amp; Rechtsanw\u00e4lte\" \/>\n<meta property=\"article:publisher\" content=\"https:\/\/www.facebook.com\/willemsadvocaten\/\" \/>\n<meta property=\"article:modified_time\" content=\"2022-01-25T11:16:42+00:00\" \/>\n<meta property=\"og:image\" content=\"https:\/\/willems-schmidt.eu\/wp-content\/uploads\/2019\/10\/Foto-Willems.jpg\" \/>\n<meta name=\"twitter:card\" content=\"summary_large_image\" \/>\n<meta name=\"twitter:site\" content=\"@WillemsEU\" \/>\n<script type=\"application\/ld+json\" class=\"yoast-schema-graph\">{\"@context\":\"https:\/\/schema.org\",\"@graph\":[{\"@type\":\"Organization\",\"@id\":\"https:\/\/willems-schmidt.eu\/#organization\",\"name\":\"Willems Advocaten & Rechtsanw\\u00e4lte\",\"url\":\"https:\/\/willems-schmidt.eu\/\",\"sameAs\":[\"https:\/\/www.facebook.com\/willemsadvocaten\/\",\"https:\/\/www.linkedin.com\/company\/294010\/\",\"https:\/\/twitter.com\/WillemsEU\"],\"logo\":{\"@type\":\"ImageObject\",\"@id\":\"https:\/\/willems-schmidt.eu\/#logo\",\"inLanguage\":\"de\",\"url\":\"https:\/\/willems-schmidt.eu\/wp-content\/uploads\/2017\/09\/Tekengebied-1@0.5x.png\",\"contentUrl\":\"https:\/\/willems-schmidt.eu\/wp-content\/uploads\/2017\/09\/Tekengebied-1@0.5x.png\",\"width\":960,\"height\":960,\"caption\":\"Willems Advocaten & Rechtsanw\\u00e4lte\"},\"image\":{\"@id\":\"https:\/\/willems-schmidt.eu\/#logo\"}},{\"@type\":\"WebSite\",\"@id\":\"https:\/\/willems-schmidt.eu\/#website\",\"url\":\"https:\/\/willems-schmidt.eu\/\",\"name\":\"Willems Advocaten &amp; Rechtsanw\\u00e4lte\",\"description\":\"Willems Advocaten &amp; Rechtsanw\\u00e4lte\",\"publisher\":{\"@id\":\"https:\/\/willems-schmidt.eu\/#organization\"},\"potentialAction\":[{\"@type\":\"SearchAction\",\"target\":{\"@type\":\"EntryPoint\",\"urlTemplate\":\"https:\/\/willems-schmidt.eu\/?s={search_term_string}\"},\"query-input\":\"required name=search_term_string\"}],\"inLanguage\":\"de\"},{\"@type\":\"ImageObject\",\"@id\":\"https:\/\/willems-schmidt.eu\/de\/rechtsberatung\/katherine-nennstiel\/#primaryimage\",\"inLanguage\":\"de\",\"url\":\"https:\/\/willems-schmidt.eu\/wp-content\/uploads\/2019\/10\/Foto-Willems.jpg\",\"contentUrl\":\"https:\/\/willems-schmidt.eu\/wp-content\/uploads\/2019\/10\/Foto-Willems.jpg\",\"width\":1536,\"height\":2048},{\"@type\":\"WebPage\",\"@id\":\"https:\/\/willems-schmidt.eu\/de\/rechtsberatung\/katherine-nennstiel\/#webpage\",\"url\":\"https:\/\/willems-schmidt.eu\/de\/rechtsberatung\/katherine-nennstiel\/\",\"name\":\"Katherine Nennstiel - Willems Advocaten &amp; Rechtsanw\\u00e4lte\",\"isPartOf\":{\"@id\":\"https:\/\/willems-schmidt.eu\/#website\"},\"primaryImageOfPage\":{\"@id\":\"https:\/\/willems-schmidt.eu\/de\/rechtsberatung\/katherine-nennstiel\/#primaryimage\"},\"datePublished\":\"2019-12-10T11:28:29+00:00\",\"dateModified\":\"2022-01-25T11:16:42+00:00\",\"breadcrumb\":{\"@id\":\"https:\/\/willems-schmidt.eu\/de\/rechtsberatung\/katherine-nennstiel\/#breadcrumb\"},\"inLanguage\":\"de\",\"potentialAction\":[{\"@type\":\"ReadAction\",\"target\":[\"https:\/\/willems-schmidt.eu\/de\/rechtsberatung\/katherine-nennstiel\/\"]}]},{\"@type\":\"BreadcrumbList\",\"@id\":\"https:\/\/willems-schmidt.eu\/de\/rechtsberatung\/katherine-nennstiel\/#breadcrumb\",\"itemListElement\":[{\"@type\":\"ListItem\",\"position\":1,\"name\":\"Home\",\"item\":\"https:\/\/willems-schmidt.eu\/de\/home\/\"},{\"@type\":\"ListItem\",\"position\":2,\"name\":\"Menschen\",\"item\":\"https:\/\/willems-schmidt.eu\/de\/rechtsberatung\/\"},{\"@type\":\"ListItem\",\"position\":3,\"name\":\"Katherine Nennstiel\"}]}]}<\/script>\n<!-- \/ Yoast SEO plugin. -->","yoast_head_json":{"title":"Katherine Nennstiel - Willems Advocaten &amp; Rechtsanw\u00e4lte","robots":{"index":"index","follow":"follow","max-snippet":"max-snippet:-1","max-image-preview":"max-image-preview:large","max-video-preview":"max-video-preview:-1"},"canonical":"https:\/\/willems-schmidt.eu\/de\/rechtsberatung\/katherine-nennstiel\/","og_locale":"de_DE","og_type":"article","og_title":"Katherine Nennstiel - Willems Advocaten &amp; Rechtsanw\u00e4lte","og_description":"Telefon: +31 (0)20 833 0 833 Fax: +31 (0)20 833 0 834 E-mail: katherine.nennstiel@willems.eu Zugelassene Rechtsanw\u00e4ltin seit 1997 in Deutschland und seit 2011 Avocat \u00e0 la Cour. Studierte Rechtswissenschaft in Berlin, spezialisierte sich durch einen Masterabschluss im Internationalen Privatrecht in Lausanne und Chamb\u00e9ry und einen Master of Law im Unternehmenssteuerrecht in K\u00f6ln. Sie ist Ihre Ansprechpartnerin f\u00fcr alle grenz\u00fcberschreitenden Angelegenheiten ... Read More","og_url":"https:\/\/willems-schmidt.eu\/de\/rechtsberatung\/katherine-nennstiel\/","og_site_name":"Willems Advocaten &amp; Rechtsanw\u00e4lte","article_publisher":"https:\/\/www.facebook.com\/willemsadvocaten\/","article_modified_time":"2022-01-25T11:16:42+00:00","og_image":[{"url":"https:\/\/willems-schmidt.eu\/wp-content\/uploads\/2019\/10\/Foto-Willems.jpg"}],"twitter_card":"summary_large_image","twitter_site":"@WillemsEU","schema":{"@context":"https:\/\/schema.org","@graph":[{"@type":"Organization","@id":"https:\/\/willems-schmidt.eu\/#organization","name":"Willems Advocaten & Rechtsanw\u00e4lte","url":"https:\/\/willems-schmidt.eu\/","sameAs":["https:\/\/www.facebook.com\/willemsadvocaten\/","https:\/\/www.linkedin.com\/company\/294010\/","https:\/\/twitter.com\/WillemsEU"],"logo":{"@type":"ImageObject","@id":"https:\/\/willems-schmidt.eu\/#logo","inLanguage":"de","url":"https:\/\/willems-schmidt.eu\/wp-content\/uploads\/2017\/09\/Tekengebied-1@0.5x.png","contentUrl":"https:\/\/willems-schmidt.eu\/wp-content\/uploads\/2017\/09\/Tekengebied-1@0.5x.png","width":960,"height":960,"caption":"Willems Advocaten & Rechtsanw\u00e4lte"},"image":{"@id":"https:\/\/willems-schmidt.eu\/#logo"}},{"@type":"WebSite","@id":"https:\/\/willems-schmidt.eu\/#website","url":"https:\/\/willems-schmidt.eu\/","name":"Willems Advocaten &amp; Rechtsanw\u00e4lte","description":"Willems Advocaten &amp; Rechtsanw\u00e4lte","publisher":{"@id":"https:\/\/willems-schmidt.eu\/#organization"},"potentialAction":[{"@type":"SearchAction","target":{"@type":"EntryPoint","urlTemplate":"https:\/\/willems-schmidt.eu\/?s={search_term_string}"},"query-input":"required name=search_term_string"}],"inLanguage":"de"},{"@type":"ImageObject","@id":"https:\/\/willems-schmidt.eu\/de\/rechtsberatung\/katherine-nennstiel\/#primaryimage","inLanguage":"de","url":"https:\/\/willems-schmidt.eu\/wp-content\/uploads\/2019\/10\/Foto-Willems.jpg","contentUrl":"https:\/\/willems-schmidt.eu\/wp-content\/uploads\/2019\/10\/Foto-Willems.jpg","width":1536,"height":2048},{"@type":"WebPage","@id":"https:\/\/willems-schmidt.eu\/de\/rechtsberatung\/katherine-nennstiel\/#webpage","url":"https:\/\/willems-schmidt.eu\/de\/rechtsberatung\/katherine-nennstiel\/","name":"Katherine Nennstiel - Willems Advocaten &amp; Rechtsanw\u00e4lte","isPartOf":{"@id":"https:\/\/willems-schmidt.eu\/#website"},"primaryImageOfPage":{"@id":"https:\/\/willems-schmidt.eu\/de\/rechtsberatung\/katherine-nennstiel\/#primaryimage"},"datePublished":"2019-12-10T11:28:29+00:00","dateModified":"2022-01-25T11:16:42+00:00","breadcrumb":{"@id":"https:\/\/willems-schmidt.eu\/de\/rechtsberatung\/katherine-nennstiel\/#breadcrumb"},"inLanguage":"de","potentialAction":[{"@type":"ReadAction","target":["https:\/\/willems-schmidt.eu\/de\/rechtsberatung\/katherine-nennstiel\/"]}]},{"@type":"BreadcrumbList","@id":"https:\/\/willems-schmidt.eu\/de\/rechtsberatung\/katherine-nennstiel\/#breadcrumb","itemListElement":[{"@type":"ListItem","position":1,"name":"Home","item":"https:\/\/willems-schmidt.eu\/de\/home\/"},{"@type":"ListItem","position":2,"name":"Menschen","item":"https:\/\/willems-schmidt.eu\/de\/rechtsberatung\/"},{"@type":"ListItem","position":3,"name":"Katherine Nennstiel"}]}]}},"_links":{"self":[{"href":"https:\/\/willems-schmidt.eu\/de\/wp-json\/wp\/v2\/pages\/1876"}],"collection":[{"href":"https:\/\/willems-schmidt.eu\/de\/wp-json\/wp\/v2\/pages"}],"about":[{"href":"https:\/\/willems-schmidt.eu\/de\/wp-json\/wp\/v2\/types\/page"}],"author":[{"embeddable":true,"href":"https:\/\/willems-schmidt.eu\/de\/wp-json\/wp\/v2\/users\/2"}],"replies":[{"embeddable":true,"href":"https:\/\/willems-schmidt.eu\/de\/wp-json\/wp\/v2\/comments?post=1876"}],"version-history":[{"count":3,"href":"https:\/\/willems-schmidt.eu\/de\/wp-json\/wp\/v2\/pages\/1876\/revisions"}],"predecessor-version":[{"id":2690,"href":"https:\/\/willems-schmidt.eu\/de\/wp-json\/wp\/v2\/pages\/1876\/revisions\/2690"}],"up":[{"embeddable":true,"href":"https:\/\/willems-schmidt.eu\/de\/wp-json\/wp\/v2\/pages\/715"}],"wp:attachment":[{"href":"https:\/\/willems-schmidt.eu\/de\/wp-json\/wp\/v2\/media?parent=1876"}],"curies":[{"name":"wp","href":"https:\/\/api.w.org\/{rel}","templated":true}]}}