{"id":2719,"date":"2022-02-15T14:44:40","date_gmt":"2022-02-15T14:44:40","guid":{"rendered":"https:\/\/willems-schmidt.eu\/rechtsberatung\/menno-schmidt\/"},"modified":"2022-02-15T14:44:40","modified_gmt":"2022-02-15T14:44:40","slug":"menno-schmidt","status":"publish","type":"page","link":"https:\/\/willems-schmidt.eu\/de\/rechtsberatung\/menno-schmidt\/","title":{"rendered":"Menno Schmidt"},"content":{"rendered":"<p><a href=\"https:\/\/willems-schmidt.eu\/wp-content\/uploads\/2022\/01\/Foto-Menno-Schmidt-website.jpg\"><img loading=\"lazy\" class=\"wp-image-2697 alignleft\" src=\"https:\/\/willems-schmidt.eu\/wp-content\/uploads\/2022\/01\/Foto-Menno-Schmidt-website.jpg\" alt=\"\" width=\"222\" height=\"295\" srcset=\"https:\/\/willems-schmidt.eu\/wp-content\/uploads\/2022\/01\/Foto-Menno-Schmidt-website.jpg 1160w, https:\/\/willems-schmidt.eu\/wp-content\/uploads\/2022\/01\/Foto-Menno-Schmidt-website-225x300.jpg 225w, https:\/\/willems-schmidt.eu\/wp-content\/uploads\/2022\/01\/Foto-Menno-Schmidt-website-769x1024.jpg 769w, https:\/\/willems-schmidt.eu\/wp-content\/uploads\/2022\/01\/Foto-Menno-Schmidt-website-768x1022.jpg 768w, https:\/\/willems-schmidt.eu\/wp-content\/uploads\/2022\/01\/Foto-Menno-Schmidt-website-1154x1536.jpg 1154w, https:\/\/willems-schmidt.eu\/wp-content\/uploads\/2022\/01\/Foto-Menno-Schmidt-website-100x133.jpg 100w\" sizes=\"(max-width: 222px) 100vw, 222px\" \/><\/a><strong>Telefon:<\/strong><br \/>\n<a href=\"tel: +31 (0)20 833 0 833\">+31 (0)20 833 0 833<\/a><\/p>\n<p><strong>Fax:<br \/>\n<\/strong>+31 (0)20 833 0 834<\/p>\n<p><strong>E-mail:<br \/>\n<\/strong><a href=\"mailto:menno.schmidt@willems.eu\">menno.schmidt@willems.eu<\/a><\/p>\n<p>Menno Schmidt (1972) hat das Studium des niederl\u00e4ndischen Rechts an der Universit\u00e4t Utrecht mit der Diplomarbeit \u201eJuristische Aspekte einer elektronischen Auktion\u201c absolviert. Weiter studierte er in Wien. Menno war nach seinem Studium in Wien als Gerichtsschreiber t\u00e4tig und anschlie\u00dfend arbeitete er als Rechtsanwaltsanw\u00e4rter bei Schubert Rechtsanw\u00e4lte in Wien gearbeitet. Im Jahr 2001 wurde er in Amsterdam als Rechtsanwalt vereidigt und im Jahr 2004 schloss Menno die postgraduale Fachausbildung \u201eInformatikrecht\u201c an der Grotius-Akademie ab.<\/p>\n<p>Seine Praxis umfasst die Dienstleistung an Unternehmen und Privatpersonen mit dem Fokus auf das kommerzielle Recht; er hat eine internationale Praxis. Dabei sind seine Interessenschwerpunkte die grenz\u00fcberschreitenden Beziehungen zu \u00d6sterreich, Deutschland und der Schweiz. Er ist au\u00dferdem als Schiedsrichter aktiv.<\/p>\n<p>Seit dem Jahr 2013 ist er bei der Wiener Rechtsanwaltskammer in \u00d6sterreich als Rechtsanwalt zugelassen und ist er dort auch t\u00e4tig. Er ist vom Handelsgericht in Wien zum gerichtlichen Sachverst\u00e4ndigen ernannt worden, zwecks Beratung \u00fcber agenturrechtlicher Probleme nach niederl\u00e4ndischem Recht.<\/p>\n<p>Im Zeitraum 2009 bis einschlie\u00dflich 2019 war Menno Vorstandsmitglied der Niederl\u00e4ndischen Handelskammer <em>Kamer van Koophandel <\/em>f\u00fcr \u00d6sterreich in Wien.<\/p>\n<p>Menno Schmidt ist Mitglied in verschiedenen Vereinen. Dazu geh\u00f6ren die Europ\u00e4ische Anwaltsvereinigung, der Verein \u201eVereniging Sport en Recht\u201c, die niederl\u00e4ndische Vereinigung \u201eNederlandse vereniging van Wenen\u201c in Wien und Artie et Amicitiae in Amsterdam.<\/p>\n","protected":false},"excerpt":{"rendered":"<p>Telefon: +31 (0)20 833 0 833 Fax: +31 (0)20 833 0 834 E-mail: menno.schmidt@willems.eu Menno Schmidt (1972) hat das Studium des niederl\u00e4ndischen Rechts an der Universit\u00e4t Utrecht mit der Diplomarbeit \u201eJuristische Aspekte einer elektronischen Auktion\u201c absolviert. Weiter studierte er in Wien. Menno war nach seinem Studium in Wien als Gerichtsschreiber t\u00e4tig und anschlie\u00dfend arbeitete er als Rechtsanwaltsanw\u00e4rter bei Schubert Rechtsanw\u00e4lte &#8230; <\/p>\n<div><a href=\"https:\/\/willems-schmidt.eu\/de\/rechtsberatung\/menno-schmidt\/\" class=\"more-link\">Read More<\/a><\/div>\n","protected":false},"author":2,"featured_media":0,"parent":715,"menu_order":0,"comment_status":"closed","ping_status":"closed","template":"","meta":{"ub_ctt_via":""},"featured_image_src":null,"yoast_head":"<!-- This site is optimized with the Yoast SEO plugin v17.0 - https:\/\/yoast.com\/wordpress\/plugins\/seo\/ -->\n<title>Menno Schmidt - Willems Advocaten &amp; Rechtsanw\u00e4lte<\/title>\n<meta name=\"description\" content=\"Menno Schmidt (1972)\" \/>\n<meta name=\"robots\" content=\"index, follow, max-snippet:-1, max-image-preview:large, max-video-preview:-1\" \/>\n<link rel=\"canonical\" href=\"https:\/\/willems-schmidt.eu\/de\/professionals\/menno-schmidt\/\" \/>\n<meta property=\"og:locale\" content=\"de_DE\" \/>\n<meta property=\"og:type\" content=\"article\" \/>\n<meta property=\"og:title\" content=\"Menno Schmidt - Willems Advocaten &amp; Rechtsanw\u00e4lte\" \/>\n<meta property=\"og:description\" content=\"Menno Schmidt (1972)\" \/>\n<meta property=\"og:url\" content=\"https:\/\/willems-schmidt.eu\/professionals\/menno-schmidt\/\" \/>\n<meta property=\"og:site_name\" content=\"Willems Advocaten &amp; Rechtsanw\u00e4lte\" \/>\n<meta property=\"article:publisher\" content=\"https:\/\/www.facebook.com\/willemsadvocaten\/\" \/>\n<meta property=\"og:image\" content=\"https:\/\/willems-schmidt.eu\/wp-content\/uploads\/2022\/01\/Foto-Menno-Schmidt-website.jpg\" \/>\n<meta name=\"twitter:card\" content=\"summary_large_image\" \/>\n<meta name=\"twitter:site\" content=\"@WillemsEU\" \/>\n<meta name=\"twitter:label1\" content=\"Gesch\u00e4tzte Lesezeit\" \/>\n\t<meta name=\"twitter:data1\" content=\"1\u00a0Minute\" \/>\n<script type=\"application\/ld+json\" class=\"yoast-schema-graph\">{\"@context\":\"https:\/\/schema.org\",\"@graph\":[{\"@type\":\"Organization\",\"@id\":\"https:\/\/willems-schmidt.eu\/#organization\",\"name\":\"Willems Advocaten & Rechtsanw\\u00e4lte\",\"url\":\"https:\/\/willems-schmidt.eu\/\",\"sameAs\":[\"https:\/\/www.facebook.com\/willemsadvocaten\/\",\"https:\/\/www.linkedin.com\/company\/294010\/\",\"https:\/\/twitter.com\/WillemsEU\"],\"logo\":{\"@type\":\"ImageObject\",\"@id\":\"https:\/\/willems-schmidt.eu\/#logo\",\"inLanguage\":\"de\",\"url\":\"https:\/\/willems-schmidt.eu\/wp-content\/uploads\/2017\/09\/Tekengebied-1@0.5x.png\",\"contentUrl\":\"https:\/\/willems-schmidt.eu\/wp-content\/uploads\/2017\/09\/Tekengebied-1@0.5x.png\",\"width\":960,\"height\":960,\"caption\":\"Willems Advocaten & Rechtsanw\\u00e4lte\"},\"image\":{\"@id\":\"https:\/\/willems-schmidt.eu\/#logo\"}},{\"@type\":\"WebSite\",\"@id\":\"https:\/\/willems-schmidt.eu\/#website\",\"url\":\"https:\/\/willems-schmidt.eu\/\",\"name\":\"Willems Advocaten &amp; Rechtsanw\\u00e4lte\",\"description\":\"Willems Advocaten &amp; Rechtsanw\\u00e4lte\",\"publisher\":{\"@id\":\"https:\/\/willems-schmidt.eu\/#organization\"},\"potentialAction\":[{\"@type\":\"SearchAction\",\"target\":{\"@type\":\"EntryPoint\",\"urlTemplate\":\"https:\/\/willems-schmidt.eu\/?s={search_term_string}\"},\"query-input\":\"required name=search_term_string\"}],\"inLanguage\":\"de\"},{\"@type\":\"ImageObject\",\"@id\":\"https:\/\/willems-schmidt.eu\/professionals\/menno-schmidt\/#primaryimage\",\"inLanguage\":\"de\",\"url\":\"https:\/\/willems-schmidt.eu\/wp-content\/uploads\/2022\/01\/Foto-Menno-Schmidt-website.jpg\",\"contentUrl\":\"https:\/\/willems-schmidt.eu\/wp-content\/uploads\/2022\/01\/Foto-Menno-Schmidt-website.jpg\",\"width\":1160,\"height\":1544,\"caption\":\"Menno Schmidt Advocaat & Rechtsanwalt\"},{\"@type\":\"WebPage\",\"@id\":\"https:\/\/willems-schmidt.eu\/professionals\/menno-schmidt\/#webpage\",\"url\":\"https:\/\/willems-schmidt.eu\/professionals\/menno-schmidt\/\",\"name\":\"Menno Schmidt - Willems Advocaten &amp; Rechtsanw\\u00e4lte\",\"isPartOf\":{\"@id\":\"https:\/\/willems-schmidt.eu\/#website\"},\"primaryImageOfPage\":{\"@id\":\"https:\/\/willems-schmidt.eu\/professionals\/menno-schmidt\/#primaryimage\"},\"datePublished\":\"2022-02-15T14:44:40+00:00\",\"dateModified\":\"2022-02-15T14:44:40+00:00\",\"description\":\"Menno Schmidt (1972)\",\"breadcrumb\":{\"@id\":\"https:\/\/willems-schmidt.eu\/professionals\/menno-schmidt\/#breadcrumb\"},\"inLanguage\":\"de\",\"potentialAction\":[{\"@type\":\"ReadAction\",\"target\":[\"https:\/\/willems-schmidt.eu\/professionals\/menno-schmidt\/\"]}]},{\"@type\":\"BreadcrumbList\",\"@id\":\"https:\/\/willems-schmidt.eu\/professionals\/menno-schmidt\/#breadcrumb\",\"itemListElement\":[{\"@type\":\"ListItem\",\"position\":1,\"name\":\"Home\",\"item\":\"https:\/\/willems-schmidt.eu\/de\/home\/\"},{\"@type\":\"ListItem\",\"position\":2,\"name\":\"Menschen\",\"item\":\"https:\/\/willems-schmidt.eu\/de\/rechtsberatung\/\"},{\"@type\":\"ListItem\",\"position\":3,\"name\":\"Menno Schmidt\"}]}]}<\/script>\n<!-- \/ Yoast SEO plugin. -->","yoast_head_json":{"title":"Menno Schmidt - Willems Advocaten &amp; Rechtsanw\u00e4lte","description":"Menno Schmidt (1972)","robots":{"index":"index","follow":"follow","max-snippet":"max-snippet:-1","max-image-preview":"max-image-preview:large","max-video-preview":"max-video-preview:-1"},"canonical":"https:\/\/willems-schmidt.eu\/de\/professionals\/menno-schmidt\/","og_locale":"de_DE","og_type":"article","og_title":"Menno Schmidt - Willems Advocaten &amp; Rechtsanw\u00e4lte","og_description":"Menno Schmidt (1972)","og_url":"https:\/\/willems-schmidt.eu\/professionals\/menno-schmidt\/","og_site_name":"Willems Advocaten &amp; Rechtsanw\u00e4lte","article_publisher":"https:\/\/www.facebook.com\/willemsadvocaten\/","og_image":[{"url":"https:\/\/willems-schmidt.eu\/wp-content\/uploads\/2022\/01\/Foto-Menno-Schmidt-website.jpg"}],"twitter_card":"summary_large_image","twitter_site":"@WillemsEU","twitter_misc":{"Gesch\u00e4tzte Lesezeit":"1\u00a0Minute"},"schema":{"@context":"https:\/\/schema.org","@graph":[{"@type":"Organization","@id":"https:\/\/willems-schmidt.eu\/#organization","name":"Willems Advocaten & Rechtsanw\u00e4lte","url":"https:\/\/willems-schmidt.eu\/","sameAs":["https:\/\/www.facebook.com\/willemsadvocaten\/","https:\/\/www.linkedin.com\/company\/294010\/","https:\/\/twitter.com\/WillemsEU"],"logo":{"@type":"ImageObject","@id":"https:\/\/willems-schmidt.eu\/#logo","inLanguage":"de","url":"https:\/\/willems-schmidt.eu\/wp-content\/uploads\/2017\/09\/Tekengebied-1@0.5x.png","contentUrl":"https:\/\/willems-schmidt.eu\/wp-content\/uploads\/2017\/09\/Tekengebied-1@0.5x.png","width":960,"height":960,"caption":"Willems Advocaten & Rechtsanw\u00e4lte"},"image":{"@id":"https:\/\/willems-schmidt.eu\/#logo"}},{"@type":"WebSite","@id":"https:\/\/willems-schmidt.eu\/#website","url":"https:\/\/willems-schmidt.eu\/","name":"Willems Advocaten &amp; Rechtsanw\u00e4lte","description":"Willems Advocaten &amp; Rechtsanw\u00e4lte","publisher":{"@id":"https:\/\/willems-schmidt.eu\/#organization"},"potentialAction":[{"@type":"SearchAction","target":{"@type":"EntryPoint","urlTemplate":"https:\/\/willems-schmidt.eu\/?s={search_term_string}"},"query-input":"required name=search_term_string"}],"inLanguage":"de"},{"@type":"ImageObject","@id":"https:\/\/willems-schmidt.eu\/professionals\/menno-schmidt\/#primaryimage","inLanguage":"de","url":"https:\/\/willems-schmidt.eu\/wp-content\/uploads\/2022\/01\/Foto-Menno-Schmidt-website.jpg","contentUrl":"https:\/\/willems-schmidt.eu\/wp-content\/uploads\/2022\/01\/Foto-Menno-Schmidt-website.jpg","width":1160,"height":1544,"caption":"Menno Schmidt Advocaat & Rechtsanwalt"},{"@type":"WebPage","@id":"https:\/\/willems-schmidt.eu\/professionals\/menno-schmidt\/#webpage","url":"https:\/\/willems-schmidt.eu\/professionals\/menno-schmidt\/","name":"Menno Schmidt - Willems Advocaten &amp; Rechtsanw\u00e4lte","isPartOf":{"@id":"https:\/\/willems-schmidt.eu\/#website"},"primaryImageOfPage":{"@id":"https:\/\/willems-schmidt.eu\/professionals\/menno-schmidt\/#primaryimage"},"datePublished":"2022-02-15T14:44:40+00:00","dateModified":"2022-02-15T14:44:40+00:00","description":"Menno Schmidt (1972)","breadcrumb":{"@id":"https:\/\/willems-schmidt.eu\/professionals\/menno-schmidt\/#breadcrumb"},"inLanguage":"de","potentialAction":[{"@type":"ReadAction","target":["https:\/\/willems-schmidt.eu\/professionals\/menno-schmidt\/"]}]},{"@type":"BreadcrumbList","@id":"https:\/\/willems-schmidt.eu\/professionals\/menno-schmidt\/#breadcrumb","itemListElement":[{"@type":"ListItem","position":1,"name":"Home","item":"https:\/\/willems-schmidt.eu\/de\/home\/"},{"@type":"ListItem","position":2,"name":"Menschen","item":"https:\/\/willems-schmidt.eu\/de\/rechtsberatung\/"},{"@type":"ListItem","position":3,"name":"Menno Schmidt"}]}]}},"_links":{"self":[{"href":"https:\/\/willems-schmidt.eu\/de\/wp-json\/wp\/v2\/pages\/2719"}],"collection":[{"href":"https:\/\/willems-schmidt.eu\/de\/wp-json\/wp\/v2\/pages"}],"about":[{"href":"https:\/\/willems-schmidt.eu\/de\/wp-json\/wp\/v2\/types\/page"}],"author":[{"embeddable":true,"href":"https:\/\/willems-schmidt.eu\/de\/wp-json\/wp\/v2\/users\/2"}],"replies":[{"embeddable":true,"href":"https:\/\/willems-schmidt.eu\/de\/wp-json\/wp\/v2\/comments?post=2719"}],"version-history":[{"count":0,"href":"https:\/\/willems-schmidt.eu\/de\/wp-json\/wp\/v2\/pages\/2719\/revisions"}],"up":[{"embeddable":true,"href":"https:\/\/willems-schmidt.eu\/de\/wp-json\/wp\/v2\/pages\/715"}],"wp:attachment":[{"href":"https:\/\/willems-schmidt.eu\/de\/wp-json\/wp\/v2\/media?parent=2719"}],"curies":[{"name":"wp","href":"https:\/\/api.w.org\/{rel}","templated":true}]}}