{"id":709,"date":"2017-11-28T14:40:51","date_gmt":"2017-11-28T14:40:51","guid":{"rendered":"https:\/\/willems-schmidt.eu\/hans-walhain\/"},"modified":"2020-03-18T10:59:21","modified_gmt":"2020-03-18T10:59:21","slug":"hans-walhain","status":"publish","type":"page","link":"https:\/\/willems-schmidt.eu\/de\/rechtsberatung\/hans-walhain\/","title":{"rendered":"Hans Walhain"},"content":{"rendered":"<p><img loading=\"lazy\" class=\"alignleft size-medium wp-image-1302\" src=\"https:\/\/willems-schmidt.eu\/wp-content\/uploads\/2018\/04\/FotoHW1-300x300.jpg\" alt=\"Hans Walhain\" width=\"300\" height=\"300\" srcset=\"https:\/\/willems-schmidt.eu\/wp-content\/uploads\/2018\/04\/FotoHW1-300x300.jpg 300w, https:\/\/willems-schmidt.eu\/wp-content\/uploads\/2018\/04\/FotoHW1-150x150.jpg 150w, https:\/\/willems-schmidt.eu\/wp-content\/uploads\/2018\/04\/FotoHW1-768x768.jpg 768w, https:\/\/willems-schmidt.eu\/wp-content\/uploads\/2018\/04\/FotoHW1-100x100.jpg 100w, https:\/\/willems-schmidt.eu\/wp-content\/uploads\/2018\/04\/FotoHW1.jpg 1000w\" sizes=\"(max-width: 300px) 100vw, 300px\" \/><\/p>\n<p><strong>Telefon:<\/strong><br \/>\n<a href=\"tel: +31 (0)20 833 0 833\">+31 (0)20 833 0 833<\/a><\/p>\n<p><strong>Faxnummer:<br \/>\n<\/strong>+31 (0)20 833 0 834<\/p>\n<p><strong>E-mail:<br \/>\n<\/strong><a href=\"mailto:hans.walhain@willems.eu\">hans.walhain@willems.eu<\/a><\/p>\n<p>Hans Walhain (1953) hat sein Studium mit der Ausrichtung Zivilrecht an der Rijksuniversiteit Leiden im April 1979 erfolgreich abgeschlossen. Im August 1979 wurde er als Rechtsanwalt in Rotterdam vereidigt.<br \/>\nHans Walhain war Vorstandsmitglied (Sekret\u00e4r) bei Vereniging de Jonge Balie van Rotterdam (Verband Junger Rechtsanw\u00e4lte) und Mitglied bei Association Internationale des Jeunes Avocats (AIJA). F\u00fcr diese Organisation hat er diverse nationale Berichte im Bereich Insolvenzrecht verfasst. Heute ist er Mitglied bei Union Internationale des Avocats (UIA) und Sekret\u00e4r der Berufungsinstanz des K\u00f6niglich Niederl\u00e4ndischen Kricket-Verbands.<\/p>\n<p>Der T\u00e4tigkeitsbereich von Hans Walhain umfasst die Allgemeine Prozessf\u00fchrung mit dem Schwerpunkt Unternehmensrecht im weitesten Sinn, darunter Arbeitsrecht, Schuldrecht, Haftung und Verantwortlichkeit der Gesch\u00e4ftsf\u00fchrung sowie Insolvenzrecht. Hans <span lang=\"DE\">ist free lance an Willems verbunden.<\/span><\/p>\n<p>Hans Walhein hat die folgenden Haupt- (und Unter-) Gerichtsbarkeiten im Gerichtsregister der niederl\u00e4ndischen Anwaltskammer eingetragen:<\/p>\n<ul>\n<li>Zivilprozessrecht<\/li>\n<li>Rechtsstreitigheiten<\/li>\n<\/ul>\n<p>Auf der Grundlage dieser Registrerung ist er verpflichtet gem\u00e4ss den Standards der niederl\u00e4ndischen Anwaltskammer zehn Ausbildungspunkte in jeder registrierten Haupsgerichtsbarkeit zu erhalten.<\/p>\n","protected":false},"excerpt":{"rendered":"<p>Telefon: +31 (0)20 833 0 833 Faxnummer: +31 (0)20 833 0 834 E-mail: hans.walhain@willems.eu Hans Walhain (1953) hat sein Studium mit der Ausrichtung Zivilrecht an der Rijksuniversiteit Leiden im April 1979 erfolgreich abgeschlossen. Im August 1979 wurde er als Rechtsanwalt in Rotterdam vereidigt. Hans Walhain war Vorstandsmitglied (Sekret\u00e4r) bei Vereniging de Jonge Balie van Rotterdam (Verband Junger Rechtsanw\u00e4lte) und Mitglied &#8230; <\/p>\n<div><a href=\"https:\/\/willems-schmidt.eu\/de\/rechtsberatung\/hans-walhain\/\" class=\"more-link\">Read More<\/a><\/div>\n","protected":false},"author":1,"featured_media":0,"parent":715,"menu_order":0,"comment_status":"closed","ping_status":"closed","template":"","meta":{"ub_ctt_via":""},"featured_image_src":null,"yoast_head":"<!-- This site is optimized with the Yoast SEO plugin v17.0 - https:\/\/yoast.com\/wordpress\/plugins\/seo\/ -->\n<title>Hans Walhain - Willems Advocaten &amp; Rechtsanw\u00e4lte<\/title>\n<meta name=\"description\" content=\"Hans Walhain (1953) absolvierte im April 1979 an der Universit\u00e4t Leiden das Zivilrecht. Er wurde im August 1979 in Rotterdam als Rechtsanwalt vereidigt. Seit 2009 bei Willems in Hans, zun\u00e4chst als freiberuflicher Berater und seit 2017 als Rechtsanwalt. Hans Walhain ist Vorstandsmitglied (Sekret\u00e4r) der Young Bar Association von Rotterdam und Mitglied der Association International des Jeunes Avocats (AIJA) Organisation hat er mehrere nationale Berichte zum Insolvenzrecht verfasst. Derzeit ist er Mitglied der Union Internationale des Avocats (UIA) und Sekret\u00e4r des Berufungsausschusses der Royal Dutch Cricket Association. Hans Walhain f\u00fchrt eine allgemeine Prozesspraxis mit Schwerpunkt auf dem Gesellschaftsrecht im weitesten Sinne des Wortes, einschlie\u00dflich des Arbeitsrechts. Vertragsrecht, Gesellschafterhaftungs- und Insolvenzrecht.\" \/>\n<meta name=\"robots\" content=\"index, follow, max-snippet:-1, max-image-preview:large, max-video-preview:-1\" \/>\n<link rel=\"canonical\" href=\"https:\/\/willems-schmidt.eu\/de\/rechtsberatung\/hans-walhain\/\" \/>\n<meta property=\"og:locale\" content=\"de_DE\" \/>\n<meta property=\"og:type\" content=\"article\" \/>\n<meta property=\"og:title\" content=\"Hans Walhain - Willems Advocaten &amp; Rechtsanw\u00e4lte\" \/>\n<meta property=\"og:description\" content=\"Hans Walhain (1953) absolvierte im April 1979 an der Universit\u00e4t Leiden das Zivilrecht. Er wurde im August 1979 in Rotterdam als Rechtsanwalt vereidigt. Seit 2009 bei Willems in Hans, zun\u00e4chst als freiberuflicher Berater und seit 2017 als Rechtsanwalt. Hans Walhain ist Vorstandsmitglied (Sekret\u00e4r) der Young Bar Association von Rotterdam und Mitglied der Association International des Jeunes Avocats (AIJA) Organisation hat er mehrere nationale Berichte zum Insolvenzrecht verfasst. Derzeit ist er Mitglied der Union Internationale des Avocats (UIA) und Sekret\u00e4r des Berufungsausschusses der Royal Dutch Cricket Association. Hans Walhain f\u00fchrt eine allgemeine Prozesspraxis mit Schwerpunkt auf dem Gesellschaftsrecht im weitesten Sinne des Wortes, einschlie\u00dflich des Arbeitsrechts. Vertragsrecht, Gesellschafterhaftungs- und Insolvenzrecht.\" \/>\n<meta property=\"og:url\" content=\"https:\/\/willems-schmidt.eu\/de\/rechtsberatung\/hans-walhain\/\" \/>\n<meta property=\"og:site_name\" content=\"Willems Advocaten &amp; Rechtsanw\u00e4lte\" \/>\n<meta property=\"article:publisher\" content=\"https:\/\/www.facebook.com\/willemsadvocaten\/\" \/>\n<meta property=\"article:modified_time\" content=\"2020-03-18T10:59:21+00:00\" \/>\n<meta property=\"og:image\" content=\"https:\/\/willems-schmidt.eu\/wp-content\/uploads\/2018\/04\/FotoHW1-300x300.jpg\" \/>\n<meta name=\"twitter:card\" content=\"summary_large_image\" \/>\n<meta name=\"twitter:site\" content=\"@WillemsEU\" \/>\n<meta name=\"twitter:label1\" content=\"Gesch\u00e4tzte Lesezeit\" \/>\n\t<meta name=\"twitter:data1\" content=\"1\u00a0Minute\" \/>\n<script type=\"application\/ld+json\" class=\"yoast-schema-graph\">{\"@context\":\"https:\/\/schema.org\",\"@graph\":[{\"@type\":\"Organization\",\"@id\":\"https:\/\/willems-schmidt.eu\/#organization\",\"name\":\"Willems Advocaten & Rechtsanw\\u00e4lte\",\"url\":\"https:\/\/willems-schmidt.eu\/\",\"sameAs\":[\"https:\/\/www.facebook.com\/willemsadvocaten\/\",\"https:\/\/www.linkedin.com\/company\/294010\/\",\"https:\/\/twitter.com\/WillemsEU\"],\"logo\":{\"@type\":\"ImageObject\",\"@id\":\"https:\/\/willems-schmidt.eu\/#logo\",\"inLanguage\":\"de\",\"url\":\"https:\/\/willems-schmidt.eu\/wp-content\/uploads\/2017\/09\/Tekengebied-1@0.5x.png\",\"contentUrl\":\"https:\/\/willems-schmidt.eu\/wp-content\/uploads\/2017\/09\/Tekengebied-1@0.5x.png\",\"width\":960,\"height\":960,\"caption\":\"Willems Advocaten & Rechtsanw\\u00e4lte\"},\"image\":{\"@id\":\"https:\/\/willems-schmidt.eu\/#logo\"}},{\"@type\":\"WebSite\",\"@id\":\"https:\/\/willems-schmidt.eu\/#website\",\"url\":\"https:\/\/willems-schmidt.eu\/\",\"name\":\"Willems Advocaten &amp; Rechtsanw\\u00e4lte\",\"description\":\"Willems Advocaten &amp; Rechtsanw\\u00e4lte\",\"publisher\":{\"@id\":\"https:\/\/willems-schmidt.eu\/#organization\"},\"potentialAction\":[{\"@type\":\"SearchAction\",\"target\":{\"@type\":\"EntryPoint\",\"urlTemplate\":\"https:\/\/willems-schmidt.eu\/?s={search_term_string}\"},\"query-input\":\"required name=search_term_string\"}],\"inLanguage\":\"de\"},{\"@type\":\"ImageObject\",\"@id\":\"https:\/\/willems-schmidt.eu\/de\/rechtsberatung\/hans-walhain\/#primaryimage\",\"inLanguage\":\"de\",\"url\":\"https:\/\/willems-schmidt.eu\/wp-content\/uploads\/2018\/04\/FotoHW1.jpg\",\"contentUrl\":\"https:\/\/willems-schmidt.eu\/wp-content\/uploads\/2018\/04\/FotoHW1.jpg\",\"width\":1000,\"height\":1000,\"caption\":\"Hans Walhain Advocaat\"},{\"@type\":\"WebPage\",\"@id\":\"https:\/\/willems-schmidt.eu\/de\/rechtsberatung\/hans-walhain\/#webpage\",\"url\":\"https:\/\/willems-schmidt.eu\/de\/rechtsberatung\/hans-walhain\/\",\"name\":\"Hans Walhain - Willems Advocaten &amp; Rechtsanw\\u00e4lte\",\"isPartOf\":{\"@id\":\"https:\/\/willems-schmidt.eu\/#website\"},\"primaryImageOfPage\":{\"@id\":\"https:\/\/willems-schmidt.eu\/de\/rechtsberatung\/hans-walhain\/#primaryimage\"},\"datePublished\":\"2017-11-28T14:40:51+00:00\",\"dateModified\":\"2020-03-18T10:59:21+00:00\",\"description\":\"Hans Walhain (1953) absolvierte im April 1979 an der Universit\\u00e4t Leiden das Zivilrecht. Er wurde im August 1979 in Rotterdam als Rechtsanwalt vereidigt. Seit 2009 bei Willems in Hans, zun\\u00e4chst als freiberuflicher Berater und seit 2017 als Rechtsanwalt. Hans Walhain ist Vorstandsmitglied (Sekret\\u00e4r) der Young Bar Association von Rotterdam und Mitglied der Association International des Jeunes Avocats (AIJA) Organisation hat er mehrere nationale Berichte zum Insolvenzrecht verfasst. Derzeit ist er Mitglied der Union Internationale des Avocats (UIA) und Sekret\\u00e4r des Berufungsausschusses der Royal Dutch Cricket Association. Hans Walhain f\\u00fchrt eine allgemeine Prozesspraxis mit Schwerpunkt auf dem Gesellschaftsrecht im weitesten Sinne des Wortes, einschlie\\u00dflich des Arbeitsrechts. Vertragsrecht, Gesellschafterhaftungs- und Insolvenzrecht.\",\"breadcrumb\":{\"@id\":\"https:\/\/willems-schmidt.eu\/de\/rechtsberatung\/hans-walhain\/#breadcrumb\"},\"inLanguage\":\"de\",\"potentialAction\":[{\"@type\":\"ReadAction\",\"target\":[\"https:\/\/willems-schmidt.eu\/de\/rechtsberatung\/hans-walhain\/\"]}]},{\"@type\":\"BreadcrumbList\",\"@id\":\"https:\/\/willems-schmidt.eu\/de\/rechtsberatung\/hans-walhain\/#breadcrumb\",\"itemListElement\":[{\"@type\":\"ListItem\",\"position\":1,\"name\":\"Home\",\"item\":\"https:\/\/willems-schmidt.eu\/de\/home\/\"},{\"@type\":\"ListItem\",\"position\":2,\"name\":\"Menschen\",\"item\":\"https:\/\/willems-schmidt.eu\/de\/rechtsberatung\/\"},{\"@type\":\"ListItem\",\"position\":3,\"name\":\"Hans Walhain\"}]}]}<\/script>\n<!-- \/ Yoast SEO plugin. -->","yoast_head_json":{"title":"Hans Walhain - Willems Advocaten &amp; Rechtsanw\u00e4lte","description":"Hans Walhain (1953) absolvierte im April 1979 an der Universit\u00e4t Leiden das Zivilrecht. Er wurde im August 1979 in Rotterdam als Rechtsanwalt vereidigt. Seit 2009 bei Willems in Hans, zun\u00e4chst als freiberuflicher Berater und seit 2017 als Rechtsanwalt. Hans Walhain ist Vorstandsmitglied (Sekret\u00e4r) der Young Bar Association von Rotterdam und Mitglied der Association International des Jeunes Avocats (AIJA) Organisation hat er mehrere nationale Berichte zum Insolvenzrecht verfasst. Derzeit ist er Mitglied der Union Internationale des Avocats (UIA) und Sekret\u00e4r des Berufungsausschusses der Royal Dutch Cricket Association. Hans Walhain f\u00fchrt eine allgemeine Prozesspraxis mit Schwerpunkt auf dem Gesellschaftsrecht im weitesten Sinne des Wortes, einschlie\u00dflich des Arbeitsrechts. Vertragsrecht, Gesellschafterhaftungs- und Insolvenzrecht.","robots":{"index":"index","follow":"follow","max-snippet":"max-snippet:-1","max-image-preview":"max-image-preview:large","max-video-preview":"max-video-preview:-1"},"canonical":"https:\/\/willems-schmidt.eu\/de\/rechtsberatung\/hans-walhain\/","og_locale":"de_DE","og_type":"article","og_title":"Hans Walhain - Willems Advocaten &amp; Rechtsanw\u00e4lte","og_description":"Hans Walhain (1953) absolvierte im April 1979 an der Universit\u00e4t Leiden das Zivilrecht. Er wurde im August 1979 in Rotterdam als Rechtsanwalt vereidigt. Seit 2009 bei Willems in Hans, zun\u00e4chst als freiberuflicher Berater und seit 2017 als Rechtsanwalt. Hans Walhain ist Vorstandsmitglied (Sekret\u00e4r) der Young Bar Association von Rotterdam und Mitglied der Association International des Jeunes Avocats (AIJA) Organisation hat er mehrere nationale Berichte zum Insolvenzrecht verfasst. Derzeit ist er Mitglied der Union Internationale des Avocats (UIA) und Sekret\u00e4r des Berufungsausschusses der Royal Dutch Cricket Association. Hans Walhain f\u00fchrt eine allgemeine Prozesspraxis mit Schwerpunkt auf dem Gesellschaftsrecht im weitesten Sinne des Wortes, einschlie\u00dflich des Arbeitsrechts. Vertragsrecht, Gesellschafterhaftungs- und Insolvenzrecht.","og_url":"https:\/\/willems-schmidt.eu\/de\/rechtsberatung\/hans-walhain\/","og_site_name":"Willems Advocaten &amp; Rechtsanw\u00e4lte","article_publisher":"https:\/\/www.facebook.com\/willemsadvocaten\/","article_modified_time":"2020-03-18T10:59:21+00:00","og_image":[{"url":"https:\/\/willems-schmidt.eu\/wp-content\/uploads\/2018\/04\/FotoHW1-300x300.jpg"}],"twitter_card":"summary_large_image","twitter_site":"@WillemsEU","twitter_misc":{"Gesch\u00e4tzte Lesezeit":"1\u00a0Minute"},"schema":{"@context":"https:\/\/schema.org","@graph":[{"@type":"Organization","@id":"https:\/\/willems-schmidt.eu\/#organization","name":"Willems Advocaten & Rechtsanw\u00e4lte","url":"https:\/\/willems-schmidt.eu\/","sameAs":["https:\/\/www.facebook.com\/willemsadvocaten\/","https:\/\/www.linkedin.com\/company\/294010\/","https:\/\/twitter.com\/WillemsEU"],"logo":{"@type":"ImageObject","@id":"https:\/\/willems-schmidt.eu\/#logo","inLanguage":"de","url":"https:\/\/willems-schmidt.eu\/wp-content\/uploads\/2017\/09\/Tekengebied-1@0.5x.png","contentUrl":"https:\/\/willems-schmidt.eu\/wp-content\/uploads\/2017\/09\/Tekengebied-1@0.5x.png","width":960,"height":960,"caption":"Willems Advocaten & Rechtsanw\u00e4lte"},"image":{"@id":"https:\/\/willems-schmidt.eu\/#logo"}},{"@type":"WebSite","@id":"https:\/\/willems-schmidt.eu\/#website","url":"https:\/\/willems-schmidt.eu\/","name":"Willems Advocaten &amp; Rechtsanw\u00e4lte","description":"Willems Advocaten &amp; Rechtsanw\u00e4lte","publisher":{"@id":"https:\/\/willems-schmidt.eu\/#organization"},"potentialAction":[{"@type":"SearchAction","target":{"@type":"EntryPoint","urlTemplate":"https:\/\/willems-schmidt.eu\/?s={search_term_string}"},"query-input":"required name=search_term_string"}],"inLanguage":"de"},{"@type":"ImageObject","@id":"https:\/\/willems-schmidt.eu\/de\/rechtsberatung\/hans-walhain\/#primaryimage","inLanguage":"de","url":"https:\/\/willems-schmidt.eu\/wp-content\/uploads\/2018\/04\/FotoHW1.jpg","contentUrl":"https:\/\/willems-schmidt.eu\/wp-content\/uploads\/2018\/04\/FotoHW1.jpg","width":1000,"height":1000,"caption":"Hans Walhain Advocaat"},{"@type":"WebPage","@id":"https:\/\/willems-schmidt.eu\/de\/rechtsberatung\/hans-walhain\/#webpage","url":"https:\/\/willems-schmidt.eu\/de\/rechtsberatung\/hans-walhain\/","name":"Hans Walhain - Willems Advocaten &amp; Rechtsanw\u00e4lte","isPartOf":{"@id":"https:\/\/willems-schmidt.eu\/#website"},"primaryImageOfPage":{"@id":"https:\/\/willems-schmidt.eu\/de\/rechtsberatung\/hans-walhain\/#primaryimage"},"datePublished":"2017-11-28T14:40:51+00:00","dateModified":"2020-03-18T10:59:21+00:00","description":"Hans Walhain (1953) absolvierte im April 1979 an der Universit\u00e4t Leiden das Zivilrecht. Er wurde im August 1979 in Rotterdam als Rechtsanwalt vereidigt. Seit 2009 bei Willems in Hans, zun\u00e4chst als freiberuflicher Berater und seit 2017 als Rechtsanwalt. Hans Walhain ist Vorstandsmitglied (Sekret\u00e4r) der Young Bar Association von Rotterdam und Mitglied der Association International des Jeunes Avocats (AIJA) Organisation hat er mehrere nationale Berichte zum Insolvenzrecht verfasst. Derzeit ist er Mitglied der Union Internationale des Avocats (UIA) und Sekret\u00e4r des Berufungsausschusses der Royal Dutch Cricket Association. Hans Walhain f\u00fchrt eine allgemeine Prozesspraxis mit Schwerpunkt auf dem Gesellschaftsrecht im weitesten Sinne des Wortes, einschlie\u00dflich des Arbeitsrechts. Vertragsrecht, Gesellschafterhaftungs- und Insolvenzrecht.","breadcrumb":{"@id":"https:\/\/willems-schmidt.eu\/de\/rechtsberatung\/hans-walhain\/#breadcrumb"},"inLanguage":"de","potentialAction":[{"@type":"ReadAction","target":["https:\/\/willems-schmidt.eu\/de\/rechtsberatung\/hans-walhain\/"]}]},{"@type":"BreadcrumbList","@id":"https:\/\/willems-schmidt.eu\/de\/rechtsberatung\/hans-walhain\/#breadcrumb","itemListElement":[{"@type":"ListItem","position":1,"name":"Home","item":"https:\/\/willems-schmidt.eu\/de\/home\/"},{"@type":"ListItem","position":2,"name":"Menschen","item":"https:\/\/willems-schmidt.eu\/de\/rechtsberatung\/"},{"@type":"ListItem","position":3,"name":"Hans Walhain"}]}]}},"_links":{"self":[{"href":"https:\/\/willems-schmidt.eu\/de\/wp-json\/wp\/v2\/pages\/709"}],"collection":[{"href":"https:\/\/willems-schmidt.eu\/de\/wp-json\/wp\/v2\/pages"}],"about":[{"href":"https:\/\/willems-schmidt.eu\/de\/wp-json\/wp\/v2\/types\/page"}],"author":[{"embeddable":true,"href":"https:\/\/willems-schmidt.eu\/de\/wp-json\/wp\/v2\/users\/1"}],"replies":[{"embeddable":true,"href":"https:\/\/willems-schmidt.eu\/de\/wp-json\/wp\/v2\/comments?post=709"}],"version-history":[{"count":4,"href":"https:\/\/willems-schmidt.eu\/de\/wp-json\/wp\/v2\/pages\/709\/revisions"}],"predecessor-version":[{"id":2079,"href":"https:\/\/willems-schmidt.eu\/de\/wp-json\/wp\/v2\/pages\/709\/revisions\/2079"}],"up":[{"embeddable":true,"href":"https:\/\/willems-schmidt.eu\/de\/wp-json\/wp\/v2\/pages\/715"}],"wp:attachment":[{"href":"https:\/\/willems-schmidt.eu\/de\/wp-json\/wp\/v2\/media?parent=709"}],"curies":[{"name":"wp","href":"https:\/\/api.w.org\/{rel}","templated":true}]}}