{"id":710,"date":"2017-11-28T14:41:51","date_gmt":"2017-11-28T14:41:51","guid":{"rendered":"https:\/\/willems-schmidt.eu\/hilmar-nehm\/"},"modified":"2020-03-18T10:47:34","modified_gmt":"2020-03-18T10:47:34","slug":"hilmar-nehm","status":"publish","type":"page","link":"https:\/\/willems-schmidt.eu\/de\/rechtsberatung\/hilmar-nehm\/","title":{"rendered":"Hilmar Nehm"},"content":{"rendered":"<p><img loading=\"lazy\" class=\"alignleft size-full wp-image-345\" src=\"http:\/\/willems.studioderoos.nl\/wp-content\/uploads\/2016\/12\/HilmarNehm.jpg\" alt=\"hilmarnehm\" width=\"199\" height=\"199\" srcset=\"https:\/\/willems-schmidt.eu\/wp-content\/uploads\/2016\/12\/HilmarNehm.jpg 199w, https:\/\/willems-schmidt.eu\/wp-content\/uploads\/2016\/12\/HilmarNehm-150x150.jpg 150w, https:\/\/willems-schmidt.eu\/wp-content\/uploads\/2016\/12\/HilmarNehm-100x100.jpg 100w\" sizes=\"(max-width: 199px) 100vw, 199px\" \/><strong>Telefon:<br \/>\n<\/strong><a href=\"tel:+31 (0)20 833 0 833\">+31 (0)20 833 0 833<\/a><\/p>\n<p><strong>Fax:<br \/>\n<\/strong>+31 (0)20 833 0 834<\/p>\n<p><strong>E-mail:<\/strong><br \/>\n<a href=\"mailto:hilmar.nehm@willems.eu\">hilmar.nehm@willems.eu <\/a><\/p>\n<p>&nbsp;<\/p>\n<p>Hilmar Nehm wurde 1981 als Anwalt in K\u00f6ln zugelassen, seit 1984 ist er Fachanwalt f\u00fcr Steuerrecht, seit 1986 vereidigter Buchpr\u00fcfer. Er ist Spezialist im Au\u00dfenhandels-, Au\u00dfenwirt-schafts- und Zollrecht.<strong><br \/>\n<\/strong><\/p>\n<p><strong>Zoll- und Au\u00dfenwirtschaftsrecht<\/strong><br \/>\nDie rechtlichen Rahmenbedingungen, zu denen eine Ware \u00fcber eine Grenze gehandelt werden kann, bilden den Schwerpunkt seiner Arbeit. Hierbei geht es nicht nur um staatliche Abgaben, sondern zunehmend um allen Arten von hoheitlichem Dirigismus.<\/p>\n<p>Die Vertretung umfasst national wie auch international sowohl individuelle als auch Verbandsinteressen gegen\u00fcber Beh\u00f6rden, Institutionen und Gerichten.<strong><br \/>\n<\/strong><\/p>\n<p><strong>Steuerrecht<\/strong><br \/>\nAngesichts der F\u00fclle der steuerrechtlichen Regelungen ist eine fundierte steuerrechtliche Beratung im Zusammenhang mit Ihren wirtschaftsrechtlichen Fragestellungen unverzichtbar.<br \/>\nInsbesondere an der Nahtstelle zum Zoll- und Au\u00dfen-wirtschaftsrecht schlie\u00dft dies auch die Vertretung in wirtschaftsstrafrechtlichen und steuerstrafrechtlichen Angele-genheiten ein.<\/p>\n[Name des Anwalts] hat die folgenden Haupt- (und Unter-) Gerichtsbarkeiten im Gerichtsregister der niederl\u00e4ndischen Anwaltskammer eingetragen:<\/p>\n<ul>\n<li>allgemeine Praxis<\/li>\n<li>Zivilrecht<\/li>\n<li>Steuerrecht<\/li>\n<\/ul>\n<p>Auf der Grundlage dieser Registrierung ist er verpflichtet, gem\u00e4\u00df den Standards der niederl\u00e4ndischen Anwaltskammer zehn Ausbildungspunkte in jeder registrierten Hauptgerichtsbarkeit zu erhalten.<\/p>\n","protected":false},"excerpt":{"rendered":"<p>Telefon: +31 (0)20 833 0 833 Fax: +31 (0)20 833 0 834 E-mail: hilmar.nehm@willems.eu &nbsp; Hilmar Nehm wurde 1981 als Anwalt in K\u00f6ln zugelassen, seit 1984 ist er Fachanwalt f\u00fcr Steuerrecht, seit 1986 vereidigter Buchpr\u00fcfer. Er ist Spezialist im Au\u00dfenhandels-, Au\u00dfenwirt-schafts- und Zollrecht. Zoll- und Au\u00dfenwirtschaftsrecht Die rechtlichen Rahmenbedingungen, zu denen eine Ware \u00fcber eine Grenze gehandelt werden kann, bilden &#8230; <\/p>\n<div><a href=\"https:\/\/willems-schmidt.eu\/de\/rechtsberatung\/hilmar-nehm\/\" class=\"more-link\">Read More<\/a><\/div>\n","protected":false},"author":1,"featured_media":0,"parent":715,"menu_order":0,"comment_status":"closed","ping_status":"closed","template":"","meta":{"ub_ctt_via":""},"featured_image_src":null,"yoast_head":"<!-- This site is optimized with the Yoast SEO plugin v17.0 - https:\/\/yoast.com\/wordpress\/plugins\/seo\/ -->\n<title>Hilmar Nehm - Willems Advocaten &amp; Rechtsanw\u00e4lte<\/title>\n<meta name=\"description\" content=\"Hilmar Nehm wurde 1981 als Anwalt in K\u00f6ln am deutschen Schalter zugelassen; seit 1984 ist er anerkannter fachanwalt f\u00fcr deutsches steuerrecht und seit 1986 zugelassener wirtschaftspr\u00fcfer mit schwerpunkt auf dem gebiet des grenz\u00fcberschreitenden handelsrechts, auch mit interesse an zollangelegenheiten gehandelt werden kann, sein Kern und Ausgangspunkt f\u00fcr seine Aktivit\u00e4ten. Dies betrifft nicht nur die Angelegenheiten, die die Parteien selbst miteinander vereinbaren k\u00f6nnen und d\u00fcrfen, sondern auch Abgaben jeglicher Art: Schlie\u00dflich m\u00fcssen sich die Parteien zunehmend mit der Regulierbarkeit von Regierungen auseinandersetzen, die sich in vielf\u00e4ltiger Form pr\u00e4sentieren. Hilmar Nehms Beratung in transnationalen Angelegenheiten betrifft sowohl die Vertretung individueller als auch kollektiver Interessen bei Regierungen, Institutionen und Gerichten das ist als charakteristikum von wesentlicher bedeutung: neben zoll- und steuerrechtlichen aspekten des handelsrechts ist hilmar nehm auch im wirtschafts- und fiskalstrafrecht in deutschland t\u00e4tig.\" \/>\n<meta name=\"robots\" content=\"index, follow, max-snippet:-1, max-image-preview:large, max-video-preview:-1\" \/>\n<link rel=\"canonical\" href=\"https:\/\/willems-schmidt.eu\/de\/rechtsberatung\/hilmar-nehm\/\" \/>\n<meta property=\"og:locale\" content=\"de_DE\" \/>\n<meta property=\"og:type\" content=\"article\" \/>\n<meta property=\"og:title\" content=\"Hilmar Nehm - Willems Advocaten &amp; Rechtsanw\u00e4lte\" \/>\n<meta property=\"og:description\" content=\"Hilmar Nehm wurde 1981 als Anwalt in K\u00f6ln am deutschen Schalter zugelassen; seit 1984 ist er anerkannter fachanwalt f\u00fcr deutsches steuerrecht und seit 1986 zugelassener wirtschaftspr\u00fcfer mit schwerpunkt auf dem gebiet des grenz\u00fcberschreitenden handelsrechts, auch mit interesse an zollangelegenheiten gehandelt werden kann, sein Kern und Ausgangspunkt f\u00fcr seine Aktivit\u00e4ten. Dies betrifft nicht nur die Angelegenheiten, die die Parteien selbst miteinander vereinbaren k\u00f6nnen und d\u00fcrfen, sondern auch Abgaben jeglicher Art: Schlie\u00dflich m\u00fcssen sich die Parteien zunehmend mit der Regulierbarkeit von Regierungen auseinandersetzen, die sich in vielf\u00e4ltiger Form pr\u00e4sentieren. Hilmar Nehms Beratung in transnationalen Angelegenheiten betrifft sowohl die Vertretung individueller als auch kollektiver Interessen bei Regierungen, Institutionen und Gerichten das ist als charakteristikum von wesentlicher bedeutung: neben zoll- und steuerrechtlichen aspekten des handelsrechts ist hilmar nehm auch im wirtschafts- und fiskalstrafrecht in deutschland t\u00e4tig.\" \/>\n<meta property=\"og:url\" content=\"https:\/\/willems-schmidt.eu\/de\/rechtsberatung\/hilmar-nehm\/\" \/>\n<meta property=\"og:site_name\" content=\"Willems Advocaten &amp; Rechtsanw\u00e4lte\" \/>\n<meta property=\"article:publisher\" content=\"https:\/\/www.facebook.com\/willemsadvocaten\/\" \/>\n<meta property=\"article:modified_time\" content=\"2020-03-18T10:47:34+00:00\" \/>\n<meta property=\"og:image\" content=\"http:\/\/willems.studioderoos.nl\/wp-content\/uploads\/2016\/12\/HilmarNehm.jpg\" \/>\n<meta name=\"twitter:card\" content=\"summary_large_image\" \/>\n<meta name=\"twitter:site\" content=\"@WillemsEU\" \/>\n<meta name=\"twitter:label1\" content=\"Gesch\u00e4tzte Lesezeit\" \/>\n\t<meta name=\"twitter:data1\" content=\"1\u00a0Minute\" \/>\n<script type=\"application\/ld+json\" class=\"yoast-schema-graph\">{\"@context\":\"https:\/\/schema.org\",\"@graph\":[{\"@type\":\"Organization\",\"@id\":\"https:\/\/willems-schmidt.eu\/#organization\",\"name\":\"Willems Advocaten & Rechtsanw\\u00e4lte\",\"url\":\"https:\/\/willems-schmidt.eu\/\",\"sameAs\":[\"https:\/\/www.facebook.com\/willemsadvocaten\/\",\"https:\/\/www.linkedin.com\/company\/294010\/\",\"https:\/\/twitter.com\/WillemsEU\"],\"logo\":{\"@type\":\"ImageObject\",\"@id\":\"https:\/\/willems-schmidt.eu\/#logo\",\"inLanguage\":\"de\",\"url\":\"https:\/\/willems-schmidt.eu\/wp-content\/uploads\/2017\/09\/Tekengebied-1@0.5x.png\",\"contentUrl\":\"https:\/\/willems-schmidt.eu\/wp-content\/uploads\/2017\/09\/Tekengebied-1@0.5x.png\",\"width\":960,\"height\":960,\"caption\":\"Willems Advocaten & Rechtsanw\\u00e4lte\"},\"image\":{\"@id\":\"https:\/\/willems-schmidt.eu\/#logo\"}},{\"@type\":\"WebSite\",\"@id\":\"https:\/\/willems-schmidt.eu\/#website\",\"url\":\"https:\/\/willems-schmidt.eu\/\",\"name\":\"Willems Advocaten &amp; Rechtsanw\\u00e4lte\",\"description\":\"Willems Advocaten &amp; Rechtsanw\\u00e4lte\",\"publisher\":{\"@id\":\"https:\/\/willems-schmidt.eu\/#organization\"},\"potentialAction\":[{\"@type\":\"SearchAction\",\"target\":{\"@type\":\"EntryPoint\",\"urlTemplate\":\"https:\/\/willems-schmidt.eu\/?s={search_term_string}\"},\"query-input\":\"required name=search_term_string\"}],\"inLanguage\":\"de\"},{\"@type\":\"ImageObject\",\"@id\":\"https:\/\/willems-schmidt.eu\/de\/rechtsberatung\/hilmar-nehm\/#primaryimage\",\"inLanguage\":\"de\",\"url\":\"http:\/\/willems.studioderoos.nl\/wp-content\/uploads\/2016\/12\/HilmarNehm.jpg\",\"contentUrl\":\"http:\/\/willems.studioderoos.nl\/wp-content\/uploads\/2016\/12\/HilmarNehm.jpg\"},{\"@type\":\"WebPage\",\"@id\":\"https:\/\/willems-schmidt.eu\/de\/rechtsberatung\/hilmar-nehm\/#webpage\",\"url\":\"https:\/\/willems-schmidt.eu\/de\/rechtsberatung\/hilmar-nehm\/\",\"name\":\"Hilmar Nehm - Willems Advocaten &amp; Rechtsanw\\u00e4lte\",\"isPartOf\":{\"@id\":\"https:\/\/willems-schmidt.eu\/#website\"},\"primaryImageOfPage\":{\"@id\":\"https:\/\/willems-schmidt.eu\/de\/rechtsberatung\/hilmar-nehm\/#primaryimage\"},\"datePublished\":\"2017-11-28T14:41:51+00:00\",\"dateModified\":\"2020-03-18T10:47:34+00:00\",\"description\":\"Hilmar Nehm wurde 1981 als Anwalt in K\\u00f6ln am deutschen Schalter zugelassen; seit 1984 ist er anerkannter fachanwalt f\\u00fcr deutsches steuerrecht und seit 1986 zugelassener wirtschaftspr\\u00fcfer mit schwerpunkt auf dem gebiet des grenz\\u00fcberschreitenden handelsrechts, auch mit interesse an zollangelegenheiten gehandelt werden kann, sein Kern und Ausgangspunkt f\\u00fcr seine Aktivit\\u00e4ten. Dies betrifft nicht nur die Angelegenheiten, die die Parteien selbst miteinander vereinbaren k\\u00f6nnen und d\\u00fcrfen, sondern auch Abgaben jeglicher Art: Schlie\\u00dflich m\\u00fcssen sich die Parteien zunehmend mit der Regulierbarkeit von Regierungen auseinandersetzen, die sich in vielf\\u00e4ltiger Form pr\\u00e4sentieren. Hilmar Nehms Beratung in transnationalen Angelegenheiten betrifft sowohl die Vertretung individueller als auch kollektiver Interessen bei Regierungen, Institutionen und Gerichten das ist als charakteristikum von wesentlicher bedeutung: neben zoll- und steuerrechtlichen aspekten des handelsrechts ist hilmar nehm auch im wirtschafts- und fiskalstrafrecht in deutschland t\\u00e4tig.\",\"breadcrumb\":{\"@id\":\"https:\/\/willems-schmidt.eu\/de\/rechtsberatung\/hilmar-nehm\/#breadcrumb\"},\"inLanguage\":\"de\",\"potentialAction\":[{\"@type\":\"ReadAction\",\"target\":[\"https:\/\/willems-schmidt.eu\/de\/rechtsberatung\/hilmar-nehm\/\"]}]},{\"@type\":\"BreadcrumbList\",\"@id\":\"https:\/\/willems-schmidt.eu\/de\/rechtsberatung\/hilmar-nehm\/#breadcrumb\",\"itemListElement\":[{\"@type\":\"ListItem\",\"position\":1,\"name\":\"Home\",\"item\":\"https:\/\/willems-schmidt.eu\/de\/home\/\"},{\"@type\":\"ListItem\",\"position\":2,\"name\":\"Menschen\",\"item\":\"https:\/\/willems-schmidt.eu\/de\/rechtsberatung\/\"},{\"@type\":\"ListItem\",\"position\":3,\"name\":\"Hilmar Nehm\"}]}]}<\/script>\n<!-- \/ Yoast SEO plugin. -->","yoast_head_json":{"title":"Hilmar Nehm - Willems Advocaten &amp; Rechtsanw\u00e4lte","description":"Hilmar Nehm wurde 1981 als Anwalt in K\u00f6ln am deutschen Schalter zugelassen; seit 1984 ist er anerkannter fachanwalt f\u00fcr deutsches steuerrecht und seit 1986 zugelassener wirtschaftspr\u00fcfer mit schwerpunkt auf dem gebiet des grenz\u00fcberschreitenden handelsrechts, auch mit interesse an zollangelegenheiten gehandelt werden kann, sein Kern und Ausgangspunkt f\u00fcr seine Aktivit\u00e4ten. Dies betrifft nicht nur die Angelegenheiten, die die Parteien selbst miteinander vereinbaren k\u00f6nnen und d\u00fcrfen, sondern auch Abgaben jeglicher Art: Schlie\u00dflich m\u00fcssen sich die Parteien zunehmend mit der Regulierbarkeit von Regierungen auseinandersetzen, die sich in vielf\u00e4ltiger Form pr\u00e4sentieren. Hilmar Nehms Beratung in transnationalen Angelegenheiten betrifft sowohl die Vertretung individueller als auch kollektiver Interessen bei Regierungen, Institutionen und Gerichten das ist als charakteristikum von wesentlicher bedeutung: neben zoll- und steuerrechtlichen aspekten des handelsrechts ist hilmar nehm auch im wirtschafts- und fiskalstrafrecht in deutschland t\u00e4tig.","robots":{"index":"index","follow":"follow","max-snippet":"max-snippet:-1","max-image-preview":"max-image-preview:large","max-video-preview":"max-video-preview:-1"},"canonical":"https:\/\/willems-schmidt.eu\/de\/rechtsberatung\/hilmar-nehm\/","og_locale":"de_DE","og_type":"article","og_title":"Hilmar Nehm - Willems Advocaten &amp; Rechtsanw\u00e4lte","og_description":"Hilmar Nehm wurde 1981 als Anwalt in K\u00f6ln am deutschen Schalter zugelassen; seit 1984 ist er anerkannter fachanwalt f\u00fcr deutsches steuerrecht und seit 1986 zugelassener wirtschaftspr\u00fcfer mit schwerpunkt auf dem gebiet des grenz\u00fcberschreitenden handelsrechts, auch mit interesse an zollangelegenheiten gehandelt werden kann, sein Kern und Ausgangspunkt f\u00fcr seine Aktivit\u00e4ten. Dies betrifft nicht nur die Angelegenheiten, die die Parteien selbst miteinander vereinbaren k\u00f6nnen und d\u00fcrfen, sondern auch Abgaben jeglicher Art: Schlie\u00dflich m\u00fcssen sich die Parteien zunehmend mit der Regulierbarkeit von Regierungen auseinandersetzen, die sich in vielf\u00e4ltiger Form pr\u00e4sentieren. Hilmar Nehms Beratung in transnationalen Angelegenheiten betrifft sowohl die Vertretung individueller als auch kollektiver Interessen bei Regierungen, Institutionen und Gerichten das ist als charakteristikum von wesentlicher bedeutung: neben zoll- und steuerrechtlichen aspekten des handelsrechts ist hilmar nehm auch im wirtschafts- und fiskalstrafrecht in deutschland t\u00e4tig.","og_url":"https:\/\/willems-schmidt.eu\/de\/rechtsberatung\/hilmar-nehm\/","og_site_name":"Willems Advocaten &amp; Rechtsanw\u00e4lte","article_publisher":"https:\/\/www.facebook.com\/willemsadvocaten\/","article_modified_time":"2020-03-18T10:47:34+00:00","og_image":[{"url":"http:\/\/willems.studioderoos.nl\/wp-content\/uploads\/2016\/12\/HilmarNehm.jpg"}],"twitter_card":"summary_large_image","twitter_site":"@WillemsEU","twitter_misc":{"Gesch\u00e4tzte Lesezeit":"1\u00a0Minute"},"schema":{"@context":"https:\/\/schema.org","@graph":[{"@type":"Organization","@id":"https:\/\/willems-schmidt.eu\/#organization","name":"Willems Advocaten & Rechtsanw\u00e4lte","url":"https:\/\/willems-schmidt.eu\/","sameAs":["https:\/\/www.facebook.com\/willemsadvocaten\/","https:\/\/www.linkedin.com\/company\/294010\/","https:\/\/twitter.com\/WillemsEU"],"logo":{"@type":"ImageObject","@id":"https:\/\/willems-schmidt.eu\/#logo","inLanguage":"de","url":"https:\/\/willems-schmidt.eu\/wp-content\/uploads\/2017\/09\/Tekengebied-1@0.5x.png","contentUrl":"https:\/\/willems-schmidt.eu\/wp-content\/uploads\/2017\/09\/Tekengebied-1@0.5x.png","width":960,"height":960,"caption":"Willems Advocaten & Rechtsanw\u00e4lte"},"image":{"@id":"https:\/\/willems-schmidt.eu\/#logo"}},{"@type":"WebSite","@id":"https:\/\/willems-schmidt.eu\/#website","url":"https:\/\/willems-schmidt.eu\/","name":"Willems Advocaten &amp; Rechtsanw\u00e4lte","description":"Willems Advocaten &amp; Rechtsanw\u00e4lte","publisher":{"@id":"https:\/\/willems-schmidt.eu\/#organization"},"potentialAction":[{"@type":"SearchAction","target":{"@type":"EntryPoint","urlTemplate":"https:\/\/willems-schmidt.eu\/?s={search_term_string}"},"query-input":"required name=search_term_string"}],"inLanguage":"de"},{"@type":"ImageObject","@id":"https:\/\/willems-schmidt.eu\/de\/rechtsberatung\/hilmar-nehm\/#primaryimage","inLanguage":"de","url":"http:\/\/willems.studioderoos.nl\/wp-content\/uploads\/2016\/12\/HilmarNehm.jpg","contentUrl":"http:\/\/willems.studioderoos.nl\/wp-content\/uploads\/2016\/12\/HilmarNehm.jpg"},{"@type":"WebPage","@id":"https:\/\/willems-schmidt.eu\/de\/rechtsberatung\/hilmar-nehm\/#webpage","url":"https:\/\/willems-schmidt.eu\/de\/rechtsberatung\/hilmar-nehm\/","name":"Hilmar Nehm - Willems Advocaten &amp; Rechtsanw\u00e4lte","isPartOf":{"@id":"https:\/\/willems-schmidt.eu\/#website"},"primaryImageOfPage":{"@id":"https:\/\/willems-schmidt.eu\/de\/rechtsberatung\/hilmar-nehm\/#primaryimage"},"datePublished":"2017-11-28T14:41:51+00:00","dateModified":"2020-03-18T10:47:34+00:00","description":"Hilmar Nehm wurde 1981 als Anwalt in K\u00f6ln am deutschen Schalter zugelassen; seit 1984 ist er anerkannter fachanwalt f\u00fcr deutsches steuerrecht und seit 1986 zugelassener wirtschaftspr\u00fcfer mit schwerpunkt auf dem gebiet des grenz\u00fcberschreitenden handelsrechts, auch mit interesse an zollangelegenheiten gehandelt werden kann, sein Kern und Ausgangspunkt f\u00fcr seine Aktivit\u00e4ten. Dies betrifft nicht nur die Angelegenheiten, die die Parteien selbst miteinander vereinbaren k\u00f6nnen und d\u00fcrfen, sondern auch Abgaben jeglicher Art: Schlie\u00dflich m\u00fcssen sich die Parteien zunehmend mit der Regulierbarkeit von Regierungen auseinandersetzen, die sich in vielf\u00e4ltiger Form pr\u00e4sentieren. Hilmar Nehms Beratung in transnationalen Angelegenheiten betrifft sowohl die Vertretung individueller als auch kollektiver Interessen bei Regierungen, Institutionen und Gerichten das ist als charakteristikum von wesentlicher bedeutung: neben zoll- und steuerrechtlichen aspekten des handelsrechts ist hilmar nehm auch im wirtschafts- und fiskalstrafrecht in deutschland t\u00e4tig.","breadcrumb":{"@id":"https:\/\/willems-schmidt.eu\/de\/rechtsberatung\/hilmar-nehm\/#breadcrumb"},"inLanguage":"de","potentialAction":[{"@type":"ReadAction","target":["https:\/\/willems-schmidt.eu\/de\/rechtsberatung\/hilmar-nehm\/"]}]},{"@type":"BreadcrumbList","@id":"https:\/\/willems-schmidt.eu\/de\/rechtsberatung\/hilmar-nehm\/#breadcrumb","itemListElement":[{"@type":"ListItem","position":1,"name":"Home","item":"https:\/\/willems-schmidt.eu\/de\/home\/"},{"@type":"ListItem","position":2,"name":"Menschen","item":"https:\/\/willems-schmidt.eu\/de\/rechtsberatung\/"},{"@type":"ListItem","position":3,"name":"Hilmar Nehm"}]}]}},"_links":{"self":[{"href":"https:\/\/willems-schmidt.eu\/de\/wp-json\/wp\/v2\/pages\/710"}],"collection":[{"href":"https:\/\/willems-schmidt.eu\/de\/wp-json\/wp\/v2\/pages"}],"about":[{"href":"https:\/\/willems-schmidt.eu\/de\/wp-json\/wp\/v2\/types\/page"}],"author":[{"embeddable":true,"href":"https:\/\/willems-schmidt.eu\/de\/wp-json\/wp\/v2\/users\/1"}],"replies":[{"embeddable":true,"href":"https:\/\/willems-schmidt.eu\/de\/wp-json\/wp\/v2\/comments?post=710"}],"version-history":[{"count":2,"href":"https:\/\/willems-schmidt.eu\/de\/wp-json\/wp\/v2\/pages\/710\/revisions"}],"predecessor-version":[{"id":2077,"href":"https:\/\/willems-schmidt.eu\/de\/wp-json\/wp\/v2\/pages\/710\/revisions\/2077"}],"up":[{"embeddable":true,"href":"https:\/\/willems-schmidt.eu\/de\/wp-json\/wp\/v2\/pages\/715"}],"wp:attachment":[{"href":"https:\/\/willems-schmidt.eu\/de\/wp-json\/wp\/v2\/media?parent=710"}],"curies":[{"name":"wp","href":"https:\/\/api.w.org\/{rel}","templated":true}]}}