{"id":712,"date":"2017-11-28T14:43:59","date_gmt":"2017-11-28T14:43:59","guid":{"rendered":"https:\/\/willems-schmidt.eu\/hans-mathijsen\/"},"modified":"2022-01-26T14:53:30","modified_gmt":"2022-01-26T14:53:30","slug":"hans-mathijsen","status":"publish","type":"page","link":"https:\/\/willems-schmidt.eu\/de\/rechtsberatung\/hans-mathijsen\/","title":{"rendered":"Hans Mathijsen"},"content":{"rendered":"<p><strong><a href=\"https:\/\/willems-schmidt.eu\/wp-content\/uploads\/2020\/09\/foto-hans-september-2020.jpg\"><img loading=\"lazy\" class=\"wp-image-2167 alignleft\" src=\"https:\/\/willems-schmidt.eu\/wp-content\/uploads\/2020\/09\/foto-hans-september-2020.jpg\" alt=\"\" width=\"223\" height=\"297\" srcset=\"https:\/\/willems-schmidt.eu\/wp-content\/uploads\/2020\/09\/foto-hans-september-2020.jpg 2000w, https:\/\/willems-schmidt.eu\/wp-content\/uploads\/2020\/09\/foto-hans-september-2020-225x300.jpg 225w, https:\/\/willems-schmidt.eu\/wp-content\/uploads\/2020\/09\/foto-hans-september-2020-768x1024.jpg 768w, https:\/\/willems-schmidt.eu\/wp-content\/uploads\/2020\/09\/foto-hans-september-2020-100x133.jpg 100w, https:\/\/willems-schmidt.eu\/wp-content\/uploads\/2020\/09\/foto-hans-september-2020-1200x1600.jpg 1200w\" sizes=\"(max-width: 223px) 100vw, 223px\" \/><\/a>Telefon:<\/strong><br \/>\n<a href=\"tel: +31 (0)20 833 0 833\">+31 (0)20 833 0 833<\/a><\/p>\n<p><strong>Fax:<br \/>\n<\/strong>+31 (0)20 833 0 834<\/p>\n<p><strong>E-mail:<br \/>\n<\/strong><a href=\"mailto:hans.mathijsen@willems.eu\">hans.mathijsen@willems.eu<\/a><\/p>\n<p>Hans Mathijsen (1957) studierte an der Rijksuniversiteit Leiden und schloss sein Studium mit dem Thema Haftung bei Verhandlungen ab. Er wurde 1985 als Rechtsanwalt und Prozessbevollm\u00e4chtigter in Amsterdam zugelassen. Seine T\u00e4tigkeitsgebiete umfassen die Dienstleistung f\u00fcr Unternehmen und private Mandanten, besonders auf kommerziell-juristischem Gebiet; er hat eine international orientierte Praxis.<\/p>\n<p>Besonderes Interessensgebiet dabei sind die grenz\u00fcberschreitenden Beziehungen mit Belgien und die niederl\u00e4ndisch-deutschen Beziehungen. Nach einem zus\u00e4tzlichen Studium in Deutschland ist er seit 1998 als Rechtsanwalt in Deutschland zugelassen und Mitglied der Rechtsanwaltschaft von D\u00fcsseldorf. 2004 erhielt er die zus\u00e4tzliche Zulassung zur Anwaltschaft vom Oberlandesgericht von Nordrhein-Westfalen. Er ist Mitglied verschiedener Juristenvereinigungen, der Deutsch-Niederl\u00e4ndischen Rechtsanwaltsvereinigung, des Deutschen Anwalt Verein DAV und der Union Internationale des Avocats. Er ist als aktiver Reserveoffizier (milit\u00e4risch-juristischer Dienst) beim Verteidigungsministerium angestellt.<\/p>\n<p>Hans hat die folgenden Haupt- (und Unter-) Gerichtsbarkeiten im Gerichtsregister der niederl\u00e4ndischen Anwaltskammer eingetragen:<\/p>\n<ul>\n<li>allgemeine Praxis<\/li>\n<li>Zivilrecht<\/li>\n<li>Gesellschaftsrecht<\/li>\n<li>Agentur und Vertrieb<\/li>\n<li>Berufshaftpflicht<\/li>\n<li>Haftung der Direktoren<\/li>\n<li>Fusionen und \u00dcbernahmen<\/li>\n<li>Unternehmen<\/li>\n<li>Vereine und Stiftungen<\/li>\n<\/ul>\n<p>Auf der Grundlage dieser Registrierung ist er verpflichtet, gem\u00e4\u00df den Standards der niederl\u00e4ndischen Anwaltskammer zehn Ausbildungspunkte in jeder registrierten Hauptgerichtsbarkeit zu erhalten.<\/p>\n","protected":false},"excerpt":{"rendered":"<p>Telefon: +31 (0)20 833 0 833 Fax: +31 (0)20 833 0 834 E-mail: hans.mathijsen@willems.eu Hans Mathijsen (1957) studierte an der Rijksuniversiteit Leiden und schloss sein Studium mit dem Thema Haftung bei Verhandlungen ab. Er wurde 1985 als Rechtsanwalt und Prozessbevollm\u00e4chtigter in Amsterdam zugelassen. Seine T\u00e4tigkeitsgebiete umfassen die Dienstleistung f\u00fcr Unternehmen und private Mandanten, besonders auf kommerziell-juristischem Gebiet; er hat eine &#8230; <\/p>\n<div><a href=\"https:\/\/willems-schmidt.eu\/de\/rechtsberatung\/hans-mathijsen\/\" class=\"more-link\">Read More<\/a><\/div>\n","protected":false},"author":1,"featured_media":0,"parent":715,"menu_order":0,"comment_status":"closed","ping_status":"closed","template":"","meta":{"ub_ctt_via":""},"featured_image_src":null,"yoast_head":"<!-- This site is optimized with the Yoast SEO plugin v17.0 - https:\/\/yoast.com\/wordpress\/plugins\/seo\/ -->\n<title>Hans Mathijsen - Willems Advocaten &amp; Rechtsanw\u00e4lte<\/title>\n<meta name=\"description\" content=\"Hans Mathijsen (1957) studierte an der Universit\u00e4t Leiden und absolvierte dort die Haftung f\u00fcr Verhandlungen. Er wurde 1985 in Amsterdam als Rechtsanwalt und Rechtsanwalt vereidigt. Seine T\u00e4tigkeit umfasst Dienstleistungen f\u00fcr Unternehmen und Privatpersonen, insbesondere im Bereich des Handelsrechts; Er hat eine international ausgerichtete Praxis. Besondere Schwerpunkte sind die grenz\u00fcberschreitenden Beziehungen zu Belgien und die deutsch-niederl\u00e4ndischen Beziehungen. Nach einem zus\u00e4tzlichen Studium in Deutschland ist er seit 1998 als Rechtsanwalt in Deutschland und als Rechtsanwalt in D\u00fcsseldorf zugelassen. 2004 erhielt er eine zus\u00e4tzliche Zulassung als Rechtsanwalt beim Oberlandesgericht Nordrhein-Westfalen und ist Mitglied verschiedener Rechtsanwaltskammern, des Deutsch-Niederl\u00e4ndischen Anwaltsvereins, des Deutschen Anwaltvereins DAV und der Union Internationale des Avocats. Er ist aktiver Reserveoffizier (Streitkr\u00e4fte des Milit\u00e4rrechtsdienstes) des Verteidigungsministeriums und ist als Schiedsrichter bei der Deutsch-Niederl\u00e4ndischen Handelskammer t\u00e4tig aktiv.\" \/>\n<meta name=\"robots\" content=\"index, follow, max-snippet:-1, max-image-preview:large, max-video-preview:-1\" \/>\n<link rel=\"canonical\" href=\"https:\/\/willems-schmidt.eu\/de\/professionals\/hans-mathijsen\/\" \/>\n<meta property=\"og:locale\" content=\"de_DE\" \/>\n<meta property=\"og:type\" content=\"article\" \/>\n<meta property=\"og:title\" content=\"Hans Mathijsen - Willems Advocaten &amp; Rechtsanw\u00e4lte\" \/>\n<meta property=\"og:description\" content=\"Hans Mathijsen (1957) studierte an der Universit\u00e4t Leiden und absolvierte dort die Haftung f\u00fcr Verhandlungen. Er wurde 1985 in Amsterdam als Rechtsanwalt und Rechtsanwalt vereidigt. Seine T\u00e4tigkeit umfasst Dienstleistungen f\u00fcr Unternehmen und Privatpersonen, insbesondere im Bereich des Handelsrechts; Er hat eine international ausgerichtete Praxis. Besondere Schwerpunkte sind die grenz\u00fcberschreitenden Beziehungen zu Belgien und die deutsch-niederl\u00e4ndischen Beziehungen. Nach einem zus\u00e4tzlichen Studium in Deutschland ist er seit 1998 als Rechtsanwalt in Deutschland und als Rechtsanwalt in D\u00fcsseldorf zugelassen. 2004 erhielt er eine zus\u00e4tzliche Zulassung als Rechtsanwalt beim Oberlandesgericht Nordrhein-Westfalen und ist Mitglied verschiedener Rechtsanwaltskammern, des Deutsch-Niederl\u00e4ndischen Anwaltsvereins, des Deutschen Anwaltvereins DAV und der Union Internationale des Avocats. Er ist aktiver Reserveoffizier (Streitkr\u00e4fte des Milit\u00e4rrechtsdienstes) des Verteidigungsministeriums und ist als Schiedsrichter bei der Deutsch-Niederl\u00e4ndischen Handelskammer t\u00e4tig aktiv.\" \/>\n<meta property=\"og:url\" content=\"https:\/\/willems-schmidt.eu\/professionals\/hans-mathijsen\/\" \/>\n<meta property=\"og:site_name\" content=\"Willems Advocaten &amp; Rechtsanw\u00e4lte\" \/>\n<meta property=\"article:publisher\" content=\"https:\/\/www.facebook.com\/willemsadvocaten\/\" \/>\n<meta property=\"article:modified_time\" content=\"2022-01-26T14:53:30+00:00\" \/>\n<meta property=\"og:image\" content=\"https:\/\/willems-schmidt.eu\/wp-content\/uploads\/2020\/09\/foto-hans-september-2020.jpg\" \/>\n<meta name=\"twitter:card\" content=\"summary_large_image\" \/>\n<meta name=\"twitter:site\" content=\"@WillemsEU\" \/>\n<meta name=\"twitter:label1\" content=\"Gesch\u00e4tzte Lesezeit\" \/>\n\t<meta name=\"twitter:data1\" content=\"1\u00a0Minute\" \/>\n<script type=\"application\/ld+json\" class=\"yoast-schema-graph\">{\"@context\":\"https:\/\/schema.org\",\"@graph\":[{\"@type\":\"Organization\",\"@id\":\"https:\/\/willems-schmidt.eu\/#organization\",\"name\":\"Willems Advocaten & Rechtsanw\\u00e4lte\",\"url\":\"https:\/\/willems-schmidt.eu\/\",\"sameAs\":[\"https:\/\/www.facebook.com\/willemsadvocaten\/\",\"https:\/\/www.linkedin.com\/company\/294010\/\",\"https:\/\/twitter.com\/WillemsEU\"],\"logo\":{\"@type\":\"ImageObject\",\"@id\":\"https:\/\/willems-schmidt.eu\/#logo\",\"inLanguage\":\"de\",\"url\":\"https:\/\/willems-schmidt.eu\/wp-content\/uploads\/2017\/09\/Tekengebied-1@0.5x.png\",\"contentUrl\":\"https:\/\/willems-schmidt.eu\/wp-content\/uploads\/2017\/09\/Tekengebied-1@0.5x.png\",\"width\":960,\"height\":960,\"caption\":\"Willems Advocaten & Rechtsanw\\u00e4lte\"},\"image\":{\"@id\":\"https:\/\/willems-schmidt.eu\/#logo\"}},{\"@type\":\"WebSite\",\"@id\":\"https:\/\/willems-schmidt.eu\/#website\",\"url\":\"https:\/\/willems-schmidt.eu\/\",\"name\":\"Willems Advocaten &amp; Rechtsanw\\u00e4lte\",\"description\":\"Willems Advocaten &amp; Rechtsanw\\u00e4lte\",\"publisher\":{\"@id\":\"https:\/\/willems-schmidt.eu\/#organization\"},\"potentialAction\":[{\"@type\":\"SearchAction\",\"target\":{\"@type\":\"EntryPoint\",\"urlTemplate\":\"https:\/\/willems-schmidt.eu\/?s={search_term_string}\"},\"query-input\":\"required name=search_term_string\"}],\"inLanguage\":\"de\"},{\"@type\":\"ImageObject\",\"@id\":\"https:\/\/willems-schmidt.eu\/professionals\/hans-mathijsen\/#primaryimage\",\"inLanguage\":\"de\",\"url\":\"https:\/\/willems-schmidt.eu\/wp-content\/uploads\/2020\/09\/foto-hans-september-2020.jpg\",\"contentUrl\":\"https:\/\/willems-schmidt.eu\/wp-content\/uploads\/2020\/09\/foto-hans-september-2020.jpg\",\"width\":2000,\"height\":2666,\"caption\":\"Hans Mathijsen Advocaat & Rechtsanwalt\"},{\"@type\":\"WebPage\",\"@id\":\"https:\/\/willems-schmidt.eu\/professionals\/hans-mathijsen\/#webpage\",\"url\":\"https:\/\/willems-schmidt.eu\/professionals\/hans-mathijsen\/\",\"name\":\"Hans Mathijsen - Willems Advocaten &amp; Rechtsanw\\u00e4lte\",\"isPartOf\":{\"@id\":\"https:\/\/willems-schmidt.eu\/#website\"},\"primaryImageOfPage\":{\"@id\":\"https:\/\/willems-schmidt.eu\/professionals\/hans-mathijsen\/#primaryimage\"},\"datePublished\":\"2017-11-28T14:43:59+00:00\",\"dateModified\":\"2022-01-26T14:53:30+00:00\",\"description\":\"Hans Mathijsen (1957) studierte an der Universit\\u00e4t Leiden und absolvierte dort die Haftung f\\u00fcr Verhandlungen. Er wurde 1985 in Amsterdam als Rechtsanwalt und Rechtsanwalt vereidigt. Seine T\\u00e4tigkeit umfasst Dienstleistungen f\\u00fcr Unternehmen und Privatpersonen, insbesondere im Bereich des Handelsrechts; Er hat eine international ausgerichtete Praxis. Besondere Schwerpunkte sind die grenz\\u00fcberschreitenden Beziehungen zu Belgien und die deutsch-niederl\\u00e4ndischen Beziehungen. Nach einem zus\\u00e4tzlichen Studium in Deutschland ist er seit 1998 als Rechtsanwalt in Deutschland und als Rechtsanwalt in D\\u00fcsseldorf zugelassen. 2004 erhielt er eine zus\\u00e4tzliche Zulassung als Rechtsanwalt beim Oberlandesgericht Nordrhein-Westfalen und ist Mitglied verschiedener Rechtsanwaltskammern, des Deutsch-Niederl\\u00e4ndischen Anwaltsvereins, des Deutschen Anwaltvereins DAV und der Union Internationale des Avocats. Er ist aktiver Reserveoffizier (Streitkr\\u00e4fte des Milit\\u00e4rrechtsdienstes) des Verteidigungsministeriums und ist als Schiedsrichter bei der Deutsch-Niederl\\u00e4ndischen Handelskammer t\\u00e4tig aktiv.\",\"breadcrumb\":{\"@id\":\"https:\/\/willems-schmidt.eu\/professionals\/hans-mathijsen\/#breadcrumb\"},\"inLanguage\":\"de\",\"potentialAction\":[{\"@type\":\"ReadAction\",\"target\":[\"https:\/\/willems-schmidt.eu\/professionals\/hans-mathijsen\/\"]}]},{\"@type\":\"BreadcrumbList\",\"@id\":\"https:\/\/willems-schmidt.eu\/professionals\/hans-mathijsen\/#breadcrumb\",\"itemListElement\":[{\"@type\":\"ListItem\",\"position\":1,\"name\":\"Home\",\"item\":\"https:\/\/willems-schmidt.eu\/de\/home\/\"},{\"@type\":\"ListItem\",\"position\":2,\"name\":\"Menschen\",\"item\":\"https:\/\/willems-schmidt.eu\/de\/rechtsberatung\/\"},{\"@type\":\"ListItem\",\"position\":3,\"name\":\"Hans Mathijsen\"}]}]}<\/script>\n<!-- \/ Yoast SEO plugin. -->","yoast_head_json":{"title":"Hans Mathijsen - Willems Advocaten &amp; Rechtsanw\u00e4lte","description":"Hans Mathijsen (1957) studierte an der Universit\u00e4t Leiden und absolvierte dort die Haftung f\u00fcr Verhandlungen. Er wurde 1985 in Amsterdam als Rechtsanwalt und Rechtsanwalt vereidigt. Seine T\u00e4tigkeit umfasst Dienstleistungen f\u00fcr Unternehmen und Privatpersonen, insbesondere im Bereich des Handelsrechts; Er hat eine international ausgerichtete Praxis. Besondere Schwerpunkte sind die grenz\u00fcberschreitenden Beziehungen zu Belgien und die deutsch-niederl\u00e4ndischen Beziehungen. Nach einem zus\u00e4tzlichen Studium in Deutschland ist er seit 1998 als Rechtsanwalt in Deutschland und als Rechtsanwalt in D\u00fcsseldorf zugelassen. 2004 erhielt er eine zus\u00e4tzliche Zulassung als Rechtsanwalt beim Oberlandesgericht Nordrhein-Westfalen und ist Mitglied verschiedener Rechtsanwaltskammern, des Deutsch-Niederl\u00e4ndischen Anwaltsvereins, des Deutschen Anwaltvereins DAV und der Union Internationale des Avocats. Er ist aktiver Reserveoffizier (Streitkr\u00e4fte des Milit\u00e4rrechtsdienstes) des Verteidigungsministeriums und ist als Schiedsrichter bei der Deutsch-Niederl\u00e4ndischen Handelskammer t\u00e4tig aktiv.","robots":{"index":"index","follow":"follow","max-snippet":"max-snippet:-1","max-image-preview":"max-image-preview:large","max-video-preview":"max-video-preview:-1"},"canonical":"https:\/\/willems-schmidt.eu\/de\/professionals\/hans-mathijsen\/","og_locale":"de_DE","og_type":"article","og_title":"Hans Mathijsen - Willems Advocaten &amp; Rechtsanw\u00e4lte","og_description":"Hans Mathijsen (1957) studierte an der Universit\u00e4t Leiden und absolvierte dort die Haftung f\u00fcr Verhandlungen. Er wurde 1985 in Amsterdam als Rechtsanwalt und Rechtsanwalt vereidigt. Seine T\u00e4tigkeit umfasst Dienstleistungen f\u00fcr Unternehmen und Privatpersonen, insbesondere im Bereich des Handelsrechts; Er hat eine international ausgerichtete Praxis. Besondere Schwerpunkte sind die grenz\u00fcberschreitenden Beziehungen zu Belgien und die deutsch-niederl\u00e4ndischen Beziehungen. Nach einem zus\u00e4tzlichen Studium in Deutschland ist er seit 1998 als Rechtsanwalt in Deutschland und als Rechtsanwalt in D\u00fcsseldorf zugelassen. 2004 erhielt er eine zus\u00e4tzliche Zulassung als Rechtsanwalt beim Oberlandesgericht Nordrhein-Westfalen und ist Mitglied verschiedener Rechtsanwaltskammern, des Deutsch-Niederl\u00e4ndischen Anwaltsvereins, des Deutschen Anwaltvereins DAV und der Union Internationale des Avocats. Er ist aktiver Reserveoffizier (Streitkr\u00e4fte des Milit\u00e4rrechtsdienstes) des Verteidigungsministeriums und ist als Schiedsrichter bei der Deutsch-Niederl\u00e4ndischen Handelskammer t\u00e4tig aktiv.","og_url":"https:\/\/willems-schmidt.eu\/professionals\/hans-mathijsen\/","og_site_name":"Willems Advocaten &amp; Rechtsanw\u00e4lte","article_publisher":"https:\/\/www.facebook.com\/willemsadvocaten\/","article_modified_time":"2022-01-26T14:53:30+00:00","og_image":[{"url":"https:\/\/willems-schmidt.eu\/wp-content\/uploads\/2020\/09\/foto-hans-september-2020.jpg"}],"twitter_card":"summary_large_image","twitter_site":"@WillemsEU","twitter_misc":{"Gesch\u00e4tzte Lesezeit":"1\u00a0Minute"},"schema":{"@context":"https:\/\/schema.org","@graph":[{"@type":"Organization","@id":"https:\/\/willems-schmidt.eu\/#organization","name":"Willems Advocaten & Rechtsanw\u00e4lte","url":"https:\/\/willems-schmidt.eu\/","sameAs":["https:\/\/www.facebook.com\/willemsadvocaten\/","https:\/\/www.linkedin.com\/company\/294010\/","https:\/\/twitter.com\/WillemsEU"],"logo":{"@type":"ImageObject","@id":"https:\/\/willems-schmidt.eu\/#logo","inLanguage":"de","url":"https:\/\/willems-schmidt.eu\/wp-content\/uploads\/2017\/09\/Tekengebied-1@0.5x.png","contentUrl":"https:\/\/willems-schmidt.eu\/wp-content\/uploads\/2017\/09\/Tekengebied-1@0.5x.png","width":960,"height":960,"caption":"Willems Advocaten & Rechtsanw\u00e4lte"},"image":{"@id":"https:\/\/willems-schmidt.eu\/#logo"}},{"@type":"WebSite","@id":"https:\/\/willems-schmidt.eu\/#website","url":"https:\/\/willems-schmidt.eu\/","name":"Willems Advocaten &amp; Rechtsanw\u00e4lte","description":"Willems Advocaten &amp; Rechtsanw\u00e4lte","publisher":{"@id":"https:\/\/willems-schmidt.eu\/#organization"},"potentialAction":[{"@type":"SearchAction","target":{"@type":"EntryPoint","urlTemplate":"https:\/\/willems-schmidt.eu\/?s={search_term_string}"},"query-input":"required name=search_term_string"}],"inLanguage":"de"},{"@type":"ImageObject","@id":"https:\/\/willems-schmidt.eu\/professionals\/hans-mathijsen\/#primaryimage","inLanguage":"de","url":"https:\/\/willems-schmidt.eu\/wp-content\/uploads\/2020\/09\/foto-hans-september-2020.jpg","contentUrl":"https:\/\/willems-schmidt.eu\/wp-content\/uploads\/2020\/09\/foto-hans-september-2020.jpg","width":2000,"height":2666,"caption":"Hans Mathijsen Advocaat & Rechtsanwalt"},{"@type":"WebPage","@id":"https:\/\/willems-schmidt.eu\/professionals\/hans-mathijsen\/#webpage","url":"https:\/\/willems-schmidt.eu\/professionals\/hans-mathijsen\/","name":"Hans Mathijsen - Willems Advocaten &amp; Rechtsanw\u00e4lte","isPartOf":{"@id":"https:\/\/willems-schmidt.eu\/#website"},"primaryImageOfPage":{"@id":"https:\/\/willems-schmidt.eu\/professionals\/hans-mathijsen\/#primaryimage"},"datePublished":"2017-11-28T14:43:59+00:00","dateModified":"2022-01-26T14:53:30+00:00","description":"Hans Mathijsen (1957) studierte an der Universit\u00e4t Leiden und absolvierte dort die Haftung f\u00fcr Verhandlungen. Er wurde 1985 in Amsterdam als Rechtsanwalt und Rechtsanwalt vereidigt. Seine T\u00e4tigkeit umfasst Dienstleistungen f\u00fcr Unternehmen und Privatpersonen, insbesondere im Bereich des Handelsrechts; Er hat eine international ausgerichtete Praxis. Besondere Schwerpunkte sind die grenz\u00fcberschreitenden Beziehungen zu Belgien und die deutsch-niederl\u00e4ndischen Beziehungen. Nach einem zus\u00e4tzlichen Studium in Deutschland ist er seit 1998 als Rechtsanwalt in Deutschland und als Rechtsanwalt in D\u00fcsseldorf zugelassen. 2004 erhielt er eine zus\u00e4tzliche Zulassung als Rechtsanwalt beim Oberlandesgericht Nordrhein-Westfalen und ist Mitglied verschiedener Rechtsanwaltskammern, des Deutsch-Niederl\u00e4ndischen Anwaltsvereins, des Deutschen Anwaltvereins DAV und der Union Internationale des Avocats. Er ist aktiver Reserveoffizier (Streitkr\u00e4fte des Milit\u00e4rrechtsdienstes) des Verteidigungsministeriums und ist als Schiedsrichter bei der Deutsch-Niederl\u00e4ndischen Handelskammer t\u00e4tig aktiv.","breadcrumb":{"@id":"https:\/\/willems-schmidt.eu\/professionals\/hans-mathijsen\/#breadcrumb"},"inLanguage":"de","potentialAction":[{"@type":"ReadAction","target":["https:\/\/willems-schmidt.eu\/professionals\/hans-mathijsen\/"]}]},{"@type":"BreadcrumbList","@id":"https:\/\/willems-schmidt.eu\/professionals\/hans-mathijsen\/#breadcrumb","itemListElement":[{"@type":"ListItem","position":1,"name":"Home","item":"https:\/\/willems-schmidt.eu\/de\/home\/"},{"@type":"ListItem","position":2,"name":"Menschen","item":"https:\/\/willems-schmidt.eu\/de\/rechtsberatung\/"},{"@type":"ListItem","position":3,"name":"Hans Mathijsen"}]}]}},"_links":{"self":[{"href":"https:\/\/willems-schmidt.eu\/de\/wp-json\/wp\/v2\/pages\/712"}],"collection":[{"href":"https:\/\/willems-schmidt.eu\/de\/wp-json\/wp\/v2\/pages"}],"about":[{"href":"https:\/\/willems-schmidt.eu\/de\/wp-json\/wp\/v2\/types\/page"}],"author":[{"embeddable":true,"href":"https:\/\/willems-schmidt.eu\/de\/wp-json\/wp\/v2\/users\/1"}],"replies":[{"embeddable":true,"href":"https:\/\/willems-schmidt.eu\/de\/wp-json\/wp\/v2\/comments?post=712"}],"version-history":[{"count":3,"href":"https:\/\/willems-schmidt.eu\/de\/wp-json\/wp\/v2\/pages\/712\/revisions"}],"predecessor-version":[{"id":2715,"href":"https:\/\/willems-schmidt.eu\/de\/wp-json\/wp\/v2\/pages\/712\/revisions\/2715"}],"up":[{"embeddable":true,"href":"https:\/\/willems-schmidt.eu\/de\/wp-json\/wp\/v2\/pages\/715"}],"wp:attachment":[{"href":"https:\/\/willems-schmidt.eu\/de\/wp-json\/wp\/v2\/media?parent=712"}],"curies":[{"name":"wp","href":"https:\/\/api.w.org\/{rel}","templated":true}]}}