{"id":733,"date":"2017-11-28T15:03:28","date_gmt":"2017-11-28T15:03:28","guid":{"rendered":"https:\/\/willems-schmidt.eu\/beschwerden-und-streitfalle\/"},"modified":"2019-12-18T13:31:29","modified_gmt":"2019-12-18T13:31:29","slug":"beschwerden-und-streitfalle","status":"publish","type":"page","link":"https:\/\/willems-schmidt.eu\/de\/beschwerden-und-streitfalle\/","title":{"rendered":"Beschwerden und Streitf\u00e4lle"},"content":{"rendered":"<p><strong>Entsprach unsere Dienstleistung nicht Ihren Erwartungen?<br \/>\n<\/strong>Unsere Mitarbeiter setzen alles daran, Ihnen so gut wie m\u00f6glich mit Rat und Tat zur Seite zu stehen. Erf\u00fcllen wir trotz unserer Anstrengungen nicht Ihre Erwartungen, so k\u00f6nnen Sie auf folgende Weise eine Beschwerde einreichen.<\/p>\n<p><strong>Unsere interne Beschwerderegelung<br \/>\n<\/strong>Sind Sie unzufrieden mit der Qualit\u00e4t unserer Dienstleistung oder m\u00f6chten Sie eine Honorarabrechnung beanstanden, so wenden Sie sich bitte &#8211; vorzugsweise schriftlich &#8211; an uns, und zwar an Mr. Hans Mathijsen, Postbus 77773, 1070 LJ Amsterdam, Niederlande, Telefon +31-20-833 0 833, Fax +31-20-833 0 834. Wenn Ihre Unzufriedenheit Mr. Mathijsen selbst betrifft, wenden Sie sich bitte an Mr. Hans Walhain.<br \/>\nSo schnell wie m\u00f6glich werden wir dann versuchen, eine L\u00f6sung f\u00fcr das Problem zu finden. Das Ergebnis werden wir Ihnen unter allen Umst\u00e4nden auch schriftlich mitteilen.<br \/>\nDie interne Beschwerdeordnung liegt f\u00fcr Sie in unseren B\u00fcros zur Einsichtnahme aus. Auf Wunsch stellen wir Ihnen ein Exemplar zur Verf\u00fcgung.<br \/>\nSollten Sie bedauerlicherweise der Auffassung sein, dass das Problem nicht auf befriedigende Weise gel\u00f6st wurde, so k\u00f6nnen Sie Ihre Beschwerde der Geschillencommissie Advocatuur (der niederl\u00e4ndischen Schiedsstelle f\u00fcr Rechtsanw\u00e4lte) vorlegen. Dies ist allerdings erst m\u00f6glich, nachdem Sie uns schriftlich Ihre Beschwerde vorgelegt haben oder nachdem wir innerhalb einer Periode von 4 Wochen nach Einreichung Ihrer Beschwerde nicht schriftlich darauf reagiert haben.<\/p>\n<p><strong>Die Schiedsstelle<br \/>\n<\/strong>Sind Sie unzufrieden von Willems Advocaten &amp; Rechtsanw\u00e4lten, so k\u00f6nnen Sie sich diesbez\u00fcglich unter den genannten Bedingungen auch an die niederl\u00e4ndische Schiedsstelle f\u00fcr Rechtsanw\u00e4lte ( Geschillencommissie Advocatuur) wenden, eine von der niederl\u00e4ndischen Rechtsanwaltskammer ins Leben gerufene Institution. Deren Beschwerdeordnung ist am 1. Juni 1999 in Kraft getreten. Zust\u00e4ndige Beh\u00f6rden f\u00fcr diese Regelung sind die Stichting Geschillencommissies voor Consumentenzaken und f\u00fcr Beroep en Bedrijf (Stiftung Schiedsstellen f\u00fcr Verbraucher, Gewerbetreibende und Unternehmen).<\/p>\n<p>Die Vorlage Ihrer Beschwerde bei dieser Schiedsstelle ist bis zu zw\u00f6lf Monaten nach Eingang unserer schriftlichen Reaktion auf Ihre Beschwerde m\u00f6glich. Die Anschrift der Schiedsstelle f\u00fcr Rechtsanw\u00e4lte lautet: Geschillencommissie Advocatuur, Surinamestraat 24, 2585 GJ Den Haag, Niederlande (Telefon des Sekretariats: +31 (0) 70 310 53 10). Auch k\u00f6nnen Sie dort ein Exemplar deren Regelung anfordern.<\/p>\n<p>Die Schiedsstelle urteilt in einem Schiedsverfahren \u00fcber den ihr vorgelegten Fall. In der Regelung ist f\u00fcr bestimmte F\u00e4lle auch ein verbindlicher Beschluss vorgesehen. Letzteres gilt ausschlie\u00dflich f\u00fcr Privatpersonen, wenn sie einen solchen Beschluss bevorzugen. Die Schiedsstelle ist zust\u00e4ndig f\u00fcr Beschwerden \u00fcber die Qualit\u00e4t der Dienstleistung des Rechtsanwalts und \u00fcber die H\u00f6he der Abrechnung. Auch k\u00f6nnen Sie der Schiedsstelle eventuell von Ihnen geltend gemachte Schadenersatzanspr\u00fcche vorlegen, vorausgesetzt, dass der Betrag des Schadenersatzanspruches nicht \u00fcber eine Summe von \u20ac 9.000, &#8211; hinausgeht. Selbstverst\u00e4ndlich k\u00f6nnen Sie der Schiedsstelle auch h\u00f6here Schadenersatzanspr\u00fcche vorlegen, allerdings unter der Voraussetzung, dass Sie ausdr\u00fccklich auf den \u00fcber \u20ac 9000 hinausgehenden Betrag verzichten.<\/p>\n<p>Unsere Anwaltsfirma ist ihrerseits berechtigt, der Schiedsstelle Beschwerden \u00fcber unbeglichene Rechnungen zur Beitreibung vorzulegen. Die Schiedsstelle <strong>(1)<\/strong> behandelt die Beschwerde gem\u00e4\u00df der entsprechenden Schiedsordnung ( Reglement Geschillencommissie Advocatuur ). Diese Ordnung tritt zum Zeitpunkt der Vorlage der Beschwerde bei der Schiedsstelle in Kraft. Anfechtung des Schiedsspruchs der Schiedsstelle ist nicht m\u00f6glich.<\/p>\n<p>01-11-2002<\/p>\n<p><strong>(1)<\/strong> <em>Die gesetzlich geregelte Aufsicht und das Disziplinarrecht gew\u00e4hrleisten ein korrekt professionelles Handeln von Rechtsanw\u00e4lten. Wesentlich f\u00fcr die Schiedsordnung ist, dass damit versucht wird, Konflikte \u00fcber die Qualit\u00e4t der erbrachten Dienstleistung oder \u00fcber die Abrechnung zu schlichten; sie ber\u00fchrt nicht die gesetzlichen Garantien.<\/em><\/p>\n","protected":false},"excerpt":{"rendered":"<p>Entsprach unsere Dienstleistung nicht Ihren Erwartungen? Unsere Mitarbeiter setzen alles daran, Ihnen so gut wie m\u00f6glich mit Rat und Tat zur Seite zu stehen. Erf\u00fcllen wir trotz unserer Anstrengungen nicht Ihre Erwartungen, so k\u00f6nnen Sie auf folgende Weise eine Beschwerde einreichen. Unsere interne Beschwerderegelung Sind Sie unzufrieden mit der Qualit\u00e4t unserer Dienstleistung oder m\u00f6chten Sie eine Honorarabrechnung beanstanden, so wenden &#8230; <\/p>\n<div><a href=\"https:\/\/willems-schmidt.eu\/de\/beschwerden-und-streitfalle\/\" class=\"more-link\">Read More<\/a><\/div>\n","protected":false},"author":1,"featured_media":0,"parent":0,"menu_order":0,"comment_status":"closed","ping_status":"closed","template":"","meta":{"ub_ctt_via":""},"featured_image_src":null,"yoast_head":"<!-- This site is optimized with the Yoast SEO plugin v17.0 - https:\/\/yoast.com\/wordpress\/plugins\/seo\/ -->\n<title>Beschwerden und Streitf\u00e4lle - Willems Advocaten &amp; Rechtsanw\u00e4lte<\/title>\n<meta name=\"description\" content=\"Unser B\u00fcro wird alles in seiner Macht stehende tun, um Ihnen den bestm\u00f6glichen Service zu bieten. Es kann jedoch vorkommen, dass Sie mit einem bestimmten Aspekt unseres Service unzufrieden sind. In diesem Infoblatt erfahren Sie, was Sie dann tun m\u00fcssen.\" \/>\n<meta name=\"robots\" content=\"index, follow, max-snippet:-1, max-image-preview:large, max-video-preview:-1\" \/>\n<link rel=\"canonical\" href=\"https:\/\/willems-schmidt.eu\/de\/beschwerden-und-streitfalle\/\" \/>\n<meta property=\"og:locale\" content=\"de_DE\" \/>\n<meta property=\"og:type\" content=\"article\" \/>\n<meta property=\"og:title\" content=\"Beschwerden und Streitf\u00e4lle - Willems Advocaten &amp; Rechtsanw\u00e4lte\" \/>\n<meta property=\"og:description\" content=\"Unser B\u00fcro wird alles in seiner Macht stehende tun, um Ihnen den bestm\u00f6glichen Service zu bieten. Es kann jedoch vorkommen, dass Sie mit einem bestimmten Aspekt unseres Service unzufrieden sind. In diesem Infoblatt erfahren Sie, was Sie dann tun m\u00fcssen.\" \/>\n<meta property=\"og:url\" content=\"https:\/\/willems-schmidt.eu\/de\/beschwerden-und-streitfalle\/\" \/>\n<meta property=\"og:site_name\" content=\"Willems Advocaten &amp; Rechtsanw\u00e4lte\" \/>\n<meta property=\"article:publisher\" content=\"https:\/\/www.facebook.com\/willemsadvocaten\/\" \/>\n<meta property=\"article:modified_time\" content=\"2019-12-18T13:31:29+00:00\" \/>\n<meta name=\"twitter:card\" content=\"summary_large_image\" \/>\n<meta name=\"twitter:site\" content=\"@WillemsEU\" \/>\n<meta name=\"twitter:label1\" content=\"Gesch\u00e4tzte Lesezeit\" \/>\n\t<meta name=\"twitter:data1\" content=\"3\u00a0Minuten\" \/>\n<script type=\"application\/ld+json\" class=\"yoast-schema-graph\">{\"@context\":\"https:\/\/schema.org\",\"@graph\":[{\"@type\":\"Organization\",\"@id\":\"https:\/\/willems-schmidt.eu\/#organization\",\"name\":\"Willems Advocaten & Rechtsanw\\u00e4lte\",\"url\":\"https:\/\/willems-schmidt.eu\/\",\"sameAs\":[\"https:\/\/www.facebook.com\/willemsadvocaten\/\",\"https:\/\/www.linkedin.com\/company\/294010\/\",\"https:\/\/twitter.com\/WillemsEU\"],\"logo\":{\"@type\":\"ImageObject\",\"@id\":\"https:\/\/willems-schmidt.eu\/#logo\",\"inLanguage\":\"de\",\"url\":\"https:\/\/willems-schmidt.eu\/wp-content\/uploads\/2017\/09\/Tekengebied-1@0.5x.png\",\"contentUrl\":\"https:\/\/willems-schmidt.eu\/wp-content\/uploads\/2017\/09\/Tekengebied-1@0.5x.png\",\"width\":960,\"height\":960,\"caption\":\"Willems Advocaten & Rechtsanw\\u00e4lte\"},\"image\":{\"@id\":\"https:\/\/willems-schmidt.eu\/#logo\"}},{\"@type\":\"WebSite\",\"@id\":\"https:\/\/willems-schmidt.eu\/#website\",\"url\":\"https:\/\/willems-schmidt.eu\/\",\"name\":\"Willems Advocaten &amp; Rechtsanw\\u00e4lte\",\"description\":\"Willems Advocaten &amp; Rechtsanw\\u00e4lte\",\"publisher\":{\"@id\":\"https:\/\/willems-schmidt.eu\/#organization\"},\"potentialAction\":[{\"@type\":\"SearchAction\",\"target\":{\"@type\":\"EntryPoint\",\"urlTemplate\":\"https:\/\/willems-schmidt.eu\/?s={search_term_string}\"},\"query-input\":\"required name=search_term_string\"}],\"inLanguage\":\"de\"},{\"@type\":\"WebPage\",\"@id\":\"https:\/\/willems-schmidt.eu\/de\/beschwerden-und-streitfalle\/#webpage\",\"url\":\"https:\/\/willems-schmidt.eu\/de\/beschwerden-und-streitfalle\/\",\"name\":\"Beschwerden und Streitf\\u00e4lle - Willems Advocaten &amp; Rechtsanw\\u00e4lte\",\"isPartOf\":{\"@id\":\"https:\/\/willems-schmidt.eu\/#website\"},\"datePublished\":\"2017-11-28T15:03:28+00:00\",\"dateModified\":\"2019-12-18T13:31:29+00:00\",\"description\":\"Unser B\\u00fcro wird alles in seiner Macht stehende tun, um Ihnen den bestm\\u00f6glichen Service zu bieten. Es kann jedoch vorkommen, dass Sie mit einem bestimmten Aspekt unseres Service unzufrieden sind. In diesem Infoblatt erfahren Sie, was Sie dann tun m\\u00fcssen.\",\"breadcrumb\":{\"@id\":\"https:\/\/willems-schmidt.eu\/de\/beschwerden-und-streitfalle\/#breadcrumb\"},\"inLanguage\":\"de\",\"potentialAction\":[{\"@type\":\"ReadAction\",\"target\":[\"https:\/\/willems-schmidt.eu\/de\/beschwerden-und-streitfalle\/\"]}]},{\"@type\":\"BreadcrumbList\",\"@id\":\"https:\/\/willems-schmidt.eu\/de\/beschwerden-und-streitfalle\/#breadcrumb\",\"itemListElement\":[{\"@type\":\"ListItem\",\"position\":1,\"name\":\"Home\",\"item\":\"https:\/\/willems-schmidt.eu\/de\/home\/\"},{\"@type\":\"ListItem\",\"position\":2,\"name\":\"Beschwerden und Streitf\\u00e4lle\"}]}]}<\/script>\n<!-- \/ Yoast SEO plugin. -->","yoast_head_json":{"title":"Beschwerden und Streitf\u00e4lle - Willems Advocaten &amp; Rechtsanw\u00e4lte","description":"Unser B\u00fcro wird alles in seiner Macht stehende tun, um Ihnen den bestm\u00f6glichen Service zu bieten. Es kann jedoch vorkommen, dass Sie mit einem bestimmten Aspekt unseres Service unzufrieden sind. In diesem Infoblatt erfahren Sie, was Sie dann tun m\u00fcssen.","robots":{"index":"index","follow":"follow","max-snippet":"max-snippet:-1","max-image-preview":"max-image-preview:large","max-video-preview":"max-video-preview:-1"},"canonical":"https:\/\/willems-schmidt.eu\/de\/beschwerden-und-streitfalle\/","og_locale":"de_DE","og_type":"article","og_title":"Beschwerden und Streitf\u00e4lle - Willems Advocaten &amp; Rechtsanw\u00e4lte","og_description":"Unser B\u00fcro wird alles in seiner Macht stehende tun, um Ihnen den bestm\u00f6glichen Service zu bieten. Es kann jedoch vorkommen, dass Sie mit einem bestimmten Aspekt unseres Service unzufrieden sind. In diesem Infoblatt erfahren Sie, was Sie dann tun m\u00fcssen.","og_url":"https:\/\/willems-schmidt.eu\/de\/beschwerden-und-streitfalle\/","og_site_name":"Willems Advocaten &amp; Rechtsanw\u00e4lte","article_publisher":"https:\/\/www.facebook.com\/willemsadvocaten\/","article_modified_time":"2019-12-18T13:31:29+00:00","twitter_card":"summary_large_image","twitter_site":"@WillemsEU","twitter_misc":{"Gesch\u00e4tzte Lesezeit":"3\u00a0Minuten"},"schema":{"@context":"https:\/\/schema.org","@graph":[{"@type":"Organization","@id":"https:\/\/willems-schmidt.eu\/#organization","name":"Willems Advocaten & Rechtsanw\u00e4lte","url":"https:\/\/willems-schmidt.eu\/","sameAs":["https:\/\/www.facebook.com\/willemsadvocaten\/","https:\/\/www.linkedin.com\/company\/294010\/","https:\/\/twitter.com\/WillemsEU"],"logo":{"@type":"ImageObject","@id":"https:\/\/willems-schmidt.eu\/#logo","inLanguage":"de","url":"https:\/\/willems-schmidt.eu\/wp-content\/uploads\/2017\/09\/Tekengebied-1@0.5x.png","contentUrl":"https:\/\/willems-schmidt.eu\/wp-content\/uploads\/2017\/09\/Tekengebied-1@0.5x.png","width":960,"height":960,"caption":"Willems Advocaten & Rechtsanw\u00e4lte"},"image":{"@id":"https:\/\/willems-schmidt.eu\/#logo"}},{"@type":"WebSite","@id":"https:\/\/willems-schmidt.eu\/#website","url":"https:\/\/willems-schmidt.eu\/","name":"Willems Advocaten &amp; Rechtsanw\u00e4lte","description":"Willems Advocaten &amp; Rechtsanw\u00e4lte","publisher":{"@id":"https:\/\/willems-schmidt.eu\/#organization"},"potentialAction":[{"@type":"SearchAction","target":{"@type":"EntryPoint","urlTemplate":"https:\/\/willems-schmidt.eu\/?s={search_term_string}"},"query-input":"required name=search_term_string"}],"inLanguage":"de"},{"@type":"WebPage","@id":"https:\/\/willems-schmidt.eu\/de\/beschwerden-und-streitfalle\/#webpage","url":"https:\/\/willems-schmidt.eu\/de\/beschwerden-und-streitfalle\/","name":"Beschwerden und Streitf\u00e4lle - Willems Advocaten &amp; Rechtsanw\u00e4lte","isPartOf":{"@id":"https:\/\/willems-schmidt.eu\/#website"},"datePublished":"2017-11-28T15:03:28+00:00","dateModified":"2019-12-18T13:31:29+00:00","description":"Unser B\u00fcro wird alles in seiner Macht stehende tun, um Ihnen den bestm\u00f6glichen Service zu bieten. Es kann jedoch vorkommen, dass Sie mit einem bestimmten Aspekt unseres Service unzufrieden sind. In diesem Infoblatt erfahren Sie, was Sie dann tun m\u00fcssen.","breadcrumb":{"@id":"https:\/\/willems-schmidt.eu\/de\/beschwerden-und-streitfalle\/#breadcrumb"},"inLanguage":"de","potentialAction":[{"@type":"ReadAction","target":["https:\/\/willems-schmidt.eu\/de\/beschwerden-und-streitfalle\/"]}]},{"@type":"BreadcrumbList","@id":"https:\/\/willems-schmidt.eu\/de\/beschwerden-und-streitfalle\/#breadcrumb","itemListElement":[{"@type":"ListItem","position":1,"name":"Home","item":"https:\/\/willems-schmidt.eu\/de\/home\/"},{"@type":"ListItem","position":2,"name":"Beschwerden und Streitf\u00e4lle"}]}]}},"_links":{"self":[{"href":"https:\/\/willems-schmidt.eu\/de\/wp-json\/wp\/v2\/pages\/733"}],"collection":[{"href":"https:\/\/willems-schmidt.eu\/de\/wp-json\/wp\/v2\/pages"}],"about":[{"href":"https:\/\/willems-schmidt.eu\/de\/wp-json\/wp\/v2\/types\/page"}],"author":[{"embeddable":true,"href":"https:\/\/willems-schmidt.eu\/de\/wp-json\/wp\/v2\/users\/1"}],"replies":[{"embeddable":true,"href":"https:\/\/willems-schmidt.eu\/de\/wp-json\/wp\/v2\/comments?post=733"}],"version-history":[{"count":1,"href":"https:\/\/willems-schmidt.eu\/de\/wp-json\/wp\/v2\/pages\/733\/revisions"}],"predecessor-version":[{"id":1532,"href":"https:\/\/willems-schmidt.eu\/de\/wp-json\/wp\/v2\/pages\/733\/revisions\/1532"}],"wp:attachment":[{"href":"https:\/\/willems-schmidt.eu\/de\/wp-json\/wp\/v2\/media?parent=733"}],"curies":[{"name":"wp","href":"https:\/\/api.w.org\/{rel}","templated":true}]}}