{"id":804,"date":"2018-01-08T12:30:23","date_gmt":"2018-01-08T12:30:23","guid":{"rendered":"https:\/\/willems-schmidt.eu\/sorgfaltshinweise-nl-anti-terror-und-geldwaschegesetz\/"},"modified":"2023-04-26T15:23:20","modified_gmt":"2023-04-26T15:23:20","slug":"sorgfaltshinweise-nl-anti-terror-und-geldwaschegesetz","status":"publish","type":"page","link":"https:\/\/willems-schmidt.eu\/de\/sorgfaltshinweise-nl-anti-terror-und-geldwaschegesetz\/","title":{"rendered":"Sorgfaltshinweise NL anti Terror und Geldw\u00e4schegesetz"},"content":{"rendered":"<p>Aus dem niederl\u00e4ndischen Gesetz zur Bek\u00e4mpfung der Geldw\u00e4sche und Terrorismusfinanzierung (WWFT) gehen einige Pflichten fu\u0308r Rechtsanw\u00e4lte hervor. WILLEMS SCHMIDT Advocaten &amp; Rechtsanw\u00e4lte N.V. achtet es im Interesse ihrer Mandanten, auf die Pflichten und die Folgen davon zu weisen. Die wichtigste Verpflichtung, die aus dem WWFT hervorgeht, ist die Anwaltspflicht, ungew\u00f6hnliche Transaktionen bei der niederl\u00e4ndischen Financial Intelligence Unit zu melden. Das WWFT hat als Ziel, das Wahren der Integrit\u00e4t des Finanzsystems mittels der Bek\u00e4mpfung von Geldw\u00e4sche und (Finanzierung) des Terrorismus. Im (Ausnahme)Fall, dass WILLEMS SCHMIDT Advocaten &amp; Rechtsanw\u00e4lte meint, eine Meldung einer ungew\u00f6hnlichen Transaktion machen zu mu\u0308ssen, kann und darf WILLEMS den Mandanten oder die andere Gesch\u00e4ftsbeziehung davon nicht unterrichten.<\/p>\n<p>Eine zweite wichtige Pflicht ist die Identifikation und .berpru\u0308fung der Mandanten. Rechtsanw\u00e4lte mu\u0308ssen den Mandanten immer identifizieren und dessen Identit\u00e4t u\u0308berpru\u0308fen, vorangehend an dem Erteilen von Rechtsberatung in Sachen bei zum Beispiel dem An- oder Verkauf von Immobilien oder anderen eintragungspflichtigen Sachen; der Verwaltung von Geld, Wertpapieren, Mu\u0308nzen, Geldscheinen, Edelmetallen, Edelsteinen oder anderen Werten; dem Gru\u0308nden oder Verwalten von Gesellschaften, Rechtspersonen oder \u00e4hnlichen K\u00f6rperschaften; dem An- oder Verkauf von Aktien in, oder das ganz oder teilweise An- oder Verkaufen oder aber \u00dcbernehmen von Unternehmen, Gesellschaften, Rechtspersonen oder \u00e4hnlichen K\u00f6rperschaften; T\u00e4tigkeiten auf finanziellem Gebiet; dem Errichten eines Hypothekenrechts auf eine eintragungspflichtige Sache; und falls sie im Namen und fu\u0308r Rechnung eines Mandanten bei irgendeiner finanziellen oder Immobilientransaktion auftreten.<\/p>\n<p>Ausreichende Identifikation ist eine Bedingung fu\u0308r das Erteilen von juristischer Dienstleistung durch WILLEMS SCHMIDT Advocaten &amp; Rechtsanw\u00e4lte N.V.<\/p>\n","protected":false},"excerpt":{"rendered":"<p>Aus dem niederl\u00e4ndischen Gesetz zur Bek\u00e4mpfung der Geldw\u00e4sche und Terrorismusfinanzierung (WWFT) gehen einige Pflichten fu\u0308r Rechtsanw\u00e4lte hervor. WILLEMS SCHMIDT Advocaten &amp; Rechtsanw\u00e4lte N.V. achtet es im Interesse ihrer Mandanten, auf die Pflichten und die Folgen davon zu weisen. Die wichtigste Verpflichtung, die aus dem WWFT hervorgeht, ist die Anwaltspflicht, ungew\u00f6hnliche Transaktionen bei der niederl\u00e4ndischen Financial Intelligence Unit zu melden. Das &#8230; <\/p>\n<div><a href=\"https:\/\/willems-schmidt.eu\/de\/sorgfaltshinweise-nl-anti-terror-und-geldwaschegesetz\/\" class=\"more-link\">Read More<\/a><\/div>\n","protected":false},"author":1,"featured_media":0,"parent":0,"menu_order":0,"comment_status":"closed","ping_status":"closed","template":"","meta":{"ub_ctt_via":""},"featured_image_src":null,"yoast_head":"<!-- This site is optimized with the Yoast SEO plugin v17.0 - https:\/\/yoast.com\/wordpress\/plugins\/seo\/ -->\n<title>Sorgfaltshinweise NL anti Terror und Geldw\u00e4schegesetz - Willems Advocaten &amp; Rechtsanw\u00e4lte<\/title>\n<meta name=\"description\" content=\"Das Gesetz zur Verh\u00fctung von Geldw\u00e4sche und Terrorismusfinanzierung (Wwft) enth\u00e4lt eine Reihe von Verpflichtungen f\u00fcr Anw\u00e4lte. WILLEMS SCHMIDT Advocaten &amp; Rechtsanw\u00e4lte N.V. erachtet es als wichtig, auf ihre Beziehungen zu diesen Verpflichtungen und deren Folgen hinzuweisen.Die wichtigste Verpflichtung, die sich aus der Wwft ergibt, ist die Verpflichtung des Anwalts, der niederl\u00e4ndischen Financial Intelligence Unit ungew\u00f6hnliche Transaktionen zu melden. Ziel der Wwft ist die Wahrung der Integrit\u00e4t des Finanzsystems durch die Bek\u00e4mpfung von Geldw\u00e4sche und (Finanzierung von) Terrorismus. In dem (Ausnahmefall), dass WILLEMS SCHMIDT Advocaten &amp; Rechtsanw\u00e4lte der Meinung ist, dass eine ungew\u00f6hnliche Transaktion gemeldet werden sollte, kann und darf WILLEMS SCHMIDT den Kunden oder eine andere Beziehung nicht dar\u00fcber informieren. Eine zweite wichtige Verpflichtung ist die Identifizierung und \u00dcberpr\u00fcfung der Kunden. Anw\u00e4lte m\u00fcssen den Mandanten immer identifizieren und seine Identit\u00e4t \u00fcberpr\u00fcfen, bevor sie Rechtsbeistand leisten, beispielsweise beim Kauf oder Verkauf von Immobilien oder anderen eingetragenen Immobilien. Verwaltung von Geld, Wertpapieren, M\u00fcnzen, Banknoten, Edelmetallen, Edelsteinen oder anderen Werten; die Gr\u00fcndung oder F\u00fchrung von Unternehmen, juristischen Personen oder \u00e4hnlichen Einrichtungen; den Kauf oder Verkauf von Anteilen oder den vollst\u00e4ndigen oder teilweisen Kauf oder Verkauf oder die \u00dcbernahme von Unternehmen, Personengesellschaften, juristischen Personen oder \u00e4hnlichen K\u00f6rperschaften; Steuert\u00e4tigkeiten; Begr\u00fcndung eines Hypothekenrechts auf ein Grundst\u00fcck; und wenn sie im Auftrag und f\u00fcr Rechnung eines Kunden bei Finanz- oder Immobilientransaktionen handeln. Eine ausreichende Identifizierung ist eine Voraussetzung f\u00fcr die Erbringung von Rechtsdienstleistungen durch WILLEMS SCHMIDT Advocaten &amp; Rechtsanw\u00e4lte N.V.\" \/>\n<meta name=\"robots\" content=\"index, follow, max-snippet:-1, max-image-preview:large, max-video-preview:-1\" \/>\n<link rel=\"canonical\" href=\"https:\/\/willems-schmidt.eu\/de\/wwft\/\" \/>\n<meta property=\"og:locale\" content=\"de_DE\" \/>\n<meta property=\"og:type\" content=\"article\" \/>\n<meta property=\"og:title\" content=\"Sorgfaltshinweise NL anti Terror und Geldw\u00e4schegesetz - Willems Advocaten &amp; Rechtsanw\u00e4lte\" \/>\n<meta property=\"og:description\" content=\"Das Gesetz zur Verh\u00fctung von Geldw\u00e4sche und Terrorismusfinanzierung (Wwft) enth\u00e4lt eine Reihe von Verpflichtungen f\u00fcr Anw\u00e4lte. WILLEMS SCHMIDT Advocaten &amp; Rechtsanw\u00e4lte N.V. erachtet es als wichtig, auf ihre Beziehungen zu diesen Verpflichtungen und deren Folgen hinzuweisen.Die wichtigste Verpflichtung, die sich aus der Wwft ergibt, ist die Verpflichtung des Anwalts, der niederl\u00e4ndischen Financial Intelligence Unit ungew\u00f6hnliche Transaktionen zu melden. Ziel der Wwft ist die Wahrung der Integrit\u00e4t des Finanzsystems durch die Bek\u00e4mpfung von Geldw\u00e4sche und (Finanzierung von) Terrorismus. In dem (Ausnahmefall), dass WILLEMS SCHMIDT Advocaten &amp; Rechtsanw\u00e4lte der Meinung ist, dass eine ungew\u00f6hnliche Transaktion gemeldet werden sollte, kann und darf WILLEMS SCHMIDT den Kunden oder eine andere Beziehung nicht dar\u00fcber informieren. Eine zweite wichtige Verpflichtung ist die Identifizierung und \u00dcberpr\u00fcfung der Kunden. Anw\u00e4lte m\u00fcssen den Mandanten immer identifizieren und seine Identit\u00e4t \u00fcberpr\u00fcfen, bevor sie Rechtsbeistand leisten, beispielsweise beim Kauf oder Verkauf von Immobilien oder anderen eingetragenen Immobilien. Verwaltung von Geld, Wertpapieren, M\u00fcnzen, Banknoten, Edelmetallen, Edelsteinen oder anderen Werten; die Gr\u00fcndung oder F\u00fchrung von Unternehmen, juristischen Personen oder \u00e4hnlichen Einrichtungen; den Kauf oder Verkauf von Anteilen oder den vollst\u00e4ndigen oder teilweisen Kauf oder Verkauf oder die \u00dcbernahme von Unternehmen, Personengesellschaften, juristischen Personen oder \u00e4hnlichen K\u00f6rperschaften; Steuert\u00e4tigkeiten; Begr\u00fcndung eines Hypothekenrechts auf ein Grundst\u00fcck; und wenn sie im Auftrag und f\u00fcr Rechnung eines Kunden bei Finanz- oder Immobilientransaktionen handeln. Eine ausreichende Identifizierung ist eine Voraussetzung f\u00fcr die Erbringung von Rechtsdienstleistungen durch WILLEMS SCHMIDT Advocaten &amp; Rechtsanw\u00e4lte N.V.\" \/>\n<meta property=\"og:url\" content=\"https:\/\/willems-schmidt.eu\/wwft\/\" \/>\n<meta property=\"og:site_name\" content=\"Willems Advocaten &amp; Rechtsanw\u00e4lte\" \/>\n<meta property=\"article:publisher\" content=\"https:\/\/www.facebook.com\/willemsadvocaten\/\" \/>\n<meta property=\"article:modified_time\" content=\"2023-04-26T15:23:20+00:00\" \/>\n<meta name=\"twitter:card\" content=\"summary_large_image\" \/>\n<meta name=\"twitter:site\" content=\"@WillemsEU\" \/>\n<meta name=\"twitter:label1\" content=\"Gesch\u00e4tzte Lesezeit\" \/>\n\t<meta name=\"twitter:data1\" content=\"1\u00a0Minute\" \/>\n<script type=\"application\/ld+json\" class=\"yoast-schema-graph\">{\"@context\":\"https:\/\/schema.org\",\"@graph\":[{\"@type\":\"Organization\",\"@id\":\"https:\/\/willems-schmidt.eu\/#organization\",\"name\":\"Willems Advocaten & Rechtsanw\\u00e4lte\",\"url\":\"https:\/\/willems-schmidt.eu\/\",\"sameAs\":[\"https:\/\/www.facebook.com\/willemsadvocaten\/\",\"https:\/\/www.linkedin.com\/company\/294010\/\",\"https:\/\/twitter.com\/WillemsEU\"],\"logo\":{\"@type\":\"ImageObject\",\"@id\":\"https:\/\/willems-schmidt.eu\/#logo\",\"inLanguage\":\"de\",\"url\":\"https:\/\/willems-schmidt.eu\/wp-content\/uploads\/2017\/09\/Tekengebied-1@0.5x.png\",\"contentUrl\":\"https:\/\/willems-schmidt.eu\/wp-content\/uploads\/2017\/09\/Tekengebied-1@0.5x.png\",\"width\":960,\"height\":960,\"caption\":\"Willems Advocaten & Rechtsanw\\u00e4lte\"},\"image\":{\"@id\":\"https:\/\/willems-schmidt.eu\/#logo\"}},{\"@type\":\"WebSite\",\"@id\":\"https:\/\/willems-schmidt.eu\/#website\",\"url\":\"https:\/\/willems-schmidt.eu\/\",\"name\":\"Willems Advocaten &amp; Rechtsanw\\u00e4lte\",\"description\":\"Willems Advocaten &amp; Rechtsanw\\u00e4lte\",\"publisher\":{\"@id\":\"https:\/\/willems-schmidt.eu\/#organization\"},\"potentialAction\":[{\"@type\":\"SearchAction\",\"target\":{\"@type\":\"EntryPoint\",\"urlTemplate\":\"https:\/\/willems-schmidt.eu\/?s={search_term_string}\"},\"query-input\":\"required name=search_term_string\"}],\"inLanguage\":\"de\"},{\"@type\":\"WebPage\",\"@id\":\"https:\/\/willems-schmidt.eu\/wwft\/#webpage\",\"url\":\"https:\/\/willems-schmidt.eu\/wwft\/\",\"name\":\"Sorgfaltshinweise NL anti Terror und Geldw\\u00e4schegesetz - Willems Advocaten &amp; Rechtsanw\\u00e4lte\",\"isPartOf\":{\"@id\":\"https:\/\/willems-schmidt.eu\/#website\"},\"datePublished\":\"2018-01-08T12:30:23+00:00\",\"dateModified\":\"2023-04-26T15:23:20+00:00\",\"description\":\"Das Gesetz zur Verh\\u00fctung von Geldw\\u00e4sche und Terrorismusfinanzierung (Wwft) enth\\u00e4lt eine Reihe von Verpflichtungen f\\u00fcr Anw\\u00e4lte. WILLEMS SCHMIDT Advocaten & Rechtsanw\\u00e4lte N.V. erachtet es als wichtig, auf ihre Beziehungen zu diesen Verpflichtungen und deren Folgen hinzuweisen.Die wichtigste Verpflichtung, die sich aus der Wwft ergibt, ist die Verpflichtung des Anwalts, der niederl\\u00e4ndischen Financial Intelligence Unit ungew\\u00f6hnliche Transaktionen zu melden. Ziel der Wwft ist die Wahrung der Integrit\\u00e4t des Finanzsystems durch die Bek\\u00e4mpfung von Geldw\\u00e4sche und (Finanzierung von) Terrorismus. In dem (Ausnahmefall), dass WILLEMS SCHMIDT Advocaten & Rechtsanw\\u00e4lte der Meinung ist, dass eine ungew\\u00f6hnliche Transaktion gemeldet werden sollte, kann und darf WILLEMS SCHMIDT den Kunden oder eine andere Beziehung nicht dar\\u00fcber informieren. Eine zweite wichtige Verpflichtung ist die Identifizierung und \\u00dcberpr\\u00fcfung der Kunden. Anw\\u00e4lte m\\u00fcssen den Mandanten immer identifizieren und seine Identit\\u00e4t \\u00fcberpr\\u00fcfen, bevor sie Rechtsbeistand leisten, beispielsweise beim Kauf oder Verkauf von Immobilien oder anderen eingetragenen Immobilien. Verwaltung von Geld, Wertpapieren, M\\u00fcnzen, Banknoten, Edelmetallen, Edelsteinen oder anderen Werten; die Gr\\u00fcndung oder F\\u00fchrung von Unternehmen, juristischen Personen oder \\u00e4hnlichen Einrichtungen; den Kauf oder Verkauf von Anteilen oder den vollst\\u00e4ndigen oder teilweisen Kauf oder Verkauf oder die \\u00dcbernahme von Unternehmen, Personengesellschaften, juristischen Personen oder \\u00e4hnlichen K\\u00f6rperschaften; Steuert\\u00e4tigkeiten; Begr\\u00fcndung eines Hypothekenrechts auf ein Grundst\\u00fcck; und wenn sie im Auftrag und f\\u00fcr Rechnung eines Kunden bei Finanz- oder Immobilientransaktionen handeln. Eine ausreichende Identifizierung ist eine Voraussetzung f\\u00fcr die Erbringung von Rechtsdienstleistungen durch WILLEMS SCHMIDT Advocaten & Rechtsanw\\u00e4lte N.V.\",\"breadcrumb\":{\"@id\":\"https:\/\/willems-schmidt.eu\/wwft\/#breadcrumb\"},\"inLanguage\":\"de\",\"potentialAction\":[{\"@type\":\"ReadAction\",\"target\":[\"https:\/\/willems-schmidt.eu\/wwft\/\"]}]},{\"@type\":\"BreadcrumbList\",\"@id\":\"https:\/\/willems-schmidt.eu\/wwft\/#breadcrumb\",\"itemListElement\":[{\"@type\":\"ListItem\",\"position\":1,\"name\":\"Home\",\"item\":\"https:\/\/willems-schmidt.eu\/de\/home\/\"},{\"@type\":\"ListItem\",\"position\":2,\"name\":\"Sorgfaltshinweise NL anti Terror und Geldw\\u00e4schegesetz\"}]}]}<\/script>\n<!-- \/ Yoast SEO plugin. -->","yoast_head_json":{"title":"Sorgfaltshinweise NL anti Terror und Geldw\u00e4schegesetz - Willems Advocaten &amp; Rechtsanw\u00e4lte","description":"Das Gesetz zur Verh\u00fctung von Geldw\u00e4sche und Terrorismusfinanzierung (Wwft) enth\u00e4lt eine Reihe von Verpflichtungen f\u00fcr Anw\u00e4lte. WILLEMS SCHMIDT Advocaten & Rechtsanw\u00e4lte N.V. erachtet es als wichtig, auf ihre Beziehungen zu diesen Verpflichtungen und deren Folgen hinzuweisen.Die wichtigste Verpflichtung, die sich aus der Wwft ergibt, ist die Verpflichtung des Anwalts, der niederl\u00e4ndischen Financial Intelligence Unit ungew\u00f6hnliche Transaktionen zu melden. Ziel der Wwft ist die Wahrung der Integrit\u00e4t des Finanzsystems durch die Bek\u00e4mpfung von Geldw\u00e4sche und (Finanzierung von) Terrorismus. In dem (Ausnahmefall), dass WILLEMS SCHMIDT Advocaten & Rechtsanw\u00e4lte der Meinung ist, dass eine ungew\u00f6hnliche Transaktion gemeldet werden sollte, kann und darf WILLEMS SCHMIDT den Kunden oder eine andere Beziehung nicht dar\u00fcber informieren. Eine zweite wichtige Verpflichtung ist die Identifizierung und \u00dcberpr\u00fcfung der Kunden. Anw\u00e4lte m\u00fcssen den Mandanten immer identifizieren und seine Identit\u00e4t \u00fcberpr\u00fcfen, bevor sie Rechtsbeistand leisten, beispielsweise beim Kauf oder Verkauf von Immobilien oder anderen eingetragenen Immobilien. Verwaltung von Geld, Wertpapieren, M\u00fcnzen, Banknoten, Edelmetallen, Edelsteinen oder anderen Werten; die Gr\u00fcndung oder F\u00fchrung von Unternehmen, juristischen Personen oder \u00e4hnlichen Einrichtungen; den Kauf oder Verkauf von Anteilen oder den vollst\u00e4ndigen oder teilweisen Kauf oder Verkauf oder die \u00dcbernahme von Unternehmen, Personengesellschaften, juristischen Personen oder \u00e4hnlichen K\u00f6rperschaften; Steuert\u00e4tigkeiten; Begr\u00fcndung eines Hypothekenrechts auf ein Grundst\u00fcck; und wenn sie im Auftrag und f\u00fcr Rechnung eines Kunden bei Finanz- oder Immobilientransaktionen handeln. Eine ausreichende Identifizierung ist eine Voraussetzung f\u00fcr die Erbringung von Rechtsdienstleistungen durch WILLEMS SCHMIDT Advocaten & Rechtsanw\u00e4lte N.V.","robots":{"index":"index","follow":"follow","max-snippet":"max-snippet:-1","max-image-preview":"max-image-preview:large","max-video-preview":"max-video-preview:-1"},"canonical":"https:\/\/willems-schmidt.eu\/de\/wwft\/","og_locale":"de_DE","og_type":"article","og_title":"Sorgfaltshinweise NL anti Terror und Geldw\u00e4schegesetz - Willems Advocaten &amp; Rechtsanw\u00e4lte","og_description":"Das Gesetz zur Verh\u00fctung von Geldw\u00e4sche und Terrorismusfinanzierung (Wwft) enth\u00e4lt eine Reihe von Verpflichtungen f\u00fcr Anw\u00e4lte. WILLEMS SCHMIDT Advocaten & Rechtsanw\u00e4lte N.V. erachtet es als wichtig, auf ihre Beziehungen zu diesen Verpflichtungen und deren Folgen hinzuweisen.Die wichtigste Verpflichtung, die sich aus der Wwft ergibt, ist die Verpflichtung des Anwalts, der niederl\u00e4ndischen Financial Intelligence Unit ungew\u00f6hnliche Transaktionen zu melden. Ziel der Wwft ist die Wahrung der Integrit\u00e4t des Finanzsystems durch die Bek\u00e4mpfung von Geldw\u00e4sche und (Finanzierung von) Terrorismus. In dem (Ausnahmefall), dass WILLEMS SCHMIDT Advocaten & Rechtsanw\u00e4lte der Meinung ist, dass eine ungew\u00f6hnliche Transaktion gemeldet werden sollte, kann und darf WILLEMS SCHMIDT den Kunden oder eine andere Beziehung nicht dar\u00fcber informieren. Eine zweite wichtige Verpflichtung ist die Identifizierung und \u00dcberpr\u00fcfung der Kunden. Anw\u00e4lte m\u00fcssen den Mandanten immer identifizieren und seine Identit\u00e4t \u00fcberpr\u00fcfen, bevor sie Rechtsbeistand leisten, beispielsweise beim Kauf oder Verkauf von Immobilien oder anderen eingetragenen Immobilien. Verwaltung von Geld, Wertpapieren, M\u00fcnzen, Banknoten, Edelmetallen, Edelsteinen oder anderen Werten; die Gr\u00fcndung oder F\u00fchrung von Unternehmen, juristischen Personen oder \u00e4hnlichen Einrichtungen; den Kauf oder Verkauf von Anteilen oder den vollst\u00e4ndigen oder teilweisen Kauf oder Verkauf oder die \u00dcbernahme von Unternehmen, Personengesellschaften, juristischen Personen oder \u00e4hnlichen K\u00f6rperschaften; Steuert\u00e4tigkeiten; Begr\u00fcndung eines Hypothekenrechts auf ein Grundst\u00fcck; und wenn sie im Auftrag und f\u00fcr Rechnung eines Kunden bei Finanz- oder Immobilientransaktionen handeln. Eine ausreichende Identifizierung ist eine Voraussetzung f\u00fcr die Erbringung von Rechtsdienstleistungen durch WILLEMS SCHMIDT Advocaten & Rechtsanw\u00e4lte N.V.","og_url":"https:\/\/willems-schmidt.eu\/wwft\/","og_site_name":"Willems Advocaten &amp; Rechtsanw\u00e4lte","article_publisher":"https:\/\/www.facebook.com\/willemsadvocaten\/","article_modified_time":"2023-04-26T15:23:20+00:00","twitter_card":"summary_large_image","twitter_site":"@WillemsEU","twitter_misc":{"Gesch\u00e4tzte Lesezeit":"1\u00a0Minute"},"schema":{"@context":"https:\/\/schema.org","@graph":[{"@type":"Organization","@id":"https:\/\/willems-schmidt.eu\/#organization","name":"Willems Advocaten & Rechtsanw\u00e4lte","url":"https:\/\/willems-schmidt.eu\/","sameAs":["https:\/\/www.facebook.com\/willemsadvocaten\/","https:\/\/www.linkedin.com\/company\/294010\/","https:\/\/twitter.com\/WillemsEU"],"logo":{"@type":"ImageObject","@id":"https:\/\/willems-schmidt.eu\/#logo","inLanguage":"de","url":"https:\/\/willems-schmidt.eu\/wp-content\/uploads\/2017\/09\/Tekengebied-1@0.5x.png","contentUrl":"https:\/\/willems-schmidt.eu\/wp-content\/uploads\/2017\/09\/Tekengebied-1@0.5x.png","width":960,"height":960,"caption":"Willems Advocaten & Rechtsanw\u00e4lte"},"image":{"@id":"https:\/\/willems-schmidt.eu\/#logo"}},{"@type":"WebSite","@id":"https:\/\/willems-schmidt.eu\/#website","url":"https:\/\/willems-schmidt.eu\/","name":"Willems Advocaten &amp; Rechtsanw\u00e4lte","description":"Willems Advocaten &amp; Rechtsanw\u00e4lte","publisher":{"@id":"https:\/\/willems-schmidt.eu\/#organization"},"potentialAction":[{"@type":"SearchAction","target":{"@type":"EntryPoint","urlTemplate":"https:\/\/willems-schmidt.eu\/?s={search_term_string}"},"query-input":"required name=search_term_string"}],"inLanguage":"de"},{"@type":"WebPage","@id":"https:\/\/willems-schmidt.eu\/wwft\/#webpage","url":"https:\/\/willems-schmidt.eu\/wwft\/","name":"Sorgfaltshinweise NL anti Terror und Geldw\u00e4schegesetz - Willems Advocaten &amp; Rechtsanw\u00e4lte","isPartOf":{"@id":"https:\/\/willems-schmidt.eu\/#website"},"datePublished":"2018-01-08T12:30:23+00:00","dateModified":"2023-04-26T15:23:20+00:00","description":"Das Gesetz zur Verh\u00fctung von Geldw\u00e4sche und Terrorismusfinanzierung (Wwft) enth\u00e4lt eine Reihe von Verpflichtungen f\u00fcr Anw\u00e4lte. WILLEMS SCHMIDT Advocaten & Rechtsanw\u00e4lte N.V. erachtet es als wichtig, auf ihre Beziehungen zu diesen Verpflichtungen und deren Folgen hinzuweisen.Die wichtigste Verpflichtung, die sich aus der Wwft ergibt, ist die Verpflichtung des Anwalts, der niederl\u00e4ndischen Financial Intelligence Unit ungew\u00f6hnliche Transaktionen zu melden. Ziel der Wwft ist die Wahrung der Integrit\u00e4t des Finanzsystems durch die Bek\u00e4mpfung von Geldw\u00e4sche und (Finanzierung von) Terrorismus. In dem (Ausnahmefall), dass WILLEMS SCHMIDT Advocaten & Rechtsanw\u00e4lte der Meinung ist, dass eine ungew\u00f6hnliche Transaktion gemeldet werden sollte, kann und darf WILLEMS SCHMIDT den Kunden oder eine andere Beziehung nicht dar\u00fcber informieren. Eine zweite wichtige Verpflichtung ist die Identifizierung und \u00dcberpr\u00fcfung der Kunden. Anw\u00e4lte m\u00fcssen den Mandanten immer identifizieren und seine Identit\u00e4t \u00fcberpr\u00fcfen, bevor sie Rechtsbeistand leisten, beispielsweise beim Kauf oder Verkauf von Immobilien oder anderen eingetragenen Immobilien. Verwaltung von Geld, Wertpapieren, M\u00fcnzen, Banknoten, Edelmetallen, Edelsteinen oder anderen Werten; die Gr\u00fcndung oder F\u00fchrung von Unternehmen, juristischen Personen oder \u00e4hnlichen Einrichtungen; den Kauf oder Verkauf von Anteilen oder den vollst\u00e4ndigen oder teilweisen Kauf oder Verkauf oder die \u00dcbernahme von Unternehmen, Personengesellschaften, juristischen Personen oder \u00e4hnlichen K\u00f6rperschaften; Steuert\u00e4tigkeiten; Begr\u00fcndung eines Hypothekenrechts auf ein Grundst\u00fcck; und wenn sie im Auftrag und f\u00fcr Rechnung eines Kunden bei Finanz- oder Immobilientransaktionen handeln. Eine ausreichende Identifizierung ist eine Voraussetzung f\u00fcr die Erbringung von Rechtsdienstleistungen durch WILLEMS SCHMIDT Advocaten & Rechtsanw\u00e4lte N.V.","breadcrumb":{"@id":"https:\/\/willems-schmidt.eu\/wwft\/#breadcrumb"},"inLanguage":"de","potentialAction":[{"@type":"ReadAction","target":["https:\/\/willems-schmidt.eu\/wwft\/"]}]},{"@type":"BreadcrumbList","@id":"https:\/\/willems-schmidt.eu\/wwft\/#breadcrumb","itemListElement":[{"@type":"ListItem","position":1,"name":"Home","item":"https:\/\/willems-schmidt.eu\/de\/home\/"},{"@type":"ListItem","position":2,"name":"Sorgfaltshinweise NL anti Terror und Geldw\u00e4schegesetz"}]}]}},"_links":{"self":[{"href":"https:\/\/willems-schmidt.eu\/de\/wp-json\/wp\/v2\/pages\/804"}],"collection":[{"href":"https:\/\/willems-schmidt.eu\/de\/wp-json\/wp\/v2\/pages"}],"about":[{"href":"https:\/\/willems-schmidt.eu\/de\/wp-json\/wp\/v2\/types\/page"}],"author":[{"embeddable":true,"href":"https:\/\/willems-schmidt.eu\/de\/wp-json\/wp\/v2\/users\/1"}],"replies":[{"embeddable":true,"href":"https:\/\/willems-schmidt.eu\/de\/wp-json\/wp\/v2\/comments?post=804"}],"version-history":[{"count":3,"href":"https:\/\/willems-schmidt.eu\/de\/wp-json\/wp\/v2\/pages\/804\/revisions"}],"predecessor-version":[{"id":2868,"href":"https:\/\/willems-schmidt.eu\/de\/wp-json\/wp\/v2\/pages\/804\/revisions\/2868"}],"wp:attachment":[{"href":"https:\/\/willems-schmidt.eu\/de\/wp-json\/wp\/v2\/media?parent=804"}],"curies":[{"name":"wp","href":"https:\/\/api.w.org\/{rel}","templated":true}]}}