{"id":1089,"date":"2018-03-06T19:59:05","date_gmt":"2018-03-06T19:59:05","guid":{"rendered":"https:\/\/willems-schmidt.eu\/vacatures\/"},"modified":"2023-04-26T11:47:05","modified_gmt":"2023-04-26T11:47:05","slug":"vacatures","status":"publish","type":"page","link":"https:\/\/willems-schmidt.eu\/en\/vacatures\/","title":{"rendered":"Vacatures"},"content":{"rendered":"<div id=\"cs-content\" class=\"cs-content\"><div id=\"x-section-1\" class=\"x-section\" style=\"margin: 0px;padding: 0% 0px 10%; background-color: transparent;\" ><div id=\"\" class=\"x-container max width\" style=\"margin: 0px auto;padding: 0px;\" ><div  class=\"x-column x-sm x-1-1\" style=\"padding: 0px 0px 50px;\" ><h1  class=\"h-custom-headline cs-ta-center h1 accent\" ><span>Vacatures<\/span><\/h1><\/div><\/div><div id=\"\" class=\"x-container max width\" style=\"margin: 0px auto;padding: 0px;\" ><div  class=\"x-column x-sm x-1-2\" style=\"padding: 0px;\" ><h2  class=\"h-custom-headline man h2\" style=\"font-size: 2.5em;\"><span>Zelfstandige Advocaten<\/span><\/h2><div id=\"\" class=\"x-text\" style=\"margin: 0.5em 0 2em; font-size: 1.5em;\" ><p class=\"man\">WILLEMS SCHMIDT Advocaten &amp; Rechtsanw\u00e4lte N.V. is op zoek naar zelfstandig werkende advocaten om op basis van kostendeling zowel de eigen als een gezamenlijke praktijk uit te oefenen en uit te breiden vanuit ons kantoor in Amsterdam.<\/p>\n<\/div><h3  class=\"h-custom-headline h5\" style=\"margin: 0 0 0.75em; border-bottom: 1px solid rgba(0, 0, 0, 0.125); padding: 0 0 0.75em; font-size: 1em; letter-spacing: 0.05em; text-transform: uppercase;\"><span>Interesse?<\/span><\/h3><div id=\"\" class=\"x-text\" style=\"\" ><p>Voor aanvullende informatie over deze positie kan contact worden opgenomen met de heer mr. J.F.M.J. Mathijsen via 020 833 0 833 of per mail via hans.mathijsen@willems-schmidt.eu<\/p>\n<\/div><\/div><div  class=\"x-column x-sm x-1-2\" style=\"padding: 0px;\" ><h3  class=\"h-custom-headline h5\" style=\"margin: 0 0 0.75em; border-bottom: 1px solid rgba(0, 0, 0, 0.125); padding: 0 0 0.75em; font-size: 1em; letter-spacing: 0.05em; text-transform: uppercase;\"><span>Meer informatie<\/span><\/h3><ul  class=\"x-block-grid mbn two-up\" ><li  class=\"x-block-grid-item\" >\n<h4 style=\"margin: 0 0 0.35em; font-size: 1em; letter-spacing: 0.05em; line-height: 1;\">Wie ben jij?<\/h4>\n<p class=\"man\">Jij bent een enthousiaste advocaat (m\/v) die zijn of haar eigen praktijk wenst voort te zetten dan wel wenst op te bouwen binnen ons kantoor. Wij zijn bij voorkeur, maar niet uitsluitend, op zoek naar advocaten die werkzaam zijn op het gebied van het arbeidsrecht, personen- en familierecht en\/of een ander specifiek onderdeel van de civiele praktijk.<\/p>\n<\/li><li  class=\"x-block-grid-item\" >\n<h4 style=\"margin: 0 0 0.35em; font-size: 1em; letter-spacing: 0.05em; line-height: 1;\">Wie zijn wij?<\/h4>\n<p class=\"man\">WILLEMS SCHMIDT Advocaten &amp; Rechtsanw\u00e4lte is een advocatenkantoor met een commerci\u00eble praktijk. Het kantoor, opgericht in 1948, is present in Amsterdam en D\u00fcsseldorf. Een van de Amsterdamse advocaten is toegelaten tot de balie in Duitsland, waar, in samenwerking met de aan ons kantoor verbonden Duitse advocaten, naar Duits recht wordt geadviseerd en geprocedeerd. WILLEMS SCHMIDT Advocaten &amp; Rechtsanw\u00e4lte werk naast haar vaste kern binnen een samenwerkingsverband met zelfstandig gevestigde advocaten. Vanwege de lange geschiedenis van het kantoor bestaat de praktijk uit een verscheidenheid aan cli\u00ebnten en zaken op een groot aantal rechtsgebieden. De praktijk van Willems Advocaten richt zich in het bijzonder op (internationaal en grensoverschrijdend)contractenrecht, handelsrecht, ondernemingsrecht, bestuursrecht en IE-recht.<\/p>\n<p>WILLEMS SCHMIDT\u00a0Advocaten &amp; Rechtsanw\u00e4lte wenst haar vaste kern, en daarmee haar vaste aanbod, uit te breiden met enthousiaste en kundige advocaten.<\/p>\n<\/li><\/ul><\/div><\/div><\/div><\/div>\n","protected":false},"excerpt":{"rendered":"","protected":false},"author":1,"featured_media":0,"parent":0,"menu_order":0,"comment_status":"closed","ping_status":"closed","template":"template-blank-4.php","meta":{"ub_ctt_via":""},"featured_image_src":null,"yoast_head":"<!-- This site is optimized with the Yoast SEO plugin v17.0 - https:\/\/yoast.com\/wordpress\/plugins\/seo\/ -->\n<title>Vacatures - Willems Schmidt Advocaten &amp; Rechtsanw\u00e4lte<\/title>\n<meta name=\"description\" content=\"Our office is ready to expand! Together we are strong and know more, which is why we are looking for a lawyer who wants to join us.\" \/>\n<meta name=\"robots\" content=\"index, follow, max-snippet:-1, max-image-preview:large, max-video-preview:-1\" \/>\n<link rel=\"canonical\" href=\"https:\/\/willems-schmidt.eu\/en\/vacatures\/\" \/>\n<meta property=\"og:locale\" content=\"en_US\" \/>\n<meta property=\"og:type\" content=\"article\" \/>\n<meta property=\"og:title\" content=\"Vacatures - Willems Schmidt Advocaten &amp; Rechtsanw\u00e4lte\" \/>\n<meta property=\"og:description\" content=\"Our office is ready to expand! Together we are strong and know more, which is why we are looking for a lawyer who wants to join us.\" \/>\n<meta property=\"og:url\" content=\"https:\/\/willems-schmidt.eu\/en\/vacatures\/\" \/>\n<meta property=\"og:site_name\" content=\"Willems Schmidt Advocaten &amp; Rechtsanw\u00e4lte\" \/>\n<meta property=\"article:publisher\" content=\"https:\/\/www.facebook.com\/willemsadvocaten\/\" \/>\n<meta property=\"article:modified_time\" content=\"2023-04-26T11:47:05+00:00\" \/>\n<meta name=\"twitter:card\" content=\"summary_large_image\" \/>\n<meta name=\"twitter:site\" content=\"@WillemsEU\" \/>\n<meta name=\"twitter:label1\" content=\"Est. reading time\" \/>\n\t<meta name=\"twitter:data1\" content=\"3 minutes\" \/>\n<script type=\"application\/ld+json\" class=\"yoast-schema-graph\">{\"@context\":\"https:\/\/schema.org\",\"@graph\":[{\"@type\":\"Organization\",\"@id\":\"https:\/\/willems-schmidt.eu\/#organization\",\"name\":\"Willems Advocaten & Rechtsanw\\u00e4lte\",\"url\":\"https:\/\/willems-schmidt.eu\/\",\"sameAs\":[\"https:\/\/www.facebook.com\/willemsadvocaten\/\",\"https:\/\/www.linkedin.com\/company\/294010\/\",\"https:\/\/twitter.com\/WillemsEU\"],\"logo\":{\"@type\":\"ImageObject\",\"@id\":\"https:\/\/willems-schmidt.eu\/#logo\",\"inLanguage\":\"en-US\",\"url\":\"https:\/\/willems-schmidt.eu\/wp-content\/uploads\/2017\/09\/Tekengebied-1@0.5x.png\",\"contentUrl\":\"https:\/\/willems-schmidt.eu\/wp-content\/uploads\/2017\/09\/Tekengebied-1@0.5x.png\",\"width\":960,\"height\":960,\"caption\":\"Willems Advocaten & Rechtsanw\\u00e4lte\"},\"image\":{\"@id\":\"https:\/\/willems-schmidt.eu\/#logo\"}},{\"@type\":\"WebSite\",\"@id\":\"https:\/\/willems-schmidt.eu\/#website\",\"url\":\"https:\/\/willems-schmidt.eu\/\",\"name\":\"Willems Advocaten &amp; Rechtsanw\\u00e4lte\",\"description\":\"Willems Schmidt Advocaten &amp; Rechtsanw\\u00e4lte\",\"publisher\":{\"@id\":\"https:\/\/willems-schmidt.eu\/#organization\"},\"potentialAction\":[{\"@type\":\"SearchAction\",\"target\":{\"@type\":\"EntryPoint\",\"urlTemplate\":\"https:\/\/willems-schmidt.eu\/?s={search_term_string}\"},\"query-input\":\"required name=search_term_string\"}],\"inLanguage\":\"en-US\"},{\"@type\":\"WebPage\",\"@id\":\"https:\/\/willems-schmidt.eu\/en\/vacatures\/#webpage\",\"url\":\"https:\/\/willems-schmidt.eu\/en\/vacatures\/\",\"name\":\"Vacatures - Willems Schmidt Advocaten &amp; Rechtsanw\\u00e4lte\",\"isPartOf\":{\"@id\":\"https:\/\/willems-schmidt.eu\/#website\"},\"datePublished\":\"2018-03-06T19:59:05+00:00\",\"dateModified\":\"2023-04-26T11:47:05+00:00\",\"description\":\"Our office is ready to expand! Together we are strong and know more, which is why we are looking for a lawyer who wants to join us.\",\"breadcrumb\":{\"@id\":\"https:\/\/willems-schmidt.eu\/en\/vacatures\/#breadcrumb\"},\"inLanguage\":\"en-US\",\"potentialAction\":[{\"@type\":\"ReadAction\",\"target\":[\"https:\/\/willems-schmidt.eu\/en\/vacatures\/\"]}]},{\"@type\":\"BreadcrumbList\",\"@id\":\"https:\/\/willems-schmidt.eu\/en\/vacatures\/#breadcrumb\",\"itemListElement\":[{\"@type\":\"ListItem\",\"position\":1,\"name\":\"Home\",\"item\":\"https:\/\/willems-schmidt.eu\/en\/home\/\"},{\"@type\":\"ListItem\",\"position\":2,\"name\":\"Vacatures\"}]}]}<\/script>\n<!-- \/ Yoast SEO plugin. -->","yoast_head_json":{"title":"Vacatures - Willems Schmidt Advocaten &amp; Rechtsanw\u00e4lte","description":"Our office is ready to expand! Together we are strong and know more, which is why we are looking for a lawyer who wants to join us.","robots":{"index":"index","follow":"follow","max-snippet":"max-snippet:-1","max-image-preview":"max-image-preview:large","max-video-preview":"max-video-preview:-1"},"canonical":"https:\/\/willems-schmidt.eu\/en\/vacatures\/","og_locale":"en_US","og_type":"article","og_title":"Vacatures - Willems Schmidt Advocaten &amp; Rechtsanw\u00e4lte","og_description":"Our office is ready to expand! Together we are strong and know more, which is why we are looking for a lawyer who wants to join us.","og_url":"https:\/\/willems-schmidt.eu\/en\/vacatures\/","og_site_name":"Willems Schmidt Advocaten &amp; Rechtsanw\u00e4lte","article_publisher":"https:\/\/www.facebook.com\/willemsadvocaten\/","article_modified_time":"2023-04-26T11:47:05+00:00","twitter_card":"summary_large_image","twitter_site":"@WillemsEU","twitter_misc":{"Est. reading time":"3 minutes"},"schema":{"@context":"https:\/\/schema.org","@graph":[{"@type":"Organization","@id":"https:\/\/willems-schmidt.eu\/#organization","name":"Willems Advocaten & Rechtsanw\u00e4lte","url":"https:\/\/willems-schmidt.eu\/","sameAs":["https:\/\/www.facebook.com\/willemsadvocaten\/","https:\/\/www.linkedin.com\/company\/294010\/","https:\/\/twitter.com\/WillemsEU"],"logo":{"@type":"ImageObject","@id":"https:\/\/willems-schmidt.eu\/#logo","inLanguage":"en-US","url":"https:\/\/willems-schmidt.eu\/wp-content\/uploads\/2017\/09\/Tekengebied-1@0.5x.png","contentUrl":"https:\/\/willems-schmidt.eu\/wp-content\/uploads\/2017\/09\/Tekengebied-1@0.5x.png","width":960,"height":960,"caption":"Willems Advocaten & Rechtsanw\u00e4lte"},"image":{"@id":"https:\/\/willems-schmidt.eu\/#logo"}},{"@type":"WebSite","@id":"https:\/\/willems-schmidt.eu\/#website","url":"https:\/\/willems-schmidt.eu\/","name":"Willems Advocaten &amp; Rechtsanw\u00e4lte","description":"Willems Schmidt Advocaten &amp; Rechtsanw\u00e4lte","publisher":{"@id":"https:\/\/willems-schmidt.eu\/#organization"},"potentialAction":[{"@type":"SearchAction","target":{"@type":"EntryPoint","urlTemplate":"https:\/\/willems-schmidt.eu\/?s={search_term_string}"},"query-input":"required name=search_term_string"}],"inLanguage":"en-US"},{"@type":"WebPage","@id":"https:\/\/willems-schmidt.eu\/en\/vacatures\/#webpage","url":"https:\/\/willems-schmidt.eu\/en\/vacatures\/","name":"Vacatures - Willems Schmidt Advocaten &amp; Rechtsanw\u00e4lte","isPartOf":{"@id":"https:\/\/willems-schmidt.eu\/#website"},"datePublished":"2018-03-06T19:59:05+00:00","dateModified":"2023-04-26T11:47:05+00:00","description":"Our office is ready to expand! Together we are strong and know more, which is why we are looking for a lawyer who wants to join us.","breadcrumb":{"@id":"https:\/\/willems-schmidt.eu\/en\/vacatures\/#breadcrumb"},"inLanguage":"en-US","potentialAction":[{"@type":"ReadAction","target":["https:\/\/willems-schmidt.eu\/en\/vacatures\/"]}]},{"@type":"BreadcrumbList","@id":"https:\/\/willems-schmidt.eu\/en\/vacatures\/#breadcrumb","itemListElement":[{"@type":"ListItem","position":1,"name":"Home","item":"https:\/\/willems-schmidt.eu\/en\/home\/"},{"@type":"ListItem","position":2,"name":"Vacatures"}]}]}},"_links":{"self":[{"href":"https:\/\/willems-schmidt.eu\/en\/wp-json\/wp\/v2\/pages\/1089"}],"collection":[{"href":"https:\/\/willems-schmidt.eu\/en\/wp-json\/wp\/v2\/pages"}],"about":[{"href":"https:\/\/willems-schmidt.eu\/en\/wp-json\/wp\/v2\/types\/page"}],"author":[{"embeddable":true,"href":"https:\/\/willems-schmidt.eu\/en\/wp-json\/wp\/v2\/users\/1"}],"replies":[{"embeddable":true,"href":"https:\/\/willems-schmidt.eu\/en\/wp-json\/wp\/v2\/comments?post=1089"}],"version-history":[{"count":6,"href":"https:\/\/willems-schmidt.eu\/en\/wp-json\/wp\/v2\/pages\/1089\/revisions"}],"predecessor-version":[{"id":2824,"href":"https:\/\/willems-schmidt.eu\/en\/wp-json\/wp\/v2\/pages\/1089\/revisions\/2824"}],"wp:attachment":[{"href":"https:\/\/willems-schmidt.eu\/en\/wp-json\/wp\/v2\/media?parent=1089"}],"curies":[{"name":"wp","href":"https:\/\/api.w.org\/{rel}","templated":true}]}}