{"id":862,"date":"2018-01-16T14:05:32","date_gmt":"2018-01-16T14:05:32","guid":{"rendered":"https:\/\/willems-schmidt.eu\/ralf-gernot-bohne\/"},"modified":"2023-03-13T11:54:23","modified_gmt":"2023-03-13T11:54:23","slug":"ralf-gernot-bohne","status":"publish","type":"page","link":"https:\/\/willems-schmidt.eu\/en\/professionals\/ralf-gernot-bohne\/","title":{"rendered":"Ralf-Gernot B\u00f6hne"},"content":{"rendered":"<p><strong><img loading=\"lazy\" class=\"\" src=\"https:\/\/willems-schmidt.eu\/wp-content\/uploads\/2023\/03\/foto-Ralf-Gernot-Bohne-2022-website.jpg\" width=\"132\" height=\"176\" \/><\/strong><\/p>\n<p><strong>Phone:<\/strong><br \/>\n<a href=\"tel:+31 (0)20 833 0 833\">+31 (0)20 833 0 833<\/a><\/p>\n<p><strong>Fax:<\/strong><br \/>\n+31 (0)20 833 0 834<\/p>\n<p><strong>E-mail:<\/strong><br \/>\n<a href=\"mailto:ralfgernot.boehne@willems.eu\">ralfgernot.boehne@willems.eu<\/a><\/p>\n<p>Ralf-Gernot B\u00f6hne (1972) has been attached to Willems Advocaten &amp; Rechtsanw\u00e4lte as a Rechtsanwalt (lawyer) since 2002. His specialist fields include international private law and Dutch-German and Belgian-German commerce.<\/p>\n","protected":false},"excerpt":{"rendered":"<p>Phone: +31 (0)20 833 0 833 Fax: +31 (0)20 833 0 834 E-mail: ralfgernot.boehne@willems.eu Ralf-Gernot B\u00f6hne (1972) has been attached to Willems Advocaten &amp; Rechtsanw\u00e4lte as a Rechtsanwalt (lawyer) since 2002. His specialist fields include international private law and Dutch-German and Belgian-German commerce.<\/p>\n","protected":false},"author":1,"featured_media":0,"parent":867,"menu_order":0,"comment_status":"closed","ping_status":"closed","template":"","meta":{"ub_ctt_via":""},"featured_image_src":null,"yoast_head":"<!-- This site is optimized with the Yoast SEO plugin v17.0 - https:\/\/yoast.com\/wordpress\/plugins\/seo\/ -->\n<title>Ralf-Gernot B\u00f6hne - Willems Schmidt Advocaten &amp; Rechtsanw\u00e4lte<\/title>\n<meta name=\"description\" content=\"Ralf-Gernot B\u00f6hne (1972) has assisted Werner Kordt as Rechtsanw\u00e4lt at Willems advocaten &amp; Rechtsanw\u00e4lte since 2002. His points of interest include private international law and Dutch and Belgian-German trade.\" \/>\n<meta name=\"robots\" content=\"index, follow, max-snippet:-1, max-image-preview:large, max-video-preview:-1\" \/>\n<link rel=\"canonical\" href=\"https:\/\/willems-schmidt.eu\/en\/professionals\/ralf-gernot-bohne\/\" \/>\n<meta property=\"og:locale\" content=\"en_US\" \/>\n<meta property=\"og:type\" content=\"article\" \/>\n<meta property=\"og:title\" content=\"Ralf-Gernot B\u00f6hne - Willems Schmidt Advocaten &amp; Rechtsanw\u00e4lte\" \/>\n<meta property=\"og:description\" content=\"Ralf-Gernot B\u00f6hne (1972) has assisted Werner Kordt as Rechtsanw\u00e4lt at Willems advocaten &amp; Rechtsanw\u00e4lte since 2002. His points of interest include private international law and Dutch and Belgian-German trade.\" \/>\n<meta property=\"og:url\" content=\"https:\/\/willems-schmidt.eu\/professionals\/ralf-gernot-bohne\/\" \/>\n<meta property=\"og:site_name\" content=\"Willems Schmidt Advocaten &amp; Rechtsanw\u00e4lte\" \/>\n<meta property=\"article:publisher\" content=\"https:\/\/www.facebook.com\/willemsadvocaten\/\" \/>\n<meta property=\"article:modified_time\" content=\"2023-03-13T11:54:23+00:00\" \/>\n<meta property=\"og:image\" content=\"https:\/\/willems-schmidt.eu\/wp-content\/uploads\/2023\/03\/foto-Ralf-Gernot-Bohne-2022-website.jpg\" \/>\n<meta name=\"twitter:card\" content=\"summary_large_image\" \/>\n<meta name=\"twitter:site\" content=\"@WillemsEU\" \/>\n<script type=\"application\/ld+json\" class=\"yoast-schema-graph\">{\"@context\":\"https:\/\/schema.org\",\"@graph\":[{\"@type\":\"Organization\",\"@id\":\"https:\/\/willems-schmidt.eu\/#organization\",\"name\":\"Willems Advocaten & Rechtsanw\\u00e4lte\",\"url\":\"https:\/\/willems-schmidt.eu\/\",\"sameAs\":[\"https:\/\/www.facebook.com\/willemsadvocaten\/\",\"https:\/\/www.linkedin.com\/company\/294010\/\",\"https:\/\/twitter.com\/WillemsEU\"],\"logo\":{\"@type\":\"ImageObject\",\"@id\":\"https:\/\/willems-schmidt.eu\/#logo\",\"inLanguage\":\"en-US\",\"url\":\"https:\/\/willems-schmidt.eu\/wp-content\/uploads\/2017\/09\/Tekengebied-1@0.5x.png\",\"contentUrl\":\"https:\/\/willems-schmidt.eu\/wp-content\/uploads\/2017\/09\/Tekengebied-1@0.5x.png\",\"width\":960,\"height\":960,\"caption\":\"Willems Advocaten & Rechtsanw\\u00e4lte\"},\"image\":{\"@id\":\"https:\/\/willems-schmidt.eu\/#logo\"}},{\"@type\":\"WebSite\",\"@id\":\"https:\/\/willems-schmidt.eu\/#website\",\"url\":\"https:\/\/willems-schmidt.eu\/\",\"name\":\"Willems Advocaten &amp; Rechtsanw\\u00e4lte\",\"description\":\"Willems Schmidt Advocaten &amp; Rechtsanw\\u00e4lte\",\"publisher\":{\"@id\":\"https:\/\/willems-schmidt.eu\/#organization\"},\"potentialAction\":[{\"@type\":\"SearchAction\",\"target\":{\"@type\":\"EntryPoint\",\"urlTemplate\":\"https:\/\/willems-schmidt.eu\/?s={search_term_string}\"},\"query-input\":\"required name=search_term_string\"}],\"inLanguage\":\"en-US\"},{\"@type\":\"ImageObject\",\"@id\":\"https:\/\/willems-schmidt.eu\/professionals\/ralf-gernot-bohne\/#primaryimage\",\"inLanguage\":\"en-US\",\"url\":\"https:\/\/willems-schmidt.eu\/wp-content\/uploads\/2023\/03\/foto-Ralf-Gernot-Bohne-2022-website.jpg\",\"contentUrl\":\"https:\/\/willems-schmidt.eu\/wp-content\/uploads\/2023\/03\/foto-Ralf-Gernot-Bohne-2022-website.jpg\",\"width\":1127,\"height\":1503,\"caption\":\"Ralf Gernot B\\u00f6hne Rechtsanwalt\"},{\"@type\":\"WebPage\",\"@id\":\"https:\/\/willems-schmidt.eu\/professionals\/ralf-gernot-bohne\/#webpage\",\"url\":\"https:\/\/willems-schmidt.eu\/professionals\/ralf-gernot-bohne\/\",\"name\":\"Ralf-Gernot B\\u00f6hne - Willems Schmidt Advocaten &amp; Rechtsanw\\u00e4lte\",\"isPartOf\":{\"@id\":\"https:\/\/willems-schmidt.eu\/#website\"},\"primaryImageOfPage\":{\"@id\":\"https:\/\/willems-schmidt.eu\/professionals\/ralf-gernot-bohne\/#primaryimage\"},\"datePublished\":\"2018-01-16T14:05:32+00:00\",\"dateModified\":\"2023-03-13T11:54:23+00:00\",\"description\":\"Ralf-Gernot B\\u00f6hne (1972) has assisted Werner Kordt as Rechtsanw\\u00e4lt at Willems advocaten & Rechtsanw\\u00e4lte since 2002. His points of interest include private international law and Dutch and Belgian-German trade.\",\"breadcrumb\":{\"@id\":\"https:\/\/willems-schmidt.eu\/professionals\/ralf-gernot-bohne\/#breadcrumb\"},\"inLanguage\":\"en-US\",\"potentialAction\":[{\"@type\":\"ReadAction\",\"target\":[\"https:\/\/willems-schmidt.eu\/professionals\/ralf-gernot-bohne\/\"]}]},{\"@type\":\"BreadcrumbList\",\"@id\":\"https:\/\/willems-schmidt.eu\/professionals\/ralf-gernot-bohne\/#breadcrumb\",\"itemListElement\":[{\"@type\":\"ListItem\",\"position\":1,\"name\":\"Home\",\"item\":\"https:\/\/willems-schmidt.eu\/en\/home\/\"},{\"@type\":\"ListItem\",\"position\":2,\"name\":\"Team\",\"item\":\"https:\/\/willems-schmidt.eu\/en\/professionals\/\"},{\"@type\":\"ListItem\",\"position\":3,\"name\":\"Ralf-Gernot B\\u00f6hne\"}]}]}<\/script>\n<!-- \/ Yoast SEO plugin. -->","yoast_head_json":{"title":"Ralf-Gernot B\u00f6hne - Willems Schmidt Advocaten &amp; Rechtsanw\u00e4lte","description":"Ralf-Gernot B\u00f6hne (1972) has assisted Werner Kordt as Rechtsanw\u00e4lt at Willems advocaten & Rechtsanw\u00e4lte since 2002. His points of interest include private international law and Dutch and Belgian-German trade.","robots":{"index":"index","follow":"follow","max-snippet":"max-snippet:-1","max-image-preview":"max-image-preview:large","max-video-preview":"max-video-preview:-1"},"canonical":"https:\/\/willems-schmidt.eu\/en\/professionals\/ralf-gernot-bohne\/","og_locale":"en_US","og_type":"article","og_title":"Ralf-Gernot B\u00f6hne - Willems Schmidt Advocaten &amp; Rechtsanw\u00e4lte","og_description":"Ralf-Gernot B\u00f6hne (1972) has assisted Werner Kordt as Rechtsanw\u00e4lt at Willems advocaten & Rechtsanw\u00e4lte since 2002. His points of interest include private international law and Dutch and Belgian-German trade.","og_url":"https:\/\/willems-schmidt.eu\/professionals\/ralf-gernot-bohne\/","og_site_name":"Willems Schmidt Advocaten &amp; Rechtsanw\u00e4lte","article_publisher":"https:\/\/www.facebook.com\/willemsadvocaten\/","article_modified_time":"2023-03-13T11:54:23+00:00","og_image":[{"url":"https:\/\/willems-schmidt.eu\/wp-content\/uploads\/2023\/03\/foto-Ralf-Gernot-Bohne-2022-website.jpg"}],"twitter_card":"summary_large_image","twitter_site":"@WillemsEU","schema":{"@context":"https:\/\/schema.org","@graph":[{"@type":"Organization","@id":"https:\/\/willems-schmidt.eu\/#organization","name":"Willems Advocaten & Rechtsanw\u00e4lte","url":"https:\/\/willems-schmidt.eu\/","sameAs":["https:\/\/www.facebook.com\/willemsadvocaten\/","https:\/\/www.linkedin.com\/company\/294010\/","https:\/\/twitter.com\/WillemsEU"],"logo":{"@type":"ImageObject","@id":"https:\/\/willems-schmidt.eu\/#logo","inLanguage":"en-US","url":"https:\/\/willems-schmidt.eu\/wp-content\/uploads\/2017\/09\/Tekengebied-1@0.5x.png","contentUrl":"https:\/\/willems-schmidt.eu\/wp-content\/uploads\/2017\/09\/Tekengebied-1@0.5x.png","width":960,"height":960,"caption":"Willems Advocaten & Rechtsanw\u00e4lte"},"image":{"@id":"https:\/\/willems-schmidt.eu\/#logo"}},{"@type":"WebSite","@id":"https:\/\/willems-schmidt.eu\/#website","url":"https:\/\/willems-schmidt.eu\/","name":"Willems Advocaten &amp; Rechtsanw\u00e4lte","description":"Willems Schmidt Advocaten &amp; Rechtsanw\u00e4lte","publisher":{"@id":"https:\/\/willems-schmidt.eu\/#organization"},"potentialAction":[{"@type":"SearchAction","target":{"@type":"EntryPoint","urlTemplate":"https:\/\/willems-schmidt.eu\/?s={search_term_string}"},"query-input":"required name=search_term_string"}],"inLanguage":"en-US"},{"@type":"ImageObject","@id":"https:\/\/willems-schmidt.eu\/professionals\/ralf-gernot-bohne\/#primaryimage","inLanguage":"en-US","url":"https:\/\/willems-schmidt.eu\/wp-content\/uploads\/2023\/03\/foto-Ralf-Gernot-Bohne-2022-website.jpg","contentUrl":"https:\/\/willems-schmidt.eu\/wp-content\/uploads\/2023\/03\/foto-Ralf-Gernot-Bohne-2022-website.jpg","width":1127,"height":1503,"caption":"Ralf Gernot B\u00f6hne Rechtsanwalt"},{"@type":"WebPage","@id":"https:\/\/willems-schmidt.eu\/professionals\/ralf-gernot-bohne\/#webpage","url":"https:\/\/willems-schmidt.eu\/professionals\/ralf-gernot-bohne\/","name":"Ralf-Gernot B\u00f6hne - Willems Schmidt Advocaten &amp; Rechtsanw\u00e4lte","isPartOf":{"@id":"https:\/\/willems-schmidt.eu\/#website"},"primaryImageOfPage":{"@id":"https:\/\/willems-schmidt.eu\/professionals\/ralf-gernot-bohne\/#primaryimage"},"datePublished":"2018-01-16T14:05:32+00:00","dateModified":"2023-03-13T11:54:23+00:00","description":"Ralf-Gernot B\u00f6hne (1972) has assisted Werner Kordt as Rechtsanw\u00e4lt at Willems advocaten & Rechtsanw\u00e4lte since 2002. His points of interest include private international law and Dutch and Belgian-German trade.","breadcrumb":{"@id":"https:\/\/willems-schmidt.eu\/professionals\/ralf-gernot-bohne\/#breadcrumb"},"inLanguage":"en-US","potentialAction":[{"@type":"ReadAction","target":["https:\/\/willems-schmidt.eu\/professionals\/ralf-gernot-bohne\/"]}]},{"@type":"BreadcrumbList","@id":"https:\/\/willems-schmidt.eu\/professionals\/ralf-gernot-bohne\/#breadcrumb","itemListElement":[{"@type":"ListItem","position":1,"name":"Home","item":"https:\/\/willems-schmidt.eu\/en\/home\/"},{"@type":"ListItem","position":2,"name":"Team","item":"https:\/\/willems-schmidt.eu\/en\/professionals\/"},{"@type":"ListItem","position":3,"name":"Ralf-Gernot B\u00f6hne"}]}]}},"_links":{"self":[{"href":"https:\/\/willems-schmidt.eu\/en\/wp-json\/wp\/v2\/pages\/862"}],"collection":[{"href":"https:\/\/willems-schmidt.eu\/en\/wp-json\/wp\/v2\/pages"}],"about":[{"href":"https:\/\/willems-schmidt.eu\/en\/wp-json\/wp\/v2\/types\/page"}],"author":[{"embeddable":true,"href":"https:\/\/willems-schmidt.eu\/en\/wp-json\/wp\/v2\/users\/1"}],"replies":[{"embeddable":true,"href":"https:\/\/willems-schmidt.eu\/en\/wp-json\/wp\/v2\/comments?post=862"}],"version-history":[{"count":3,"href":"https:\/\/willems-schmidt.eu\/en\/wp-json\/wp\/v2\/pages\/862\/revisions"}],"predecessor-version":[{"id":2789,"href":"https:\/\/willems-schmidt.eu\/en\/wp-json\/wp\/v2\/pages\/862\/revisions\/2789"}],"up":[{"embeddable":true,"href":"https:\/\/willems-schmidt.eu\/en\/wp-json\/wp\/v2\/pages\/867"}],"wp:attachment":[{"href":"https:\/\/willems-schmidt.eu\/en\/wp-json\/wp\/v2\/media?parent=862"}],"curies":[{"name":"wp","href":"https:\/\/api.w.org\/{rel}","templated":true}]}}